{"id":749225,"date":"2026-04-24T11:17:23","date_gmt":"2026-04-24T08:17:23","guid":{"rendered":"https:\/\/nbg.eu\/product\/eberlestock-wrs-retention-strap\/"},"modified":"2026-04-24T11:58:21","modified_gmt":"2026-04-24T08:58:21","slug":"eberlestock-wrs-retention-strap","status":"publish","type":"product","link":"https:\/\/nbg.eu\/cs\/produkt\/eberlestock-wrs-retention-strap\/","title":{"rendered":"Eberlestock WRS-Retention Strap"},"content":{"rendered":"<h2>Eberlestock WRS-Retention Strap<\/h2>\n<p>Eberlestock WRS Retention Strap je jednoduch\u00fd, ale vysoce \u00fa\u010dinn\u00fd dopln\u011bk navr\u017een\u00fd pro zlep\u0161en\u00ed kontroly a p\u0159izp\u016fsobivosti va\u0161eho nosn\u00e9ho syst\u00e9mu. Tento lehk\u00fd popruh je dostupn\u00fd v n\u011bkolika barevn\u00fdch variant\u00e1ch odpov\u00eddaj\u00edc\u00edch va\u0161emu st\u00e1vaj\u00edc\u00edmu vybaven\u00ed Eberlestock a poskytuje u\u017eivatel\u016fm v\u011bt\u0161\u00ed flexibilitu p\u0159i zaji\u0161t\u011bn\u00ed zbran\u00ed, vybaven\u00ed a p\u0159\u00edslu\u0161enstv\u00ed na MOLLE-kompatibiln\u00edch platform\u00e1ch.<\/p>\n<h3>Kl\u00ed\u010dov\u00e9 vlastnosti<\/h3>\n<ul>\n<li>Univerz\u00e1ln\u00ed MOLLE-kompatibiln\u00ed uchycen\u00ed pro pou\u017eit\u00ed s batohy a p\u0159\u00edslu\u0161enstv\u00edm Eberlestock<\/li>\n<li>Navr\u017een pro zaji\u0161t\u011bn\u00ed zbran\u011b a v\u0161eobecn\u00e9 zaji\u0161t\u011bn\u00ed vybaven\u00ed<\/li>\n<li>N\u00edzk\u00fd profil, kter\u00fd se bezprobl\u00e9mov\u011b integruje se st\u00e1vaj\u00edc\u00edmi sestavami<\/li>\n<li>Funkce rychl\u00e9ho nastaven\u00ed pro rychl\u00e9 nasazen\u00ed a ulo\u017een\u00ed<\/li>\n<li>Dostupn\u00fd v n\u011bkolika barv\u00e1ch: Dry Earth, Military Green, Coyote Brown a Multicam<\/li>\n<li>Kryto celo\u017eivotn\u00ed z\u00e1rukou Eberlestock<\/li>\n<\/ul>\n<h3>Specifikace<\/h3>\n<table>\n<tr>\n<td><strong>SKU<\/strong><\/td>\n<td>WRSME (Dry Earth), WRSMJ (Military Green), WRSMC (Coyote Brown), WRSMM (Multicam)<\/td>\n<\/tr>\n<tr>\n<td><strong>Hmotnost<\/strong><\/td>\n<td>4 oz<\/td>\n<\/tr>\n<tr>\n<td><strong>Kompatibilita<\/strong><\/td>\n<td>MOLLE \/ PALS<\/td>\n<\/tr>\n<tr>\n<td><strong>V\u00fdrobce<\/strong><\/td>\n<td>Eberlestock (Veter\u00e1nsk\u00e1 firma)<\/td>\n<\/tr>\n<\/table>\n","protected":false},"excerpt":{"rendered":"<p>Eberlestock WRS Retention Strap je jednoduch\u00fd, ale vysoce \u00fa\u010dinn\u00fd dopln\u011bk navr\u017een\u00fd pro zlep\u0161en\u00ed kontroly a p\u0159izp\u016fsobivosti va\u0161eho nosn\u00e9ho syst\u00e9mu. Tento lehk\u00fd popruh je dostupn\u00fd v n\u011bkolika barevn\u00fdch variant\u00e1ch odpov\u00eddaj\u00edc\u00edch va\u0161emu st\u00e1vaj\u00edc\u00edmu vybaven\u00ed Eberlestock a poskytuje u\u017eivatel\u016fm v\u011bt\u0161\u00ed flexibilitu p\u0159i zaji\u0161t\u011bn\u00ed zbran\u00ed, vybaven\u00ed a p\u0159\u00edslu\u0161enstv\u00ed na MOLLE-kompatibiln\u00edch platform\u00e1ch.<\/p>\n","protected":false},"featured_media":749226,"template":"","meta":{"_acf_changed":false},"product_brand":[15137],"product_cat":[12717],"product_tag":[],"class_list":{"0":"post-749225","1":"product","2":"type-product","3":"status-publish","4":"has-post-thumbnail","6":"product_brand-eberlestock","7":"product_cat-vybava","9":"first","10":"outofstock","11":"taxable","12":"shipping-taxable","13":"purchasable","14":"product-type-variable","15":"wvs-archive-product-wrapper"},"acf":[],"_links":{"self":[{"href":"https:\/\/nbg.eu\/cs\/wp-json\/wp\/v2\/product\/749225","targetHints":{"allow":["GET"]}}],"collection":[{"href":"https:\/\/nbg.eu\/cs\/wp-json\/wp\/v2\/product"}],"about":[{"href":"https:\/\/nbg.eu\/cs\/wp-json\/wp\/v2\/types\/product"}],"wp:featuredmedia":[{"embeddable":true,"href":"https:\/\/nbg.eu\/cs\/wp-json\/wp\/v2\/media\/749226"}],"wp:attachment":[{"href":"https:\/\/nbg.eu\/cs\/wp-json\/wp\/v2\/media?parent=749225"}],"wp:term":[{"taxonomy":"product_brand","embeddable":true,"href":"https:\/\/nbg.eu\/cs\/wp-json\/wp\/v2\/product_brand?post=749225"},{"taxonomy":"product_cat","embeddable":true,"href":"https:\/\/nbg.eu\/cs\/wp-json\/wp\/v2\/product_cat?post=749225"},{"taxonomy":"product_tag","embeddable":true,"href":"https:\/\/nbg.eu\/cs\/wp-json\/wp\/v2\/product_tag?post=749225"}],"curies":[{"name":"wp","href":"https:\/\/api.w.org\/{rel}","templated":true}]}}