{"id":749394,"date":"2026-04-24T11:17:29","date_gmt":"2026-04-24T08:17:29","guid":{"rendered":"https:\/\/nbg.eu\/product\/eberlestock-freefall-2000-batoh\/"},"modified":"2026-04-24T11:59:19","modified_gmt":"2026-04-24T08:59:19","slug":"eberlestock-freefall-2000-batoh","status":"publish","type":"product","link":"https:\/\/nbg.eu\/cs\/produkt\/eberlestock-freefall-2000-batoh\/","title":{"rendered":"Eberlestock FreeFall 2000 Batoh"},"content":{"rendered":"<h2>Eberlestock FreeFall 2000 Batoh<\/h2>\n<p>Eberlestock FreeFall 2000 je v\u0161estrann\u00e1 platforma s n\u00edzk\u00fdm odporem, schopn\u00e1 pojmout v\u00edcedenn\u00ed v\u00fdpravy s minim\u00e1ln\u00ed v\u00fdbavou nebo jednodenn\u00ed v\u00fdlety s robustn\u00ed sestavou. S prostorn\u00fdm horn\u00edm v\u00edkem, sedmi vnit\u0159n\u00edmi kapsami, pouzdrem na vodn\u00ed vak, kompresn\u00edmi popruhy a kapsami na bedern\u00edm p\u00e1su je tento batoh vytvo\u0159en pro v\u00e1\u017en\u00e9 outdoorov\u00e9 nad\u0161ence i taktick\u00e9 oper\u00e1tory.<\/p>\n<h3>Kl\u00ed\u010dov\u00e9 vlastnosti<\/h3>\n<ul>\n<li>2000 c.i. \/ 32.8L capacity<\/li>\n<li>Spacious top lid<\/li>\n<li>Seven interior pockets<\/li>\n<li>Water bladder sleeve<\/li>\n<li>Compression straps<\/li>\n<li>Hip-belt pockets<\/li>\n<li>Aluminum frame<\/li>\n<li>Eberlestock Lifetime Warranty<\/li>\n<\/ul>\n<h3>Specifikace<\/h3>\n<table>\n<tr>\n<td><strong>Objem<\/strong><\/td>\n<td>2000 c.i. \/ 32.8L<\/td>\n<\/tr>\n<tr>\n<td><strong>Hmotnost<\/strong><\/td>\n<td>4 lbs 9 oz<\/td>\n<\/tr>\n<tr>\n<td><strong>R\u00e1m<\/strong><\/td>\n<td>Aluminum<\/td>\n<\/tr>\n<tr>\n<td><strong>SKU<\/strong><\/td>\n<td>V7MC, V7GY, V7MB, V7ME, V7MJ, V7MM<\/td>\n<\/tr>\n<tr>\n<td><strong>V\u00fdrobce<\/strong><\/td>\n<td>Eberlestock (Veter\u00e1nsk\u00e1 firma)<\/td>\n<\/tr>\n<\/table>\n","protected":false},"excerpt":{"rendered":"<p>Eberlestock FreeFall 2000 je v\u0161estrann\u00e1 platforma s n\u00edzk\u00fdm odporem, schopn\u00e1 pojmout v\u00edcedenn\u00ed v\u00fdpravy s minim\u00e1ln\u00ed v\u00fdbavou nebo jednodenn\u00ed v\u00fdlety s robustn\u00ed sestavou. S prostorn\u00fdm horn\u00edm v\u00edkem, sedmi vnit\u0159n\u00edmi kapsami, pouzdrem na vodn\u00ed vak, kompresn\u00edmi popruhy a kapsami na bedern\u00edm p\u00e1su je tento batoh vytvo\u0159en pro v\u00e1\u017en\u00e9 outdoorov\u00e9 nad\u0161ence i taktick\u00e9 oper\u00e1tory.<\/p>\n","protected":false},"featured_media":749395,"template":"","meta":{"_acf_changed":false},"product_brand":[15137],"product_cat":[12653],"product_tag":[],"class_list":{"0":"post-749394","1":"product","2":"type-product","3":"status-publish","4":"has-post-thumbnail","6":"product_brand-eberlestock","7":"product_cat-batohy","9":"first","10":"outofstock","11":"taxable","12":"shipping-taxable","13":"purchasable","14":"product-type-variable","15":"wvs-archive-product-wrapper"},"acf":[],"_links":{"self":[{"href":"https:\/\/nbg.eu\/cs\/wp-json\/wp\/v2\/product\/749394","targetHints":{"allow":["GET"]}}],"collection":[{"href":"https:\/\/nbg.eu\/cs\/wp-json\/wp\/v2\/product"}],"about":[{"href":"https:\/\/nbg.eu\/cs\/wp-json\/wp\/v2\/types\/product"}],"wp:featuredmedia":[{"embeddable":true,"href":"https:\/\/nbg.eu\/cs\/wp-json\/wp\/v2\/media\/749395"}],"wp:attachment":[{"href":"https:\/\/nbg.eu\/cs\/wp-json\/wp\/v2\/media?parent=749394"}],"wp:term":[{"taxonomy":"product_brand","embeddable":true,"href":"https:\/\/nbg.eu\/cs\/wp-json\/wp\/v2\/product_brand?post=749394"},{"taxonomy":"product_cat","embeddable":true,"href":"https:\/\/nbg.eu\/cs\/wp-json\/wp\/v2\/product_cat?post=749394"},{"taxonomy":"product_tag","embeddable":true,"href":"https:\/\/nbg.eu\/cs\/wp-json\/wp\/v2\/product_tag?post=749394"}],"curies":[{"name":"wp","href":"https:\/\/api.w.org\/{rel}","templated":true}]}}