{"id":749647,"date":"2026-04-24T11:17:35","date_gmt":"2026-04-24T08:17:35","guid":{"rendered":"https:\/\/nbg.eu\/product\/eberlestock-freefall-3000-batoh\/"},"modified":"2026-04-24T12:00:19","modified_gmt":"2026-04-24T09:00:19","slug":"eberlestock-freefall-3000-batoh","status":"publish","type":"product","link":"https:\/\/nbg.eu\/cs\/produkt\/eberlestock-freefall-3000-batoh\/","title":{"rendered":"Eberlestock FreeFall 3000 Batoh"},"content":{"rendered":"<h2>Eberlestock FreeFall 3000 Batoh<\/h2>\n<p>Eberlestock FreeFall 3000 je v\u011bt\u0161\u00ed sourozenec \u0159ady FreeFall, nab\u00edzej\u00edc\u00ed 3000 kubick\u00fdch palc\u016f kapacity pro prodlou\u017een\u00e9 mise v divo\u010din\u011b a v\u00edcedenn\u00ed operace. Se stejn\u00fdm osv\u011bd\u010den\u00fdm designem s robustn\u00edm hlin\u00edkov\u00fdm r\u00e1mem, sedmi vnit\u0159n\u00edmi kapsami a komplexn\u00ed organizac\u00ed zvl\u00e1d\u00e1 tento batoh t\u011b\u017e\u0161\u00ed n\u00e1klady s lehkost\u00ed.<\/p>\n<h3>Kl\u00ed\u010dov\u00e9 vlastnosti<\/h3>\n<ul>\n<li>3000 c.i. \/ 49.2L capacity<\/li>\n<li>Spacious top lid<\/li>\n<li>Seven interior pockets<\/li>\n<li>Water bladder sleeve<\/li>\n<li>Compression straps<\/li>\n<li>Hip-belt pockets<\/li>\n<li>Aluminum frame<\/li>\n<li>Eberlestock Lifetime Warranty<\/li>\n<\/ul>\n<h3>Specifikace<\/h3>\n<table>\n<tr>\n<td><strong>Objem<\/strong><\/td>\n<td>3000 c.i. \/ 49.2L<\/td>\n<\/tr>\n<tr>\n<td><strong>Hmotnost<\/strong><\/td>\n<td>5 lbs 1 oz<\/td>\n<\/tr>\n<tr>\n<td><strong>R\u00e1m<\/strong><\/td>\n<td>Aluminum<\/td>\n<\/tr>\n<tr>\n<td><strong>SKU<\/strong><\/td>\n<td>V8MC, V8GY, V8MB, V8ME, V8MJ, V8MM<\/td>\n<\/tr>\n<tr>\n<td><strong>V\u00fdrobce<\/strong><\/td>\n<td>Eberlestock (Veter\u00e1nsk\u00e1 firma)<\/td>\n<\/tr>\n<\/table>\n","protected":false},"excerpt":{"rendered":"<p>Eberlestock FreeFall 3000 je v\u011bt\u0161\u00ed sourozenec \u0159ady FreeFall, nab\u00edzej\u00edc\u00ed 3000 kubick\u00fdch palc\u016f kapacity pro prodlou\u017een\u00e9 mise v divo\u010din\u011b a v\u00edcedenn\u00ed operace. Se stejn\u00fdm osv\u011bd\u010den\u00fdm designem s robustn\u00edm hlin\u00edkov\u00fdm r\u00e1mem, sedmi vnit\u0159n\u00edmi kapsami a komplexn\u00ed organizac\u00ed zvl\u00e1d\u00e1 tento batoh t\u011b\u017e\u0161\u00ed n\u00e1klady s lehkost\u00ed.<\/p>\n","protected":false},"featured_media":749648,"template":"","meta":{"_acf_changed":false},"product_brand":[15137],"product_cat":[12653],"product_tag":[],"class_list":{"0":"post-749647","1":"product","2":"type-product","3":"status-publish","4":"has-post-thumbnail","6":"product_brand-eberlestock","7":"product_cat-batohy","9":"first","10":"outofstock","11":"taxable","12":"shipping-taxable","13":"purchasable","14":"product-type-variable","15":"wvs-archive-product-wrapper"},"acf":[],"_links":{"self":[{"href":"https:\/\/nbg.eu\/cs\/wp-json\/wp\/v2\/product\/749647","targetHints":{"allow":["GET"]}}],"collection":[{"href":"https:\/\/nbg.eu\/cs\/wp-json\/wp\/v2\/product"}],"about":[{"href":"https:\/\/nbg.eu\/cs\/wp-json\/wp\/v2\/types\/product"}],"wp:featuredmedia":[{"embeddable":true,"href":"https:\/\/nbg.eu\/cs\/wp-json\/wp\/v2\/media\/749648"}],"wp:attachment":[{"href":"https:\/\/nbg.eu\/cs\/wp-json\/wp\/v2\/media?parent=749647"}],"wp:term":[{"taxonomy":"product_brand","embeddable":true,"href":"https:\/\/nbg.eu\/cs\/wp-json\/wp\/v2\/product_brand?post=749647"},{"taxonomy":"product_cat","embeddable":true,"href":"https:\/\/nbg.eu\/cs\/wp-json\/wp\/v2\/product_cat?post=749647"},{"taxonomy":"product_tag","embeddable":true,"href":"https:\/\/nbg.eu\/cs\/wp-json\/wp\/v2\/product_tag?post=749647"}],"curies":[{"name":"wp","href":"https:\/\/api.w.org\/{rel}","templated":true}]}}