{"id":750103,"date":"2026-04-24T11:17:44","date_gmt":"2026-04-24T08:17:44","guid":{"rendered":"https:\/\/nbg.eu\/product\/eberlestock-spectre-batoh-multicam\/"},"modified":"2026-04-24T12:02:12","modified_gmt":"2026-04-24T09:02:12","slug":"eberlestock-spectre-batoh-multicam","status":"publish","type":"product","link":"https:\/\/nbg.eu\/cs\/produkt\/eberlestock-spectre-batoh-multicam\/","title":{"rendered":"Eberlestock Spectre Batoh &#8211; Multicam"},"content":{"rendered":"<h2>Eberlestock Spectre Batoh<\/h2>\n<p>Eberlestock Spectre je nejinovativn\u011bj\u0161\u00ed a nejuniverz\u00e1ln\u011bj\u0161\u00ed odst\u0159elova\u010dsk\u00fd batoh v nab\u00eddce Eberlestock, kter\u00fd p\u0159edefinuje mo\u017enosti p\u0159esn\u00e9ho taktick\u00e9ho vybaven\u00ed. S kapacitou 3100 k.p., integrovan\u00fdm pouzdrem na pu\u0161ku a komplexn\u00edmi organiza\u010dn\u00edmi funkcemi je Spectre vytvo\u0159en pro oper\u00e1tory, kte\u0159\u00ed po\u017eaduj\u00ed nejvy\u0161\u0161\u00ed \u00farove\u0148 v\u00fdkonu od sv\u00e9ho vybaven\u00ed.<\/p>\n<h3>Kl\u00ed\u010dov\u00e9 vlastnosti<\/h3>\n<ul>\n<li>3,100 c.i. \/ 50.8L capacity<\/li>\n<li>Integrated rifle scabbard (34&#8243;)<\/li>\n<li>Full MOLLE\/PALS webbing<\/li>\n<li>Adjustable torso length<\/li>\n<li>Hydration compatible<\/li>\n<li>Eberlestock Lifetime Warranty<\/li>\n<\/ul>\n<h3>Specifikace<\/h3>\n<table>\n<tr>\n<td><strong>Kapacita<\/strong><\/td>\n<td>3,100 c.i. \/ 50.8L<\/td>\n<\/tr>\n<tr>\n<td><strong>Hmotnost<\/strong><\/td>\n<td>6 lbs 6 oz<\/td>\n<\/tr>\n<tr>\n<td><strong>Rozm\u011bry<\/strong><\/td>\n<td>23&#8243; x 12&#8243; (Scabbard: 34&#8243;)<\/td>\n<\/tr>\n<tr>\n<td><strong>SKU<\/strong><\/td>\n<td>W2MM, W2ME, W2MC, W2MJ<\/td>\n<\/tr>\n<tr>\n<td><strong>V\u00fdrobce<\/strong><\/td>\n<td>Eberlestock (Veter\u00e1nsk\u00e1 firma)<\/td>\n<\/tr>\n<\/table>\n","protected":false},"excerpt":{"rendered":"<p>Eberlestock Spectre je nejinovativn\u011bj\u0161\u00ed a nejuniverz\u00e1ln\u011bj\u0161\u00ed odst\u0159elova\u010dsk\u00fd batoh v nab\u00eddce Eberlestock, kter\u00fd p\u0159edefinuje mo\u017enosti p\u0159esn\u00e9ho taktick\u00e9ho vybaven\u00ed. S kapacitou 3100 k.p., integrovan\u00fdm pouzdrem na pu\u0161ku a komplexn\u00edmi organiza\u010dn\u00edmi funkcemi je Spectre vytvo\u0159en pro oper\u00e1tory, kte\u0159\u00ed po\u017eaduj\u00ed nejvy\u0161\u0161\u00ed \u00farove\u0148 v\u00fdkonu od sv\u00e9ho vybaven\u00ed.<\/p>\n","protected":false},"featured_media":750104,"template":"","meta":{"_acf_changed":false},"product_brand":[15137],"product_cat":[12653],"product_tag":[],"class_list":{"0":"post-750103","1":"product","2":"type-product","3":"status-publish","4":"has-post-thumbnail","6":"product_brand-eberlestock","7":"product_cat-batohy","9":"first","10":"outofstock","11":"taxable","12":"shipping-taxable","13":"purchasable","14":"product-type-simple"},"acf":[],"_links":{"self":[{"href":"https:\/\/nbg.eu\/cs\/wp-json\/wp\/v2\/product\/750103","targetHints":{"allow":["GET"]}}],"collection":[{"href":"https:\/\/nbg.eu\/cs\/wp-json\/wp\/v2\/product"}],"about":[{"href":"https:\/\/nbg.eu\/cs\/wp-json\/wp\/v2\/types\/product"}],"wp:featuredmedia":[{"embeddable":true,"href":"https:\/\/nbg.eu\/cs\/wp-json\/wp\/v2\/media\/750104"}],"wp:attachment":[{"href":"https:\/\/nbg.eu\/cs\/wp-json\/wp\/v2\/media?parent=750103"}],"wp:term":[{"taxonomy":"product_brand","embeddable":true,"href":"https:\/\/nbg.eu\/cs\/wp-json\/wp\/v2\/product_brand?post=750103"},{"taxonomy":"product_cat","embeddable":true,"href":"https:\/\/nbg.eu\/cs\/wp-json\/wp\/v2\/product_cat?post=750103"},{"taxonomy":"product_tag","embeddable":true,"href":"https:\/\/nbg.eu\/cs\/wp-json\/wp\/v2\/product_tag?post=750103"}],"curies":[{"name":"wp","href":"https:\/\/api.w.org\/{rel}","templated":true}]}}