{"id":750310,"date":"2026-04-24T11:17:46","date_gmt":"2026-04-24T08:17:46","guid":{"rendered":"https:\/\/nbg.eu\/product\/eberlestock-mission-medic-multicam\/"},"modified":"2026-04-24T12:03:07","modified_gmt":"2026-04-24T09:03:07","slug":"eberlestock-mission-medic-multicam","status":"publish","type":"product","link":"https:\/\/nbg.eu\/cs\/produkt\/eberlestock-mission-medic-multicam\/","title":{"rendered":"Eberlestock Mission Medic &#8211; Multicam"},"content":{"rendered":"<h2>Eberlestock Mission Medic<\/h2>\n<p>Eberlestock Mission Medic Pack up\u0159ednost\u0148uje efektivitu a vyu\u017e\u00edv\u00e1 ka\u017ed\u00fd dostupn\u00fd prostor pro \u017eivot zachra\u0148uj\u00edc\u00ed organizaci. Se sedmi odn\u00edmateln\u00fdmi kapsami a dv\u011bma odn\u00edmateln\u00fdmi panely pro p\u0159\u00edslu\u0161enstv\u00ed v hlavn\u00edm odd\u00edle umo\u017e\u0148uje tento zdravotnick\u00fd batoh oper\u00e1tor\u016fm p\u0159edem sestavit traumatologick\u00e9 sady pro rychl\u00e9 nasazen\u00ed p\u0159i hromadn\u00fdch ne\u0161t\u011bst\u00edch.<\/p>\n<h3>Kl\u00ed\u010dov\u00e9 vlastnosti<\/h3>\n<ul>\n<li>1,717 c.i. medical capacity<\/li>\n<li>Seven tear-away pouches<\/li>\n<li>Two tear-away accessory panels<\/li>\n<li>Mission System integration<\/li>\n<li>MOLLE exterior<\/li>\n<li>Eberlestock Lifetime Warranty<\/li>\n<\/ul>\n<h3>Specifikace<\/h3>\n<table>\n<tr>\n<td><strong>Objem<\/strong><\/td>\n<td>1,717 c.i.<\/td>\n<\/tr>\n<tr>\n<td><strong>Hmotnost<\/strong><\/td>\n<td>3 lbs 10 oz<\/td>\n<\/tr>\n<tr>\n<td><strong>Rozm\u011bry<\/strong><\/td>\n<td>20&#8243;H x 12&#8243;W x 5.5&#8243;D<\/td>\n<\/tr>\n<tr>\n<td><strong>SKU<\/strong><\/td>\n<td>MM1MM, MM1MC, MM1MJ<\/td>\n<\/tr>\n<tr>\n<td><strong>V\u00fdrobce<\/strong><\/td>\n<td>Eberlestock (Veter\u00e1nsk\u00e1 firma)<\/td>\n<\/tr>\n<\/table>\n","protected":false},"excerpt":{"rendered":"<p>Eberlestock Mission Medic Pack up\u0159ednost\u0148uje efektivitu a vyu\u017e\u00edv\u00e1 ka\u017ed\u00fd dostupn\u00fd prostor pro \u017eivot zachra\u0148uj\u00edc\u00ed organizaci. Se sedmi odn\u00edmateln\u00fdmi kapsami a dv\u011bma odn\u00edmateln\u00fdmi panely pro p\u0159\u00edslu\u0161enstv\u00ed v hlavn\u00edm odd\u00edle umo\u017e\u0148uje tento zdravotnick\u00fd batoh oper\u00e1tor\u016fm p\u0159edem sestavit traumatologick\u00e9 sady pro rychl\u00e9 nasazen\u00ed p\u0159i hromadn\u00fdch ne\u0161t\u011bst\u00edch.<\/p>\n","protected":false},"featured_media":750311,"template":"","meta":{"_acf_changed":false},"product_brand":[15137],"product_cat":[12653],"product_tag":[],"class_list":{"0":"post-750310","1":"product","2":"type-product","3":"status-publish","4":"has-post-thumbnail","6":"product_brand-eberlestock","7":"product_cat-batohy","9":"first","10":"outofstock","11":"taxable","12":"shipping-taxable","13":"purchasable","14":"product-type-simple"},"acf":[],"_links":{"self":[{"href":"https:\/\/nbg.eu\/cs\/wp-json\/wp\/v2\/product\/750310","targetHints":{"allow":["GET"]}}],"collection":[{"href":"https:\/\/nbg.eu\/cs\/wp-json\/wp\/v2\/product"}],"about":[{"href":"https:\/\/nbg.eu\/cs\/wp-json\/wp\/v2\/types\/product"}],"wp:featuredmedia":[{"embeddable":true,"href":"https:\/\/nbg.eu\/cs\/wp-json\/wp\/v2\/media\/750311"}],"wp:attachment":[{"href":"https:\/\/nbg.eu\/cs\/wp-json\/wp\/v2\/media?parent=750310"}],"wp:term":[{"taxonomy":"product_brand","embeddable":true,"href":"https:\/\/nbg.eu\/cs\/wp-json\/wp\/v2\/product_brand?post=750310"},{"taxonomy":"product_cat","embeddable":true,"href":"https:\/\/nbg.eu\/cs\/wp-json\/wp\/v2\/product_cat?post=750310"},{"taxonomy":"product_tag","embeddable":true,"href":"https:\/\/nbg.eu\/cs\/wp-json\/wp\/v2\/product_tag?post=750310"}],"curies":[{"name":"wp","href":"https:\/\/api.w.org\/{rel}","templated":true}]}}