{"id":750517,"date":"2026-04-24T11:17:48","date_gmt":"2026-04-24T08:17:48","guid":{"rendered":"https:\/\/nbg.eu\/product\/eberlestock-modframe-dry-earth\/"},"modified":"2026-04-24T12:04:01","modified_gmt":"2026-04-24T09:04:01","slug":"eberlestock-modframe-dry-earth","status":"publish","type":"product","link":"https:\/\/nbg.eu\/cs\/produkt\/eberlestock-modframe-dry-earth\/","title":{"rendered":"Eberlestock Modframe &#8211; Dry Earth"},"content":{"rendered":"<h2>Eberlestock Modframe<\/h2>\n<p>Eberlestock Modframe je loveck\u00e1 platforma nov\u00e9 generace, kter\u00e1 p\u0159eb\u00edr\u00e1 v\u0161e skv\u011bl\u00e9 z Mainframe a stav\u00ed to od z\u00e1klad\u016f znovu. Tento \u00fa\u010delov\u011b navr\u017een\u00fd modul\u00e1rn\u00ed r\u00e1mov\u00fd syst\u00e9m je ur\u010den pro v\u00e1\u017en\u00e9 alpsk\u00e9 lovce, kte\u0159\u00ed vy\u017eaduj\u00ed v\u00fdkon, odolnost a flexibilitu od sv\u00e9ho nosn\u00e9ho syst\u00e9mu.<\/p>\n<h3>Kl\u00ed\u010dov\u00e9 vlastnosti<\/h3>\n<ul>\n<li>Next-gen modular frame<\/li>\n<li>Alpine hunting platform<\/li>\n<li>Modular bag compatibility<\/li>\n<li>Standalone frame capability<\/li>\n<li>Adjustable torso<\/li>\n<li>Eberlestock Lifetime Warranty<\/li>\n<\/ul>\n<h3>Specifikace<\/h3>\n<table>\n<tr>\n<td><strong>Hmotnost<\/strong><\/td>\n<td>4 lbs 8 oz<\/td>\n<\/tr>\n<tr>\n<td><strong>Rozm\u011bry<\/strong><\/td>\n<td>26&#8243;H x 10&#8243;W<\/td>\n<\/tr>\n<tr>\n<td><strong>SKU<\/strong><\/td>\n<td>MO1ME (Dry Earth), MO1MJ (Military Green)<\/td>\n<\/tr>\n<tr>\n<td><strong>V\u00fdrobce<\/strong><\/td>\n<td>Eberlestock (Veter\u00e1nsk\u00e1 firma)<\/td>\n<\/tr>\n<\/table>\n","protected":false},"excerpt":{"rendered":"<p>Eberlestock Modframe je loveck\u00e1 platforma nov\u00e9 generace, kter\u00e1 p\u0159eb\u00edr\u00e1 v\u0161e skv\u011bl\u00e9 z Mainframe a stav\u00ed to od z\u00e1klad\u016f znovu. Tento \u00fa\u010delov\u011b navr\u017een\u00fd modul\u00e1rn\u00ed r\u00e1mov\u00fd syst\u00e9m je ur\u010den pro v\u00e1\u017en\u00e9 alpsk\u00e9 lovce, kte\u0159\u00ed vy\u017eaduj\u00ed v\u00fdkon, odolnost a flexibilitu od sv\u00e9ho nosn\u00e9ho syst\u00e9mu.<\/p>\n","protected":false},"featured_media":750518,"template":"","meta":{"_acf_changed":false},"product_brand":[15137],"product_cat":[12653],"product_tag":[],"class_list":{"0":"post-750517","1":"product","2":"type-product","3":"status-publish","4":"has-post-thumbnail","6":"product_brand-eberlestock","7":"product_cat-batohy","9":"first","10":"outofstock","11":"taxable","12":"shipping-taxable","13":"purchasable","14":"product-type-simple"},"acf":[],"_links":{"self":[{"href":"https:\/\/nbg.eu\/cs\/wp-json\/wp\/v2\/product\/750517","targetHints":{"allow":["GET"]}}],"collection":[{"href":"https:\/\/nbg.eu\/cs\/wp-json\/wp\/v2\/product"}],"about":[{"href":"https:\/\/nbg.eu\/cs\/wp-json\/wp\/v2\/types\/product"}],"wp:featuredmedia":[{"embeddable":true,"href":"https:\/\/nbg.eu\/cs\/wp-json\/wp\/v2\/media\/750518"}],"wp:attachment":[{"href":"https:\/\/nbg.eu\/cs\/wp-json\/wp\/v2\/media?parent=750517"}],"wp:term":[{"taxonomy":"product_brand","embeddable":true,"href":"https:\/\/nbg.eu\/cs\/wp-json\/wp\/v2\/product_brand?post=750517"},{"taxonomy":"product_cat","embeddable":true,"href":"https:\/\/nbg.eu\/cs\/wp-json\/wp\/v2\/product_cat?post=750517"},{"taxonomy":"product_tag","embeddable":true,"href":"https:\/\/nbg.eu\/cs\/wp-json\/wp\/v2\/product_tag?post=750517"}],"curies":[{"name":"wp","href":"https:\/\/api.w.org\/{rel}","templated":true}]}}