{"id":751318,"date":"2026-04-24T11:17:56","date_gmt":"2026-04-24T08:17:56","guid":{"rendered":"https:\/\/nbg.eu\/product\/eberlestock-mission-wings-multicam\/"},"modified":"2026-04-24T12:07:38","modified_gmt":"2026-04-24T09:07:38","slug":"eberlestock-mission-wings-multicam","status":"publish","type":"product","link":"https:\/\/nbg.eu\/cs\/produkt\/eberlestock-mission-wings-multicam\/","title":{"rendered":"Eberlestock Mission Wings &#8211; Multicam"},"content":{"rendered":"<h2>Eberlestock Mission Wings<\/h2>\n<p>Eberlestock Mission Wings jsou modul\u00e1rn\u00ed, lehk\u00e9 bo\u010dn\u00ed panely, kter\u00e9 rychle p\u0159id\u00e1vaj\u00ed dodate\u010dn\u00fd objem nebo umo\u017e\u0148uj\u00ed strategickou konfiguraci specializovan\u00fdch sad na vn\u011bj\u0161ku va\u0161eho Mission System. Snadno se p\u0159id\u00e1vaj\u00ed nebo odstra\u0148uj\u00ed pomoc\u00ed ov\u00e1ln\u00fdch t\u0159\u00edposuvn\u00fdch upev\u0148ovac\u00edch bod\u016f a poskytuj\u00ed rychl\u00fd p\u0159\u00edstup k ulo\u017een\u00ed tam, kde ho nejv\u00edce pot\u0159ebujete.<\/p>\n<h3>Kl\u00ed\u010dov\u00e9 vlastnosti<\/h3>\n<ul>\n<li>765 c.i. \/ 13.68L combined capacity<\/li>\n<li>Modular side panels<\/li>\n<li>Oval tri-glide attachment<\/li>\n<li>Quick-access design<\/li>\n<li>Mission System integration<\/li>\n<li>Eberlestock Lifetime Warranty<\/li>\n<\/ul>\n<h3>Specifikace<\/h3>\n<table>\n<tr>\n<td><strong>Objem<\/strong><\/td>\n<td>765 c.i. \/ 13.68L<\/td>\n<\/tr>\n<tr>\n<td><strong>Hmotnost<\/strong><\/td>\n<td>1 lb 2 oz<\/td>\n<\/tr>\n<tr>\n<td><strong>Rozm\u011bry<\/strong><\/td>\n<td>18&#8243;H x 6.5&#8243;W x 2&#8243;D<\/td>\n<\/tr>\n<tr>\n<td><strong>SKU<\/strong><\/td>\n<td>MW1MM, MW1MC<\/td>\n<\/tr>\n<tr>\n<td><strong>V\u00fdrobce<\/strong><\/td>\n<td>Eberlestock (Veter\u00e1nsk\u00e1 firma)<\/td>\n<\/tr>\n<\/table>\n","protected":false},"excerpt":{"rendered":"<p>Eberlestock Mission Wings jsou modul\u00e1rn\u00ed, lehk\u00e9 bo\u010dn\u00ed panely, kter\u00e9 rychle p\u0159id\u00e1vaj\u00ed dodate\u010dn\u00fd objem nebo umo\u017e\u0148uj\u00ed strategickou konfiguraci specializovan\u00fdch sad na vn\u011bj\u0161ku va\u0161eho Mission System. Snadno se p\u0159id\u00e1vaj\u00ed nebo odstra\u0148uj\u00ed pomoc\u00ed ov\u00e1ln\u00fdch t\u0159\u00edposuvn\u00fdch upev\u0148ovac\u00edch bod\u016f a poskytuj\u00ed rychl\u00fd p\u0159\u00edstup k ulo\u017een\u00ed tam, kde ho nejv\u00edce pot\u0159ebujete.<\/p>\n","protected":false},"featured_media":751319,"template":"","meta":{"_acf_changed":false},"product_brand":[15137],"product_cat":[12653],"product_tag":[],"class_list":{"0":"post-751318","1":"product","2":"type-product","3":"status-publish","4":"has-post-thumbnail","6":"product_brand-eberlestock","7":"product_cat-batohy","9":"first","10":"outofstock","11":"taxable","12":"shipping-taxable","13":"purchasable","14":"product-type-simple"},"acf":[],"_links":{"self":[{"href":"https:\/\/nbg.eu\/cs\/wp-json\/wp\/v2\/product\/751318","targetHints":{"allow":["GET"]}}],"collection":[{"href":"https:\/\/nbg.eu\/cs\/wp-json\/wp\/v2\/product"}],"about":[{"href":"https:\/\/nbg.eu\/cs\/wp-json\/wp\/v2\/types\/product"}],"wp:featuredmedia":[{"embeddable":true,"href":"https:\/\/nbg.eu\/cs\/wp-json\/wp\/v2\/media\/751319"}],"wp:attachment":[{"href":"https:\/\/nbg.eu\/cs\/wp-json\/wp\/v2\/media?parent=751318"}],"wp:term":[{"taxonomy":"product_brand","embeddable":true,"href":"https:\/\/nbg.eu\/cs\/wp-json\/wp\/v2\/product_brand?post=751318"},{"taxonomy":"product_cat","embeddable":true,"href":"https:\/\/nbg.eu\/cs\/wp-json\/wp\/v2\/product_cat?post=751318"},{"taxonomy":"product_tag","embeddable":true,"href":"https:\/\/nbg.eu\/cs\/wp-json\/wp\/v2\/product_tag?post=751318"}],"curies":[{"name":"wp","href":"https:\/\/api.w.org\/{rel}","templated":true}]}}