{"id":752870,"date":"2026-04-22T14:06:32","date_gmt":"2026-04-22T11:06:32","guid":{"rendered":"https:\/\/nbg.eu\/product\/opakovaci-puska-howa-bravo-chassis-delka-hlavne-26-raze-6-5-creedmoor\/"},"modified":"2026-05-07T17:41:52","modified_gmt":"2026-05-07T14:41:52","slug":"opakovaci-puska-howa-bravo-chassis-delka-hlavne-26-raze-6-5-creedmoor","status":"publish","type":"product","link":"https:\/\/nbg.eu\/cs\/produkt\/opakovaci-puska-howa-bravo-chassis-delka-hlavne-26-raze-6-5-creedmoor\/","title":{"rendered":"HOWA Bravo Chassis opakovac\u00ed pu\u0161ka, d\u00e9lka hlavn\u011b 26&#8243;, r\u00e1\u017ee 6.5 Creedmoor"},"content":{"rendered":"<h2>Opakovac\u00ed pu\u0161ka HOWA Bravo Chassis 26&#8243; 6.5 Creedmoor<\/h2>\n<p>HOWA M1500 Bravo je tov\u00e1rn\u00ed p\u0159esn\u00e1 pu\u0161ka bez kompromis\u016f. Kombinuje renomovanou kovanou akci HOWA 1500 \u2014 obl\u00edbenou u lovc\u016f a st\u0159elc\u016f p\u0159es \u010dty\u0159i desetilet\u00ed \u2014 s \u0161asi Bravo od Kinetic Research Group (KRG): plnod\u00e9lkovou hlin\u00edkovou p\u00e1te\u0159 obalenou sko\u0159epinou ze sklem zpevn\u011bn\u00e9ho polymeru. V\u00fdsledek vypad\u00e1 jako tradi\u010dn\u00ed pa\u017eba, ale chov\u00e1 se jako specializovan\u00e9 p\u0159esn\u00e9 \u0161asi. V konfiguraci 26&#8243; v 6.5 Creedmoor se st\u00e1v\u00e1 platformou p\u0159ipravenou na dlouh\u00e9 vzd\u00e1lenosti \u2014 pro ocelov\u00e9 ter\u010de, sout\u011b\u017ee nebo lov na velk\u00e9 vzd\u00e1lenosti.<\/p>\n<h3>Kovan\u00e1 akce HOWA 1500<\/h3>\n<p>Ka\u017ed\u00e1 Bravo za\u010d\u00edn\u00e1 jednod\u00edlnou kovanou pouzdrem z\u00e1v\u011bru a z\u00e1v\u011brem HOWA. Dva protilehl\u00e9 uzamykac\u00ed v\u00fdstupky, velk\u00fd vn\u011bj\u0161\u00ed vyhazova\u010d typu Sako a p\u00edstov\u00fd vyhazova\u010d zaji\u0161\u0165uj\u00ed spolehliv\u00e9 pod\u00e1v\u00e1n\u00ed a vyhazov\u00e1n\u00ed v cel\u00e9 rodin\u011b n\u00e1bojnic dna .308. Akce je spojena s \u0161asi pomoc\u00ed CNC obr\u00e1b\u011bn\u00e9ho syst\u00e9mu Radius Bedding KRG \u2014 plnod\u00e9lkov\u00e9ho hlin\u00edkov\u00e9ho V-bloku poskytuj\u00edc\u00edho pevn\u00e9, opakovateln\u00e9 l\u016f\u017eko bez nepravidelnost\u00ed tradi\u010dn\u00edho l\u016f\u017eka.<\/p>\n<h3>\u0160asi KRG Bravo<\/h3>\n<p>\u0160asi KRG Bravo je to, co d\u011bl\u00e1 tuto pu\u0161ku zvl\u00e1\u0161tn\u00ed. P\u0159ij\u00edm\u00e1 polymerov\u00e9 AICS z\u00e1sobn\u00edky, m\u00e1 M-LOK sloty po cel\u00e9 d\u00e9lce p\u0159edpa\u017eb\u00ed, pou\u017e\u00edv\u00e1 rozp\u011brn\u00e9 podlo\u017eky pro nastavitelnou d\u00e9lku pa\u017eby a obsahuje integrovan\u00fd h\u00e1k\/dorazn\u00edk v pat\u011b pa\u017eby pro st\u0159elbu v poloze. Z\u00edsk\u00e1v\u00e1te \u00fachop tradi\u010dn\u00ed loveck\u00e9 pa\u017eby s kompletn\u00ed sadou funkc\u00ed modern\u00edho p\u0159esn\u00e9ho \u0161asi.<\/p>\n<h3>Match spou\u0161\u0165 a t\u0159\u00edpolohov\u00e1 pojistka<\/h3>\n<p>Dvoustup\u0148ov\u00e1 HACT (HOWA Actuator Controlled Trigger) je z v\u00fdroby nastavena v rozsahu 2,5 \u2013 3 lb. Lehk\u00fd prvn\u00ed stupe\u0148 p\u0159ech\u00e1z\u00ed do \u010dist\u00e9 zdi druh\u00e9ho stupn\u011b, poskytuj\u00edc\u00ed pocit match spou\u0161t\u011b p\u0159\u00edmo z krabice. T\u0159\u00edpolohov\u00e1 pojistka umo\u017e\u0148uje vybit\u00ed se zaji\u0161t\u011bnou pojistkou \u2014 funkce, kterou seri\u00f3zn\u00ed st\u0159elci o\u010dek\u00e1vaj\u00ed.<\/p>\n<h3>T\u011b\u017ek\u00e1 hlave\u0148 se z\u00e1vitem 26&#8243;<\/h3>\n<p>T\u011b\u017ek\u00e1, voln\u011b plovouc\u00ed hlave\u0148 26&#8243; se stoup\u00e1n\u00edm 1:8&#8243; pln\u011b vyu\u017e\u00edv\u00e1 balistiku 6.5 Creedmoor. Del\u0161\u00ed hlave\u0148 z\u00edsk\u00e1v\u00e1 ka\u017ed\u00fd kousek rychlosti z t\u011b\u017e\u0161\u00edch st\u0159el s vysok\u00fdm BC v rozsahu 130 \u2013 147 gr \u2014 p\u0159esn\u011b tam, kde 6.5 CM z\u00e1\u0159\u00ed. \u00dast\u00ed m\u00e1 z\u00e1vit 5\/8&#8243;-24 UNEF pro brzdu nebo tlumi\u010d.<\/p>\n<h3>Premium komponenty v balen\u00ed<\/h3>\n<ul>\n<li>Kovan\u00e1 akce HOWA 1500 s le\u0161t\u011bn\u00fdm z\u00e1v\u011brem<\/li>\n<li>Dvoustup\u0148ov\u00e1 match spou\u0161\u0165 HACT, nastaven\u00e1 z v\u00fdroby<\/li>\n<li>T\u0159\u00edpolohov\u00e1 pojistka<\/li>\n<li>Z\u00e1vit \u00fast\u00ed 5\/8&#8243;-24 pro brzdu nebo tlumi\u010d<\/li>\n<li>Tov\u00e1rn\u00ed z\u00e1ruka HOWA pro p\u0159esnost sub-MOA<\/li>\n<\/ul>\n<h3>Technick\u00e9 \u00fadaje<\/h3>\n<table>\n<tr>\n<th>Mechanismus<\/th>\n<td>Opakovac\u00ed HOWA 1500, jednod\u00edln\u00fd kovan\u00fd z\u00e1v\u011br<\/td>\n<\/tr>\n<tr>\n<th>R\u00e1\u017ee<\/th>\n<td>6.5 Creedmoor<\/td>\n<\/tr>\n<tr>\n<th>D\u00e9lka hlavn\u011b<\/th>\n<td>26&#8243;<\/td>\n<\/tr>\n<tr>\n<th>Profil hlavn\u011b<\/th>\n<td>T\u011b\u017ek\u00fd, voln\u011b plovouc\u00ed<\/td>\n<\/tr>\n<tr>\n<th>Stoup\u00e1n\u00ed<\/th>\n<td>1:8&#8243;<\/td>\n<\/tr>\n<tr>\n<th>Z\u00e1vit \u00fast\u00ed<\/th>\n<td>5\/8&#8243;-24 UNEF<\/td>\n<\/tr>\n<tr>\n<th>Celkov\u00e1 d\u00e9lka<\/th>\n<td>~45&#8243;<\/td>\n<\/tr>\n<tr>\n<th>Hmotnost<\/th>\n<td>~9,9 lbs<\/td>\n<\/tr>\n<tr>\n<th>Pa\u017eba \/ \u0161asi<\/th>\n<td>KRG Bravo \u2014 hlin\u00edkov\u00e1 p\u00e1te\u0159, polymerov\u00e1 sko\u0159epina<\/td>\n<\/tr>\n<tr>\n<th>L\u016f\u017ekov\u00e1n\u00ed<\/th>\n<td>KRG Radius Bedding (plnod\u00e9lkov\u00fd hlin\u00edkov\u00fd V-blok)<\/td>\n<\/tr>\n<tr>\n<th>Spou\u0161\u0165<\/th>\n<td>HACT match dvoustup\u0148ov\u00e1, z v\u00fdroby ~2,5\u20133 lb<\/td>\n<\/tr>\n<tr>\n<th>Pojistka<\/th>\n<td>T\u0159\u00edpolohov\u00e1<\/td>\n<\/tr>\n<tr>\n<th>Povrch<\/th>\n<td>Matn\u011b \u010dern\u011bn\u00e9<\/td>\n<\/tr>\n<tr>\n<th>Z\u00e1ruka p\u0159esnosti<\/th>\n<td>Sub-1 MOA (3 v\u00fdst\u0159ely @ 100 yds, pr\u00e9miov\u00e9 st\u0159elivo)<\/td>\n<\/tr>\n<\/table>\n","protected":false},"excerpt":{"rendered":"<p>P\u0159esn\u00e1 opakovac\u00ed pu\u0161ka pro st\u0159elbu na dlouh\u00e9 vzd\u00e1lenosti, kombinuj\u00edc\u00ed kovanou akci HOWA 1500 s \u0161asi Kinetic Research Group Bravo. T\u011b\u017ek\u00e1 hlave\u0148 se z\u00e1vitem 26&#8243; v 6.5 Creedmoor.<\/p>\n","protected":false},"featured_media":754819,"template":"","meta":{"_acf_changed":false},"product_brand":[16230],"product_cat":[12662,16040,12709],"product_tag":[],"class_list":{"0":"post-752870","1":"product","2":"type-product","3":"status-publish","4":"has-post-thumbnail","6":"product_brand-howa","7":"product_cat-licencovane","8":"product_cat-bolt-action-rifles-cs","9":"product_cat-puska","11":"first","12":"instock","13":"taxable","14":"shipping-taxable","15":"product-type-simple"},"acf":[],"_links":{"self":[{"href":"https:\/\/nbg.eu\/cs\/wp-json\/wp\/v2\/product\/752870","targetHints":{"allow":["GET"]}}],"collection":[{"href":"https:\/\/nbg.eu\/cs\/wp-json\/wp\/v2\/product"}],"about":[{"href":"https:\/\/nbg.eu\/cs\/wp-json\/wp\/v2\/types\/product"}],"wp:featuredmedia":[{"embeddable":true,"href":"https:\/\/nbg.eu\/cs\/wp-json\/wp\/v2\/media\/754819"}],"wp:attachment":[{"href":"https:\/\/nbg.eu\/cs\/wp-json\/wp\/v2\/media?parent=752870"}],"wp:term":[{"taxonomy":"product_brand","embeddable":true,"href":"https:\/\/nbg.eu\/cs\/wp-json\/wp\/v2\/product_brand?post=752870"},{"taxonomy":"product_cat","embeddable":true,"href":"https:\/\/nbg.eu\/cs\/wp-json\/wp\/v2\/product_cat?post=752870"},{"taxonomy":"product_tag","embeddable":true,"href":"https:\/\/nbg.eu\/cs\/wp-json\/wp\/v2\/product_tag?post=752870"}],"curies":[{"name":"wp","href":"https:\/\/api.w.org\/{rel}","templated":true}]}}