{"id":752890,"date":"2026-04-22T14:06:38","date_gmt":"2026-04-22T11:06:38","guid":{"rendered":"https:\/\/nbg.eu\/product\/opakovaci-puska-howa-varminter-delka-hlavne-20-raze-308-win\/"},"modified":"2026-05-07T17:39:33","modified_gmt":"2026-05-07T14:39:33","slug":"opakovaci-puska-howa-varminter-delka-hlavne-20-raze-308-win","status":"publish","type":"product","link":"https:\/\/nbg.eu\/cs\/produkt\/opakovaci-puska-howa-varminter-delka-hlavne-20-raze-308-win\/","title":{"rendered":"HOWA Varminter opakovac\u00ed pu\u0161ka, d\u00e9lka hlavn\u011b 20&#8243;, r\u00e1\u017ee .308 Win"},"content":{"rendered":"<h2>Opakovac\u00ed pu\u0161ka HOWA Varminter 20&#8243; .308 Win<\/h2>\n<p>Kr\u00e1tk\u00e1 konfigurace HOWA 1500 Heavy Barrel Varminter v r\u00e1\u017ei .308 Win s 20&#8243; hlavn\u00ed je kompaktn\u00ed taktick\u00e1\/varminterova varianta \u0159ady HB \u2014 stejn\u00e1 kovan\u00e1 akce HOWA 1500 a pa\u017eba Hogue s pil\u00ed\u0159i jako 24&#8243;, ale zkr\u00e1cen\u00e1 na obratn\u011bj\u0161\u00ed celkovou d\u00e9lku 40 palc\u016f. Hlave\u0148 20&#8243; profil #6 t\u011b\u017ek\u00fd se z\u00e1vitem z\u016fst\u00e1v\u00e1 tuh\u00e1 a chladn\u00e1 b\u011bhem trval\u00e9 st\u0159elby, zat\u00edmco krat\u0161\u00ed celkov\u00e1 d\u00e9lka usnad\u0148uje man\u00e9vrov\u00e1n\u00ed z lavice, sedu, stanovi\u0161t\u011b nebo vozidla. Stala se jednou z preferovan\u00fdch cenov\u011b dostupn\u00fdch p\u0159esn\u00fdch\/tlumi\u010d-hostitel platforem ve sv\u00e9 kategorii.<\/p>\n<h3>Optimalizovan\u00e1 pro pou\u017eit\u00ed s tlumi\u010dem<\/h3>\n<p>Hlave\u0148 profil #6 t\u011b\u017ek\u00fd 20&#8243; se z\u00e1vitem 5\/8&#8243;-24 UNEF je navr\u017eena jako platforma p\u0159ipraven\u00e1 pro tlumi\u010d. .308 Winchester je nejti\u0161\u0161\u00ed a nejvyv\u00e1\u017een\u011bj\u0161\u00ed na hlavni 20&#8243; za tlumi\u010dem \u2014 n\u00e1boj pln\u011b sho\u0159\u00ed, a krat\u0161\u00ed d\u00e9lka udr\u017euje pu\u0161ku ovladatelnou s namontovan\u00fdm tlumi\u010dem. Pokud je pou\u017eit\u00ed s tlumi\u010dem prioritou, je to tov\u00e1rn\u00ed HOWA, kterou za\u010d\u00edt.<\/p>\n<h3>Kompaktn\u00ed ovl\u00e1d\u00e1n\u00ed<\/h3>\n<p>S pouh\u00fdmi 40,25&#8243; celkov\u00e9 d\u00e9lky a 8,5 lbs hmotnosti je 20&#8243; Varminter znateln\u011b obratn\u011bj\u0161\u00ed ne\u017e plnod\u00e9lkov\u00e9 p\u0159esn\u00e9 pu\u0161ky bez vzd\u00e1n\u00ed se tepeln\u00fdch a p\u0159esnostn\u00edch v\u00fdhod t\u011b\u017ek\u00e9 hlavn\u011b. Zal\u00ed\u010d\u00ed se rychle z poln\u00edch pozic, dob\u0159e se bal\u00ed a rychle p\u0159ech\u00e1z\u00ed mezi c\u00edli.<\/p>\n<h3>Match spou\u0161\u0165 HACT<\/h3>\n<p>Dvoustup\u0148ov\u00e1 spou\u0161\u0165 HACT p\u0159ich\u00e1z\u00ed nastaven\u00e1 z v\u00fdroby v rozsahu 2,5 \u2013 3 lb. Lehk\u00fd prvn\u00ed stupe\u0148 p\u0159ech\u00e1z\u00ed do \u010dist\u00e9ho a konzistentn\u00edho zlomu druh\u00e9ho stupn\u011b \u2014 pocit spou\u0161t\u011b, kter\u00fd o\u010dek\u00e1v\u00e1te od aftermarketu, dod\u00e1n jako tov\u00e1rn\u00ed standard.<\/p>\n<h3>Pa\u017eba Hogue OverMolded s pil\u00ed\u0159i<\/h3>\n<p>Syntetick\u00e1 pa\u017eba Hogue OverMolded poskytuje bezpe\u010dn\u00e9 dr\u017een\u00ed v ka\u017ed\u00e9m po\u010das\u00ed, tichou manipulaci v ter\u00e9nu a hlin\u00edkov\u00e9 pil\u00ed\u0159e, kter\u00e9 udr\u017euj\u00ed nulu stabiln\u00ed p\u0159i zm\u011bn\u00e1ch teploty a vlhkosti. Poutka pro popruh a botka Hogue dopl\u0148uj\u00ed pa\u017ebu, kter\u00e1 prost\u011b funguje.<\/p>\n<h3>Premium komponenty v balen\u00ed<\/h3>\n<ul>\n<li>Kovan\u00e1 akce HOWA 1500<\/li>\n<li>Hlave\u0148 20&#8243; profil #6 t\u011b\u017ek\u00fd, se z\u00e1vitem, \u010dern\u011bn\u00e1<\/li>\n<li>Z\u00e1vit \u00fast\u00ed 5\/8&#8243;-24 (p\u0159ipraveno pro tlumi\u010d\/brzdu)<\/li>\n<li>Syntetick\u00e1 pa\u017eba Hogue OverMolded s pil\u00ed\u0159i (\u010dern\u00e1)<\/li>\n<li>Dvoustup\u0148ov\u00e1 match spou\u0161\u0165 HACT<\/li>\n<li>T\u0159\u00edpolohov\u00e1 pojistka<\/li>\n<li>Tov\u00e1rn\u00ed z\u00e1ruka p\u0159esnosti sub-MOA<\/li>\n<\/ul>\n<h3>Technick\u00e9 \u00fadaje<\/h3>\n<table>\n<tr>\n<th>Mechanismus<\/th>\n<td>HOWA 1500, jednod\u00edln\u00fd kovan\u00fd z\u00e1v\u011br, dvojit\u00e9 uzamykac\u00ed v\u00fdstupky<\/td>\n<\/tr>\n<tr>\n<th>R\u00e1\u017ee<\/th>\n<td>.308 Winchester<\/td>\n<\/tr>\n<tr>\n<th>D\u00e9lka hlavn\u011b<\/th>\n<td>20&#8243;<\/td>\n<\/tr>\n<tr>\n<th>Profil hlavn\u011b<\/th>\n<td>#6 t\u011b\u017ek\u00fd, z\u00e1vitov\u00e1, \u010dern\u011bn\u00e1<\/td>\n<\/tr>\n<tr>\n<th>Stoup\u00e1n\u00ed<\/th>\n<td>1:10&#8243; prav\u00e9<\/td>\n<\/tr>\n<tr>\n<th>Z\u00e1vit \u00fast\u00ed<\/th>\n<td>5\/8&#8243;-24 UNEF<\/td>\n<\/tr>\n<tr>\n<th>Celkov\u00e1 d\u00e9lka<\/th>\n<td>40,25&#8243;<\/td>\n<\/tr>\n<tr>\n<th>D\u00e9lka pa\u017eby<\/th>\n<td>13,87&#8243;<\/td>\n<\/tr>\n<tr>\n<th>Hmotnost<\/th>\n<td>8,5 lbs<\/td>\n<\/tr>\n<tr>\n<th>Pa\u017eba<\/th>\n<td>\u010cern\u00e1 Hogue OverMolded, hlin\u00edkov\u00e9 pil\u00ed\u0159e<\/td>\n<\/tr>\n<tr>\n<th>Spou\u0161\u0165<\/th>\n<td>HACT match dvoustup\u0148ov\u00e1<\/td>\n<\/tr>\n<tr>\n<th>Pojistka<\/th>\n<td>T\u0159\u00edpolohov\u00e1<\/td>\n<\/tr>\n<tr>\n<th>Povrch<\/th>\n<td>\u010cern\u011bn\u00fd<\/td>\n<\/tr>\n<tr>\n<th>Z\u00e1ruka p\u0159esnosti<\/th>\n<td>Sub-1 MOA (3 v\u00fdst\u0159ely @ 100 yds, pr\u00e9miov\u00e9 st\u0159elivo)<\/td>\n<\/tr>\n<\/table>\n","protected":false},"excerpt":{"rendered":"<p>Kr\u00e1tk\u00e1 HOWA 1500 se z\u00e1vitovou hlavn\u00ed 20&#8243; v r\u00e1\u017ei .308 Winchester \u2014 kompaktn\u00ed p\u0159esn\u00fd varminter a obl\u00edben\u00fd hostitel tlumi\u010de. Hlave\u0148 profil #6 t\u011b\u017ek\u00fd, z\u00e1vit 5\/8&#8243;-24, pa\u017eba Hogue s pil\u00ed\u0159i, tov\u00e1rn\u00ed z\u00e1ruka sub-MOA.<\/p>\n","protected":false},"featured_media":752891,"template":"","meta":{"_acf_changed":false},"product_brand":[16230],"product_cat":[12662,16040,12709],"product_tag":[],"class_list":{"0":"post-752890","1":"product","2":"type-product","3":"status-publish","4":"has-post-thumbnail","6":"product_brand-howa","7":"product_cat-licencovane","8":"product_cat-bolt-action-rifles-cs","9":"product_cat-puska","11":"first","12":"instock","13":"taxable","14":"shipping-taxable","15":"product-type-simple"},"acf":[],"_links":{"self":[{"href":"https:\/\/nbg.eu\/cs\/wp-json\/wp\/v2\/product\/752890","targetHints":{"allow":["GET"]}}],"collection":[{"href":"https:\/\/nbg.eu\/cs\/wp-json\/wp\/v2\/product"}],"about":[{"href":"https:\/\/nbg.eu\/cs\/wp-json\/wp\/v2\/types\/product"}],"wp:featuredmedia":[{"embeddable":true,"href":"https:\/\/nbg.eu\/cs\/wp-json\/wp\/v2\/media\/752891"}],"wp:attachment":[{"href":"https:\/\/nbg.eu\/cs\/wp-json\/wp\/v2\/media?parent=752890"}],"wp:term":[{"taxonomy":"product_brand","embeddable":true,"href":"https:\/\/nbg.eu\/cs\/wp-json\/wp\/v2\/product_brand?post=752890"},{"taxonomy":"product_cat","embeddable":true,"href":"https:\/\/nbg.eu\/cs\/wp-json\/wp\/v2\/product_cat?post=752890"},{"taxonomy":"product_tag","embeddable":true,"href":"https:\/\/nbg.eu\/cs\/wp-json\/wp\/v2\/product_tag?post=752890"}],"curies":[{"name":"wp","href":"https:\/\/api.w.org\/{rel}","templated":true}]}}