{"id":752920,"date":"2026-04-22T14:06:45","date_gmt":"2026-04-22T11:06:45","guid":{"rendered":"https:\/\/nbg.eu\/product\/samonabijeci-puska-ruger-ar-556-mpr-18-raze-223-rem\/"},"modified":"2026-05-07T17:47:41","modified_gmt":"2026-05-07T14:47:41","slug":"samonabijeci-puska-ruger-ar-556-mpr-18-raze-223-rem","status":"publish","type":"product","link":"https:\/\/nbg.eu\/cs\/produkt\/samonabijeci-puska-ruger-ar-556-mpr-18-raze-223-rem\/","title":{"rendered":"Ruger AR-556 MPR 18 samonab\u00edjec\u00ed pu\u0161ka, r\u00e1\u017ee .223 Rem"},"content":{"rendered":"<h2>Samonab\u00edjec\u00ed pu\u0161ka Ruger AR-556 MPR 18 .223 Rem<\/h2>\n<p>MPR 18 palc\u016f je navr\u017een pro p\u0159esnost na st\u0159edn\u00ed vzd\u00e1lenost, spojuje 18&#8243; za studena kovanou hlave\u0148 s plynov\u00fdm syst\u00e9mem d\u00e9lky rifle pro nejplynulej\u0161\u00ed cyklus v MPR \u0159ad\u011b. Zachov\u00e1v\u00e1 pr\u00e9miov\u00e9 vlastnosti MPR: 15&#8243; voln\u011b plovouc\u00ed M-LOK p\u0159edpa\u017eb\u00ed, dvoustup\u0148ov\u00fd AR-Trigger Ruger Elite 452 s \u010dist\u00fdm stiskem 4,5 lb a kovan\u00e9 p\u0159ij\u00edma\u010de 7075-T6 anodizovan\u00e9 Type III. Del\u0161\u00ed hlave\u0148 a port plynu d\u00e9lky rifle d\u00e1vaj\u00ed lep\u0161\u00ed rychlost, ni\u017e\u0161\u00ed tlak v portu a vylep\u0161enou p\u0159esnost s t\u011b\u017e\u0161\u00edmi st\u0159elami (a\u017e 77 gr) \u2014 siln\u00e1 volba pro st\u0159elce, kter\u00fd chce jednu AR pro obrannou i p\u0159esnou pr\u00e1ci.<\/p>\n<h3>Plynov\u00fd syst\u00e9m d\u00e9lky rifle<\/h3>\n<p>Plynov\u00fd syst\u00e9m d\u00e9lky rifle je nejdel\u0161\u00ed standardn\u00ed AR-15 plynov\u00fd syst\u00e9m. Del\u0161\u00ed doba prodlevy znamen\u00e1 ni\u017e\u0161\u00ed tlak v portu, co\u017e se projevuje v m\u00e9n\u011b n\u00e1siln\u00e9m cyklov\u00e1n\u00ed z\u00e1v\u011bru, men\u0161\u00edm opot\u0159eben\u00ed a plynuleji st\u0159\u00edlej\u00edc\u00ed pu\u0161ce. Je to nejvyzr\u00e1lej\u0161\u00ed konfigurace pro hlave\u0148 t\u0159\u00eddy 18&#8243;.<\/p>\n<h3>18&#8243; za studena kovan\u00e1 voln\u011b plovouc\u00ed hlave\u0148<\/h3>\n<p>Hlave\u0148 18&#8243; z\u00edsk\u00e1v\u00e1 v\u00edce rychlosti z .223 \/ 5.56 ne\u017e typick\u00e1 16&#8243;, zejm\u00e9na s 69\u201377-gr match st\u0159elami. Voln\u011b plovouc\u00ed hlave\u0148 br\u00e1n\u00ed p\u0159edpa\u017eb\u00ed ovliv\u0148ovat harmoniku, a 5-dr\u00e1\u017ekov\u00fd za studena kovan\u00fd v\u00fdvrt poskytuje vynikaj\u00edc\u00ed p\u0159esnost p\u0159\u00edmo z v\u00fdroby.<\/p>\n<h3>Dvoustup\u0148ov\u00e1 spou\u0161\u0165 Ruger Elite 452<\/h3>\n<p>Stejn\u00e1 dvoustup\u0148ov\u00e1 spou\u0161\u0165 jako u MPR 16&#8243; \u2014 ~4,5 lb, \u010dist\u00e1, p\u0159edv\u00eddateln\u00e1 \u2014 je ide\u00e1ln\u00ed partner pro p\u0159esnou pr\u00e1ci na del\u0161\u00edch vzd\u00e1lenostech.<\/p>\n<h3>Voln\u011b plovouc\u00ed M-LOK p\u0159edpa\u017eb\u00ed 15&#8243;<\/h3>\n<p>Dal\u0161\u00ed 1,5 palce p\u0159edpa\u017eb\u00ed oproti MPR 16&#8243; d\u00e1vaj\u00ed v\u00edce m\u00edsta pro um\u00edst\u011bn\u00ed ruky, upevn\u011bn\u00ed dvojno\u017eky a mont\u00e1\u017e p\u0159\u00edslu\u0161enstv\u00ed, zat\u00edmco hlave\u0148 st\u00e1le plave \u010dist\u011b.<\/p>\n<h3>Premium komponenty v balen\u00ed<\/h3>\n<ul>\n<li>Dvoustup\u0148ov\u00fd AR-Trigger Ruger Elite 452, ~4,5 lb<\/li>\n<li>Voln\u011b plovouc\u00ed M-LOK p\u0159edpa\u017eb\u00ed 15&#8243;<\/li>\n<li>Plynov\u00fd syst\u00e9m d\u00e9lky rifle<\/li>\n<li>Kovan\u00e9 p\u0159ij\u00edma\u010de 7075-T6, pod\u00e1vac\u00ed rampy M4, anodizovan\u00e9 Type III<\/li>\n<\/ul>\n<h3>Technick\u00e9 \u00fadaje<\/h3>\n<table>\n<tr>\n<th>Mechanismus<\/th>\n<td>Samonab\u00edjec\u00ed, p\u0159\u00edm\u00fd odb\u011br plyn\u016f<\/td>\n<\/tr>\n<tr>\n<th>R\u00e1\u017ee<\/th>\n<td>5.56 NATO \/ .223 Rem<\/td>\n<\/tr>\n<tr>\n<th>D\u00e9lka hlavn\u011b<\/th>\n<td>18&#8243;<\/td>\n<\/tr>\n<tr>\n<th>Materi\u00e1l hlavn\u011b<\/th>\n<td>Chrom-molybdenov\u00e1 4140 za studena kovan\u00e1, 5 dr\u00e1\u017eek, voln\u011b plovouc\u00ed<\/td>\n<\/tr>\n<tr>\n<th>Stoup\u00e1n\u00ed<\/th>\n<td>1:8&#8243; prav\u00e9<\/td>\n<\/tr>\n<tr>\n<th>Z\u00e1vit \u00fast\u00ed<\/th>\n<td>1\/2&#8243;-28<\/td>\n<\/tr>\n<tr>\n<th>Plynov\u00fd syst\u00e9m<\/th>\n<td>D\u00e9lka rifle<\/td>\n<\/tr>\n<tr>\n<th>P\u0159ij\u00edma\u010de<\/th>\n<td>Kovan\u00fd hlin\u00edk 7075-T6, anodizovan\u00e9 Type III, pod\u00e1vac\u00ed rampy M4<\/td>\n<\/tr>\n<tr>\n<th>Spou\u0161\u0165<\/th>\n<td>Ruger Elite 452 AR-Trigger dvoustup\u0148ov\u00e1, ~4,5 lb<\/td>\n<\/tr>\n<tr>\n<th>P\u0159edpa\u017eb\u00ed<\/th>\n<td>15&#8243; voln\u011b plovouc\u00ed M-LOK<\/td>\n<\/tr>\n<tr>\n<th>Pa\u017eba<\/th>\n<td>Magpul MOE SL, teleskopick\u00e1<\/td>\n<\/tr>\n<tr>\n<th>Rukoje\u0165<\/th>\n<td>Magpul MOE<\/td>\n<\/tr>\n<tr>\n<th>Hmotnost<\/th>\n<td>6,8 lb<\/td>\n<\/tr>\n<tr>\n<th>Celkov\u00e1 d\u00e9lka<\/th>\n<td>35,00&#8243; \u2013 38,25&#8243;<\/td>\n<\/tr>\n<\/table>\n","protected":false},"excerpt":{"rendered":"<p>P\u0159esn\u00e1 AR-15 st\u0159edn\u00edho dosahu s 18&#8243; za studena kovanou voln\u011b plovouc\u00ed hlavn\u00ed, plynov\u00fdm syst\u00e9mem d\u00e9lky rifle, dvoustup\u0148ovou spou\u0161t\u00ed Ruger Elite 452, M-LOK p\u0159edpa\u017eb\u00edm 15&#8243; a vybaven\u00edm Magpul MOE SL.<\/p>\n","protected":false},"featured_media":752921,"template":"","meta":{"_acf_changed":false},"product_brand":[16232],"product_cat":[16190,12641,12662,12709,15791],"product_tag":[],"class_list":{"0":"post-752920","1":"product","2":"type-product","3":"status-publish","4":"has-post-thumbnail","6":"product_brand-ruger","7":"product_cat-ar-15-rifles-cs","8":"product_cat-karabiny","9":"product_cat-licencovane","10":"product_cat-puska","11":"product_cat-semi-automatic-rifles-cs","13":"first","14":"instock","15":"taxable","16":"shipping-taxable","17":"product-type-simple"},"acf":[],"_links":{"self":[{"href":"https:\/\/nbg.eu\/cs\/wp-json\/wp\/v2\/product\/752920","targetHints":{"allow":["GET"]}}],"collection":[{"href":"https:\/\/nbg.eu\/cs\/wp-json\/wp\/v2\/product"}],"about":[{"href":"https:\/\/nbg.eu\/cs\/wp-json\/wp\/v2\/types\/product"}],"wp:featuredmedia":[{"embeddable":true,"href":"https:\/\/nbg.eu\/cs\/wp-json\/wp\/v2\/media\/752921"}],"wp:attachment":[{"href":"https:\/\/nbg.eu\/cs\/wp-json\/wp\/v2\/media?parent=752920"}],"wp:term":[{"taxonomy":"product_brand","embeddable":true,"href":"https:\/\/nbg.eu\/cs\/wp-json\/wp\/v2\/product_brand?post=752920"},{"taxonomy":"product_cat","embeddable":true,"href":"https:\/\/nbg.eu\/cs\/wp-json\/wp\/v2\/product_cat?post=752920"},{"taxonomy":"product_tag","embeddable":true,"href":"https:\/\/nbg.eu\/cs\/wp-json\/wp\/v2\/product_tag?post=752920"}],"curies":[{"name":"wp","href":"https:\/\/api.w.org\/{rel}","templated":true}]}}