{"id":752927,"date":"2026-04-22T14:06:47","date_gmt":"2026-04-22T11:06:47","guid":{"rendered":"https:\/\/nbg.eu\/product\/samonabijeci-karabina-ruger-pc-carbine-raze-9x19\/"},"modified":"2026-04-30T17:24:18","modified_gmt":"2026-04-30T14:24:18","slug":"samonabijeci-karabina-ruger-pc-carbine-raze-9x19","status":"publish","type":"product","link":"https:\/\/nbg.eu\/cs\/produkt\/samonabijeci-karabina-ruger-pc-carbine-raze-9x19\/","title":{"rendered":"Samonab\u00edjec\u00ed karabina Ruger PC Carbine, r\u00e1\u017ee 9&#215;19"},"content":{"rendered":"<h2>Samonab\u00edjec\u00ed karabina Ruger PC Carbine 9&#215;19<\/h2>\n<p>Ruger PC Carbine je 9 mm karabina pistolov\u00e9 r\u00e1\u017ee se syst\u00e9mem takedown, kter\u00e1 kombinuje ovl\u00e1d\u00e1n\u00ed legend\u00e1rn\u00ed 10\/22 s modularitou, kterou modern\u00ed st\u0159elci po\u017eaduj\u00ed. Jej\u00ed charakteristickou funkc\u00ed je syst\u00e9m vym\u011bniteln\u00fdch \u0161achet z\u00e1sobn\u00edku \u2014 dod\u00e1v\u00e1 se s nainstalovanou \u0161achtou Ruger SR-Series \/ Security-9 a druhou \u0161achtou Glock v krabici, umo\u017e\u0148uj\u00edc\u00ed karabin\u011b sd\u00edlet st\u0159elivo a z\u00e1sobn\u00edky s mnoha popul\u00e1rn\u00edmi pistolemi 9 mm.<\/p>\n<h3>Dead-blow akce s wolframem<\/h3>\n<p>Zak\u00e1zkov\u00e9 wolframov\u00e9 dead-blow z\u00e1va\u017e\u00ed zkracuje pohyb z\u00e1v\u011bru a drasticky sni\u017euje poci\u0165ovan\u00fd zp\u011btn\u00fd r\u00e1z a zved\u00e1n\u00ed \u00fast\u00ed. V\u00fdsledek: rychlej\u0161\u00ed n\u00e1sledn\u00e9 v\u00fdst\u0159ely a znateln\u011b plynulej\u0161\u00ed impuls ne\u017e u typick\u00fdch blowback 9 mm karabin.<\/p>\n<h3>Konstrukce takedown<\/h3>\n<p>Syst\u00e9m rychl\u00e9ho takedown odd\u011bluje hlave\u0148\/p\u0159edpa\u017eb\u00ed od akce v sekund\u00e1ch pro kompaktn\u00ed skladov\u00e1n\u00ed nebo p\u0159epravu. Sestaven\u00ed je tak jednoduch\u00e9 jako stisknut\u00ed p\u00e1\u010dky takedown a oto\u010den\u00ed p\u0159edpa\u017eb\u00ed zp\u011bt na m\u00edsto.<\/p>\n<h3>Vym\u011bniteln\u00e9 \u0161achty z\u00e1sobn\u00edku<\/h3>\n<p>PC Carbine se dod\u00e1v\u00e1 s nainstalovanou \u0161achtou Ruger SR-series \/ Security-9 a \u0161achtou stylu Glock v krabici. Zm\u011bna je bezn\u00e1strojov\u00e1. M\u016f\u017eete sd\u00edlet z\u00e1sobn\u00edky a st\u0159elivo s va\u0161\u00ed pistol\u00ed Ruger nebo Glock, zjednodu\u0161uj\u00edc logistiku tr\u00e9ninku a dom\u00e1c\u00ed obrany.<\/p>\n<h3>Oboustrann\u00e9 ovl\u00e1dac\u00ed prvky<\/h3>\n<p>Tla\u010d\u00edtko z\u00e1sobn\u00edku i p\u00e1\u010dka nap\u00edna\u010de jsou oboustrann\u00e9 pro levoruk\u00e9 nebo pravoruk\u00e9 pou\u017eit\u00ed \u2014 vz\u00e1cn\u00e1 funkce v t\u00e9to t\u0159\u00edd\u011b karabiny.<\/p>\n<h3>Z\u00e1vitov\u00e1 za studena kovan\u00e1 hlave\u0148<\/h3>\n<p>Za studena kovan\u00e1, dr\u00e1\u017ekovan\u00e1, chrom-molybdenov\u00e1 hlave\u0148 16,12&#8243; m\u00e1 z\u00e1vit 1\/2&#8243;-28 pro tlumi\u010de nebo \u00fas\u0165ov\u00e1 za\u0159\u00edzen\u00ed a dod\u00e1v\u00e1 se s ochrann\u00fdm krytem.<\/p>\n<h3>Premium komponenty v balen\u00ed<\/h3>\n<ul>\n<li>Dead-blow akce s wolframem pro sn\u00ed\u017een\u00fd zp\u011btn\u00fd r\u00e1z<\/li>\n<li>Konstrukce takedown s rychl\u00fdm odd\u011blen\u00edm hlavn\u011b\/p\u0159edpa\u017eb\u00ed<\/li>\n<li>Z\u00e1vitov\u00e1, dr\u00e1\u017ekovan\u00e1, za studena kovan\u00e1 hlave\u0148 (ochrann\u00fd kryt v balen\u00ed)<\/li>\n<li>Pa\u017eba s nastaviteln\u00fdm LOP s t\u0159emi rozp\u011brkami 0,5&#8243;<\/li>\n<li>Nastaviteln\u00e1 zadn\u00ed m\u00ed\u0159idla ghost-ring, chr\u00e1n\u011bn\u00e1 p\u0159edn\u00ed mu\u0161ka<\/li>\n<\/ul>\n<h3>Technick\u00e9 \u00fadaje<\/h3>\n<table>\n<tr>\n<th>Akce<\/th>\n<td>Samonab\u00edjec\u00ed blowback s wolframov\u00fdm dead-blow z\u00e1va\u017e\u00edm<\/td>\n<\/tr>\n<tr>\n<th>R\u00e1\u017ee<\/th>\n<td>9 mm Luger (9&#215;19)<\/td>\n<\/tr>\n<tr>\n<th>D\u00e9lka hlavn\u011b<\/th>\n<td>16,12&#8243;<\/td>\n<\/tr>\n<tr>\n<th>Materi\u00e1l hlavn\u011b<\/th>\n<td>Chrom-molybdenov\u00e1 za studena kovan\u00e1, dr\u00e1\u017ekovan\u00e1, z\u00e1vit 1\/2&#8243;-28<\/td>\n<\/tr>\n<tr>\n<th>Stoup\u00e1n\u00ed<\/th>\n<td>1:10&#8243; prav\u00e9, 6 dr\u00e1\u017eek<\/td>\n<\/tr>\n<tr>\n<th>Celkov\u00e1 d\u00e9lka<\/th>\n<td>34,37&#8243;<\/td>\n<\/tr>\n<tr>\n<th>D\u00e9lka pa\u017eby<\/th>\n<td>12,62&#8243; \u2013 14,12&#8243; (s t\u0159emi rozp\u011brkami 0,5&#8243;)<\/td>\n<\/tr>\n<tr>\n<th>Hmotnost<\/th>\n<td>6,8 lb<\/td>\n<\/tr>\n<tr>\n<th>Pouzdro<\/th>\n<td>Hlin\u00edk billet 7075-T6 obroben\u00fd CNC, anodizovan\u00e9 Type III<\/td>\n<\/tr>\n<tr>\n<th>Spou\u0161\u0165<\/th>\n<td>Stylu 10\/22 jednostup\u0148ov\u00e1<\/td>\n<\/tr>\n<tr>\n<th>M\u00ed\u0159idla<\/th>\n<td>Chr\u00e1n\u011bn\u00e1 p\u0159edn\u00ed mu\u0161ka, nastaviteln\u00e1 zadn\u00ed ghost-ring; horn\u00ed li\u0161ta Picatinny<\/td>\n<\/tr>\n<\/table>\n","protected":false},"excerpt":{"rendered":"<p>9 mm karabina pistolov\u00e9 r\u00e1\u017ee s funkc\u00ed takedown. Dead-blow akce s wolframem sni\u017euje zp\u011btn\u00fd r\u00e1z, oboustrann\u00e9 ovl\u00e1dac\u00ed prvky, dr\u00e1\u017ekovan\u00e1 z\u00e1vitov\u00e1 hlave\u0148 16,12&#8243;.<\/p>\n","protected":false},"featured_media":755002,"template":"","meta":{"_acf_changed":false},"product_brand":[16232],"product_cat":[12641,12662,12674,12709,15791],"product_tag":[],"class_list":{"0":"post-752927","1":"product","2":"type-product","3":"status-publish","4":"has-post-thumbnail","6":"product_brand-ruger","7":"product_cat-karabiny","8":"product_cat-licencovane","9":"product_cat-pcc","10":"product_cat-puska","11":"product_cat-semi-automatic-rifles-cs","13":"first","14":"instock","15":"taxable","16":"shipping-taxable","17":"product-type-simple"},"acf":[],"_links":{"self":[{"href":"https:\/\/nbg.eu\/cs\/wp-json\/wp\/v2\/product\/752927","targetHints":{"allow":["GET"]}}],"collection":[{"href":"https:\/\/nbg.eu\/cs\/wp-json\/wp\/v2\/product"}],"about":[{"href":"https:\/\/nbg.eu\/cs\/wp-json\/wp\/v2\/types\/product"}],"wp:featuredmedia":[{"embeddable":true,"href":"https:\/\/nbg.eu\/cs\/wp-json\/wp\/v2\/media\/755002"}],"wp:attachment":[{"href":"https:\/\/nbg.eu\/cs\/wp-json\/wp\/v2\/media?parent=752927"}],"wp:term":[{"taxonomy":"product_brand","embeddable":true,"href":"https:\/\/nbg.eu\/cs\/wp-json\/wp\/v2\/product_brand?post=752927"},{"taxonomy":"product_cat","embeddable":true,"href":"https:\/\/nbg.eu\/cs\/wp-json\/wp\/v2\/product_cat?post=752927"},{"taxonomy":"product_tag","embeddable":true,"href":"https:\/\/nbg.eu\/cs\/wp-json\/wp\/v2\/product_tag?post=752927"}],"curies":[{"name":"wp","href":"https:\/\/api.w.org\/{rel}","templated":true}]}}