{"id":752940,"date":"2026-04-22T14:06:51","date_gmt":"2026-04-22T11:06:51","guid":{"rendered":"https:\/\/nbg.eu\/product\/samonabijeci-puska-lwrc-di-raze-223-rem\/"},"modified":"2026-05-07T17:48:49","modified_gmt":"2026-05-07T14:48:49","slug":"samonabijeci-puska-lwrc-di-raze-223-rem","status":"publish","type":"product","link":"https:\/\/nbg.eu\/cs\/produkt\/samonabijeci-puska-lwrc-di-raze-223-rem\/","title":{"rendered":"LWRC DI samonab\u00edjec\u00ed pu\u0161ka, r\u00e1\u017ee .223 Rem"},"content":{"rendered":"<h2>Samonab\u00edjec\u00ed pu\u0161ka LWRC DI .223 Rem<\/h2>\n<p>LWRC IC-DI je direct impingement varianta rodiny Individual Carbine, postaven\u00e1 na jednod\u00edln\u00e9m monokovan\u00e9m horn\u00edm p\u0159ij\u00edma\u010di LWRC a kombinuj\u00edc\u00ed za studena kovanou, NiCorr o\u0161et\u0159enou hlave\u0148 16,1&#8243; LWRC s mid-length DGI syst\u00e9mem. Pou\u017e\u00edv\u00e1 plnod\u00e9lkov\u00e9 voln\u011b plovouc\u00ed M-LOK p\u0159edpa\u017eb\u00ed, oboustrannou p\u00e1\u010dku nap\u00edna\u010de LWRC a jejich pokro\u010dil\u00fd lu\u010d\u00edk navr\u017een\u00fd pro manipulaci s rukavicemi. C\u00edl\u00ed na u\u017eivatele, kte\u0159\u00ed cht\u011bj\u00ed kvalitu v\u00fdroby a ergonomii LWRC bez n\u00e1klad\u016f nebo hmotnosti short-stroke p\u00edstov\u00e9ho IC-A5.<\/p>\n<h3>LWRC monokovan\u00fd horn\u00ed p\u0159ij\u00edma\u010d<\/h3>\n<p>Charakteristick\u00fd jednod\u00edln\u00fd monokovan\u00fd horn\u00ed p\u0159ij\u00edma\u010d LWRC integruje rozhran\u00ed mont\u00e1\u017ee p\u0159edpa\u017eb\u00ed jako sou\u010d\u00e1st v\u00fdkovku. To vytv\u00e1\u0159\u00ed tu\u017e\u0161\u00ed, siln\u011bj\u0161\u00ed horn\u00ed p\u0159ij\u00edma\u010d ne\u017e li\u0161tov\u00e9 syst\u00e9my upevn\u011bn\u00e9 \u0161rouby a udr\u017euje nulu jak\u00e9koliv optiky namontovan\u00e9 na plnod\u00e9lkov\u00e9 horn\u00ed li\u0161t\u011b.<\/p>\n<h3>Za studena kovan\u00e1 NiCorr hlave\u0148<\/h3>\n<p>Hlave\u0148 16,1&#8243; je za studena kovan\u00e1 a o\u0161et\u0159en\u00e1 NiCorr \u2014 nitrida\u010dn\u00ed proces, kter\u00fd vytv\u00e1\u0159\u00ed mimo\u0159\u00e1dn\u011b tvrd\u00e9, korozi odoln\u00e9 pod\u0161\u00edvkov\u00e1n\u00ed v\u00fdvrtu s v\u00fdjime\u010dnou \u017eivotnost\u00ed. Spir\u00e1lov\u00e9 dr\u00e1\u017eky sni\u017euj\u00ed hmotnost p\u0159i pom\u00e1h\u00e1n\u00ed rozptylu tepla.<\/p>\n<h3>Oboustrann\u00e1 p\u00e1\u010dka nap\u00edna\u010de<\/h3>\n<p>Oboustrann\u00e1 p\u00e1\u010dka nap\u00edna\u010de LWRC m\u00e1 nadrozm\u011brn\u00e9 z\u00e1padky na obou stran\u00e1ch, umo\u017e\u0148uj\u00edc\u00ed rychlou, pozitivn\u00ed manipulaci jednou rukou nebo v poloze ramene.<\/p>\n<h3>Pokro\u010dil\u00fd lu\u010d\u00edk LWRCI<\/h3>\n<p>Zv\u011bt\u0161en\u00fd &#8222;winter-glove friendly&#8220; lu\u010d\u00edk je odlit jako sou\u010d\u00e1st doln\u00edho p\u0159ij\u00edma\u010de a pojme objemn\u00e9 rukavice bez nutnosti aftermarketov\u00e9 instalace.<\/p>\n<h3>Premium komponenty v balen\u00ed<\/h3>\n<ul>\n<li>Jednod\u00edln\u00fd monokovan\u00fd horn\u00ed p\u0159ij\u00edma\u010d LWRCI, 7075-T6<\/li>\n<li>16,1&#8243; za studena kovan\u00e1 NiCorr o\u0161et\u0159en\u00e1 spir\u00e1ln\u011b dr\u00e1\u017ekovan\u00e1 hlave\u0148<\/li>\n<li>Mid-length DGI plynov\u00fd syst\u00e9m<\/li>\n<li>Plnod\u00e9lkov\u00e9 voln\u011b plovouc\u00ed M-LOK p\u0159edpa\u017eb\u00ed s vylep\u0161enou horn\u00ed li\u0161tou<\/li>\n<li>Oboustrann\u00e1 p\u00e1\u010dka nap\u00edna\u010de<\/li>\n<li>Pokro\u010dil\u00fd lu\u010d\u00edk LWRCI<\/li>\n<li>Kompaktn\u00ed nastaviteln\u00e1 \u0161estipozi\u010dn\u00ed pa\u017eba LWRCI<\/li>\n<li>Buffer H2 pro plynulej\u0161\u00ed impuls<\/li>\n<\/ul>\n<h3>Technick\u00e9 \u00fadaje<\/h3>\n<table>\n<tr>\n<th>Mechanismus<\/th>\n<td>Samonab\u00edjec\u00ed, p\u0159\u00edm\u00fd odb\u011br plyn\u016f, mid-length<\/td>\n<\/tr>\n<tr>\n<th>R\u00e1\u017ee<\/th>\n<td>5.56 NATO \/ .223 Rem<\/td>\n<\/tr>\n<tr>\n<th>D\u00e9lka hlavn\u011b<\/th>\n<td>16,1&#8243;<\/td>\n<\/tr>\n<tr>\n<th>Hlave\u0148<\/th>\n<td>Za studena kovan\u00e1, NiCorr o\u0161et\u0159en\u00e1, spir\u00e1ln\u011b dr\u00e1\u017ekovan\u00e1<\/td>\n<\/tr>\n<tr>\n<th>Stoup\u00e1n\u00ed<\/th>\n<td>1:7&#8243;<\/td>\n<\/tr>\n<tr>\n<th>Horn\u00ed p\u0159ij\u00edma\u010d<\/th>\n<td>Hlin\u00edk 7075-T6 monokovan\u00fd LWRCI<\/td>\n<\/tr>\n<tr>\n<th>Doln\u00ed p\u0159ij\u00edma\u010d<\/th>\n<td>Kovan\u00fd hlin\u00edk 7075-T6<\/td>\n<\/tr>\n<tr>\n<th>P\u0159edpa\u017eb\u00ed<\/th>\n<td>LWRCI M-LOK voln\u011b plovouc\u00ed, plnod\u00e9lkov\u00e9<\/td>\n<\/tr>\n<tr>\n<th>Pa\u017eba<\/th>\n<td>LWRCI kompaktn\u00ed nastaviteln\u00e1 \u0161estipozi\u010dn\u00ed<\/td>\n<\/tr>\n<tr>\n<th>Rukoje\u0165<\/th>\n<td>Magpul MOE+<\/td>\n<\/tr>\n<tr>\n<th>P\u00e1\u010dka nap\u00edna\u010de<\/th>\n<td>Oboustrann\u00e1<\/td>\n<\/tr>\n<tr>\n<th>\u00das\u0165ov\u00e9 za\u0159\u00edzen\u00ed<\/th>\n<td>A2 \u00fas\u0165ov\u00e1 ozdoba<\/td>\n<\/tr>\n<tr>\n<th>Buffer<\/th>\n<td>H2 s mil-spec pru\u017einou<\/td>\n<\/tr>\n<tr>\n<th>Povrch<\/th>\n<td>\u010cern\u00fd \/ Tungsten Gray \/ FDE \/ Burnt Bronze (Cerakote anodizace)<\/td>\n<\/tr>\n<tr>\n<th>Hmotnost<\/th>\n<td>~6,6 lb<\/td>\n<\/tr>\n<tr>\n<th>Celkov\u00e1 d\u00e9lka<\/th>\n<td>32&#8243; \u2013 35,25&#8243;<\/td>\n<\/tr>\n<\/table>\n","protected":false},"excerpt":{"rendered":"<p>Direct impingement varianta LWRC Individual Carbine. Jednod\u00edln\u00fd monokovan\u00fd horn\u00ed p\u0159ij\u00edma\u010d, 16,1&#8243; za studena kovan\u00e1 NiCorr o\u0161et\u0159en\u00e1 spir\u00e1ln\u011b dr\u00e1\u017ekovan\u00e1 hlave\u0148, mid-length plyn, plnod\u00e9lkov\u00e1 voln\u011b plovouc\u00ed M-LOK li\u0161ta, oboustrann\u00e1 p\u00e1\u010dka nap\u00edna\u010de.<\/p>\n","protected":false},"featured_media":755051,"template":"","meta":{"_acf_changed":false},"product_brand":[16235],"product_cat":[16190,12641,12662,12709,15791],"product_tag":[],"class_list":{"0":"post-752940","1":"product","2":"type-product","3":"status-publish","4":"has-post-thumbnail","6":"product_brand-lwrc","7":"product_cat-ar-15-rifles-cs","8":"product_cat-karabiny","9":"product_cat-licencovane","10":"product_cat-puska","11":"product_cat-semi-automatic-rifles-cs","13":"first","14":"instock","15":"taxable","16":"shipping-taxable","17":"product-type-simple"},"acf":[],"_links":{"self":[{"href":"https:\/\/nbg.eu\/cs\/wp-json\/wp\/v2\/product\/752940","targetHints":{"allow":["GET"]}}],"collection":[{"href":"https:\/\/nbg.eu\/cs\/wp-json\/wp\/v2\/product"}],"about":[{"href":"https:\/\/nbg.eu\/cs\/wp-json\/wp\/v2\/types\/product"}],"wp:featuredmedia":[{"embeddable":true,"href":"https:\/\/nbg.eu\/cs\/wp-json\/wp\/v2\/media\/755051"}],"wp:attachment":[{"href":"https:\/\/nbg.eu\/cs\/wp-json\/wp\/v2\/media?parent=752940"}],"wp:term":[{"taxonomy":"product_brand","embeddable":true,"href":"https:\/\/nbg.eu\/cs\/wp-json\/wp\/v2\/product_brand?post=752940"},{"taxonomy":"product_cat","embeddable":true,"href":"https:\/\/nbg.eu\/cs\/wp-json\/wp\/v2\/product_cat?post=752940"},{"taxonomy":"product_tag","embeddable":true,"href":"https:\/\/nbg.eu\/cs\/wp-json\/wp\/v2\/product_tag?post=752940"}],"curies":[{"name":"wp","href":"https:\/\/api.w.org\/{rel}","templated":true}]}}