{"id":752946,"date":"2026-04-22T14:06:53","date_gmt":"2026-04-22T11:06:53","guid":{"rendered":"https:\/\/nbg.eu\/product\/samonabijeci-puska-springfield-armory-saint-victor-fde-raze-223-rem\/"},"modified":"2026-05-07T17:49:42","modified_gmt":"2026-05-07T14:49:42","slug":"samonabijeci-puska-springfield-armory-saint-victor-fde-raze-223-rem","status":"publish","type":"product","link":"https:\/\/nbg.eu\/cs\/produkt\/samonabijeci-puska-springfield-armory-saint-victor-fde-raze-223-rem\/","title":{"rendered":"Springfield Armory Saint Victor FDE samonab\u00edjec\u00ed pu\u0161ka, r\u00e1\u017ee .223 Rem"},"content":{"rendered":"<h2>Samonab\u00edjec\u00ed pu\u0161ka Springfield Armory Saint Victor FDE .223 Rem<\/h2>\n<p>SAINT Victor 5.56 je vylep\u0161en\u00e1 \u00farove\u0148 rodiny SAINT: 16&#8243; CMV hlave\u0148 o\u0161et\u0159en\u00e1 Melonite s mid-length DGI, Accu-Tite napnut\u00fd 7075-T6 doln\u00ed p\u0159ij\u00edma\u010d, 15&#8243; hlin\u00edkov\u00e9 M-LOK voln\u011b plovouc\u00ed p\u0159edpa\u017eb\u00ed, ploch\u00e1 spou\u0161\u0165 s povlakem nikl-bor, sklopn\u00e1 pru\u017einov\u00e1 mechanick\u00e1 m\u00ed\u0159idla a Magpul MOE SL vybaven\u00ed v Flat Dark Earth. Victor posouv\u00e1 platformu SAINT vzh\u016fru s promy\u0161len\u00fdmi vylep\u0161en\u00edmi zam\u011b\u0159en\u00fdmi na servisn\u00ed, obrann\u00e9 a v\u0161eobecn\u00e9 pou\u017eit\u00ed.<\/p>\n<h3>Nap\u00ednac\u00ed syst\u00e9m Accu-Tite<\/h3>\n<p>Springfield Accu-Tite nap\u00edn\u00e1k eliminuje v\u016fli mezi horn\u00edm\/doln\u00edm p\u0159ij\u00edma\u010dem zat\u00ed\u017een\u00edm horn\u00edho proti doln\u00edmu pomoc\u00ed stav\u011bc\u00edho \u0161roubu. V\u00fdsledkem je t\u011bsn\u011bj\u0161\u00ed, konzistentn\u011bj\u0161\u00ed uzam\u010den\u00ed \u2014 bli\u017e\u0161\u00ed k zak\u00e1zkov\u011b upraven\u00e9 sad\u011b p\u0159ij\u00edma\u010d\u016f ne\u017e typick\u00fd mil-spec.<\/p>\n<h3>Ploch\u00e1 spou\u0161\u0165 s povlakem nikl-bor<\/h3>\n<p>Ploch\u00e1 GI jednostup\u0148ov\u00e1 spou\u0161\u0165 je povrstvena nikl-bor pro plynulost a odolnost proti korozi. Ploch\u00e1 tv\u00e1\u0159 d\u00e1v\u00e1 konzistentn\u00ed polohu prstu, a povlak sni\u017euje pl\u00ed\u017een\u00ed a opot\u0159eben\u00ed.<\/p>\n<h3>15&#8243; hlin\u00edkov\u00e9 M-LOK voln\u011b plovouc\u00ed p\u0159edpa\u017eb\u00ed<\/h3>\n<p>P\u0159edpa\u017eb\u00ed 15&#8243; je vyrobeno z hlin\u00edku a obsahuje uzamykac\u00ed jaz\u00fd\u010dky SA Springfield pro p\u0159idanou tuhost. Plnod\u00e9lkov\u00e1 horn\u00ed li\u0161ta Picatinny a M-LOK sloty po obvodu p\u0159ij\u00edmaj\u00ed jak\u00e9koliv b\u011b\u017en\u00e9 p\u0159\u00edslu\u0161enstv\u00ed. Magpul AFG \u00fahlov\u00fd p\u0159edn\u00ed \u00fachop je zahrnut.<\/p>\n<h3>Sklopn\u00e1 pru\u017einov\u00e1 BUIS<\/h3>\n<p>N\u00edzkoprofilov\u00e1, sklopn\u00e1 pru\u017einov\u00e1 mechanick\u00e1 m\u00ed\u0159idla vysko\u010d\u00ed na stisknut\u00ed tla\u010d\u00edtka a slo\u017e\u00ed se naplocho, kdy\u017e nejsou pot\u0159eba. Nab\u00edzej\u00ed spolehliv\u00e9 z\u00e1lo\u017en\u00ed nebo prim\u00e1rn\u00ed zam\u011b\u0159ovac\u00ed \u0159e\u0161en\u00ed vep\u0159edu a vzadu na horn\u00edm p\u0159ij\u00edma\u010di.<\/p>\n<h3>Vylep\u0161en\u00e9 M16 BCG<\/h3>\n<p>Vylep\u0161en\u00fd nosi\u010d z\u00e1v\u011bru profilu M16 se z\u00e1v\u011brem 9310, testovan\u00fd na vysok\u00fd tlak a kontrolovan\u00fd magnetick\u00fdmi \u010d\u00e1sticemi, dokon\u010den v Melonite pro \u017eivotnost a snadn\u00e9 \u010di\u0161t\u011bn\u00ed.<\/p>\n<h3>Premium komponenty v balen\u00ed<\/h3>\n<ul>\n<li>Nap\u00ednac\u00ed syst\u00e9m Accu-Tite<\/li>\n<li>Ploch\u00e1 spou\u0161\u0165 s povlakem nikl-bor<\/li>\n<li>15&#8243; hlin\u00edkov\u00e9 M-LOK voln\u011b plovouc\u00ed p\u0159edpa\u017eb\u00ed<\/li>\n<li>Hlave\u0148 CMV o\u0161et\u0159en\u00e1 Melonite, n\u00edzkoprofilov\u00fd pinned plynov\u00fd blok<\/li>\n<li>Sklopn\u00e1 pru\u017einov\u00e1 mechanick\u00e1 m\u00ed\u0159idla (p\u0159edn\u00ed + zadn\u00ed)<\/li>\n<li>Vylep\u0161en\u00e9 M16 BCG, z\u00e1v\u011br 9310, HPT\/MPI, Melonite<\/li>\n<li>Polstrovan\u00e9 pouzdro<\/li>\n<\/ul>\n<h3>Technick\u00e9 \u00fadaje<\/h3>\n<table>\n<tr>\n<th>Mechanismus<\/th>\n<td>Samonab\u00edjec\u00ed, p\u0159\u00edm\u00fd odb\u011br plyn\u016f, mid-length<\/td>\n<\/tr>\n<tr>\n<th>R\u00e1\u017ee<\/th>\n<td>5.56 NATO \/ .223 Rem<\/td>\n<\/tr>\n<tr>\n<th>D\u00e9lka hlavn\u011b<\/th>\n<td>16&#8243;<\/td>\n<\/tr>\n<tr>\n<th>Hlave\u0148<\/th>\n<td>CMV Melonite, n\u00edzkoprofilov\u00fd pinned plynov\u00fd blok<\/td>\n<\/tr>\n<tr>\n<th>Stoup\u00e1n\u00ed<\/th>\n<td>1:8&#8243; prav\u00e9<\/td>\n<\/tr>\n<tr>\n<th>P\u0159edpa\u017eb\u00ed<\/th>\n<td>15&#8243; hlin\u00edkov\u00e9 M-LOK voln\u011b plovouc\u00ed<\/td>\n<\/tr>\n<tr>\n<th>Pa\u017eba<\/th>\n<td>Magpul MOE SL FDE<\/td>\n<\/tr>\n<tr>\n<th>Rukoje\u0165<\/th>\n<td>Magpul MOE FDE<\/td>\n<\/tr>\n<tr>\n<th>Spou\u0161\u0165<\/th>\n<td>Ploch\u00e1 GI jednostup\u0148ov\u00e1 s povlakem nikl-bor<\/td>\n<\/tr>\n<tr>\n<th>M\u00ed\u0159idla<\/th>\n<td>Sklopn\u00e1 pru\u017einov\u00e1 BUIS, p\u0159edn\u00ed a zadn\u00ed<\/td>\n<\/tr>\n<tr>\n<th>Povrch<\/th>\n<td>P\u0159ij\u00edma\u010de anodizovan\u00e9 Type III; vybaven\u00ed FDE<\/td>\n<\/tr>\n<tr>\n<th>P\u0159ij\u00edma\u010de<\/th>\n<td>Kovan\u00fd hlin\u00edk 7075-T6, pod\u00e1vac\u00ed rampy M4<\/td>\n<\/tr>\n<tr>\n<th>BCG<\/th>\n<td>Vylep\u0161en\u00e9 M16, z\u00e1v\u011br 9310, HPT\/MPI, Melonite<\/td>\n<\/tr>\n<tr>\n<th>Hmotnost<\/th>\n<td>6 lb 9 oz<\/td>\n<\/tr>\n<tr>\n<th>Celkov\u00e1 d\u00e9lka<\/th>\n<td>32,25&#8243; \u2013 35,5&#8243;<\/td>\n<\/tr>\n<\/table>\n","protected":false},"excerpt":{"rendered":"<p>Springfield Armory SAINT Victor 5.56 s vybaven\u00edm FDE Magpul MOE SL. Hlave\u0148 Melonite CMV 16&#8243;, voln\u011b plovouc\u00ed M-LOK p\u0159edpa\u017eb\u00ed 15&#8243;, nap\u00ednac\u00ed syst\u00e9m Accu-Tite, ploch\u00e1 spou\u0161\u0165 s povlakem nikl-bor, sklopn\u00e1 pru\u017einov\u00e1 m\u00ed\u0159idla.<\/p>\n","protected":false},"featured_media":755107,"template":"","meta":{"_acf_changed":false},"product_brand":[16236],"product_cat":[16190,12641,12662,12709,15791],"product_tag":[],"class_list":{"0":"post-752946","1":"product","2":"type-product","3":"status-publish","4":"has-post-thumbnail","6":"product_brand-springfield-armory","7":"product_cat-ar-15-rifles-cs","8":"product_cat-karabiny","9":"product_cat-licencovane","10":"product_cat-puska","11":"product_cat-semi-automatic-rifles-cs","13":"first","14":"instock","15":"taxable","16":"shipping-taxable","17":"product-type-simple"},"acf":[],"_links":{"self":[{"href":"https:\/\/nbg.eu\/cs\/wp-json\/wp\/v2\/product\/752946","targetHints":{"allow":["GET"]}}],"collection":[{"href":"https:\/\/nbg.eu\/cs\/wp-json\/wp\/v2\/product"}],"about":[{"href":"https:\/\/nbg.eu\/cs\/wp-json\/wp\/v2\/types\/product"}],"wp:featuredmedia":[{"embeddable":true,"href":"https:\/\/nbg.eu\/cs\/wp-json\/wp\/v2\/media\/755107"}],"wp:attachment":[{"href":"https:\/\/nbg.eu\/cs\/wp-json\/wp\/v2\/media?parent=752946"}],"wp:term":[{"taxonomy":"product_brand","embeddable":true,"href":"https:\/\/nbg.eu\/cs\/wp-json\/wp\/v2\/product_brand?post=752946"},{"taxonomy":"product_cat","embeddable":true,"href":"https:\/\/nbg.eu\/cs\/wp-json\/wp\/v2\/product_cat?post=752946"},{"taxonomy":"product_tag","embeddable":true,"href":"https:\/\/nbg.eu\/cs\/wp-json\/wp\/v2\/product_tag?post=752946"}],"curies":[{"name":"wp","href":"https:\/\/api.w.org\/{rel}","templated":true}]}}