{"id":752952,"date":"2026-04-22T14:06:54","date_gmt":"2026-04-22T11:06:54","guid":{"rendered":"https:\/\/nbg.eu\/product\/samonabijeci-puska-american-defence-uic-mod-1-raze-223-rem\/"},"modified":"2026-05-07T17:50:02","modified_gmt":"2026-05-07T14:50:02","slug":"samonabijeci-puska-american-defence-uic-mod-1-raze-223-rem","status":"publish","type":"product","link":"https:\/\/nbg.eu\/cs\/produkt\/samonabijeci-puska-american-defence-uic-mod-1-raze-223-rem\/","title":{"rendered":"American Defence UIC Mod 1 samonab\u00edjec\u00ed pu\u0161ka, r\u00e1\u017ee .223 Rem"},"content":{"rendered":"<h2>Samonab\u00edjec\u00ed pu\u0161ka American Defence UIC Mod 1 .223 Rem<\/h2>\n<p>UIC MOD-1 American Defense Manufacturing je hodnotov\u00e1 \u00farove\u0148 vlajkov\u00e9 linie UIC (Universal Improved Carbine) ADM, postaven\u00e1 na pln\u011b oboustrann\u00e9 hlin\u00edkov\u00e9 billet 7075-T6 sad\u011b horn\u00edho-a-doln\u00edho p\u0159ij\u00edma\u010de obroben\u00e9 ve vlastn\u00edch za\u0159\u00edzen\u00edch ve Wisconsinu. Obsahuje integrovan\u00fd roz\u0161\u00ed\u0159en\u00fd magwell sout\u011b\u017en\u00edho stylu 20 stup\u0148\u016f, zv\u011bt\u0161en\u00fd lu\u010d\u00edk a nadrozm\u011brnou zar\u00e1\u017eku z\u00e1v\u011bru a zes\u00edlenou oblast v\u00fdstupk\u016f pro p\u0159\u00eddavnou trvanlivost. Oboustrann\u00e9 ovl\u00e1dac\u00ed prvky \u2014 zar\u00e1\u017eka\/uvoln\u011bn\u00ed z\u00e1v\u011bru, tla\u010d\u00edtko z\u00e1sobn\u00edku a pojistka Talon \u2014 ji d\u011blaj\u00ed stejn\u011b pou\u017eitelnou pro pravoruk\u00e9 nebo levoruk\u00e9 st\u0159elce. MOD-1 spojuje tyto pr\u00e9miov\u00e9 p\u0159ij\u00edma\u010de s produk\u010dn\u00ed t\u0159\u00eddou 4150 CMV nitridovanou hlavn\u00ed, standardn\u00edm buffer syst\u00e9mem a A2 \u00fas\u0165ovou ozdobou pro dosa\u017een\u00ed pracovn\u00ed cenov\u00e9 \u00farovn\u011b, zachov\u00e1vaj\u00edc\u00ed kompletn\u00ed UIC ergonomick\u00fd bal\u00ed\u010dek.<\/p>\n<h3>Pln\u011b oboustrann\u00e1 sada p\u0159ij\u00edma\u010d\u016f<\/h3>\n<p>Horn\u00ed i doln\u00ed p\u0159ij\u00edma\u010d jsou obrobeny z hlin\u00edku billet 7075-T6. Doln\u00ed je oboustrann\u00fd v ka\u017ed\u00e9m ovl\u00e1d\u00e1n\u00ed \u2014 zar\u00e1\u017eka z\u00e1v\u011bru, tla\u010d\u00edtko z\u00e1sobn\u00edku a pojistka Talon funguj\u00ed z obou stran \u2014 d\u00edky \u010demu\u017e je MOD-1 vz\u00e1cn\u00fd pln\u011b-oboustrann\u00fd AR p\u0159\u00edmo z krabice.<\/p>\n<h3>Integrovan\u00fd sout\u011b\u017en\u00ed magwell 20\u00b0<\/h3>\n<p>Doln\u00ed p\u0159ij\u00edma\u010d m\u00e1 20-stup\u0148ov\u00fd zkosen\u00fd roz\u0161\u00ed\u0159en\u00fd magwell vykovan\u00fd jako sou\u010d\u00e1st billetu, urychluj\u00edc\u00ed p\u0159eb\u00edjen\u00ed a vedouc\u00ed z\u00e1sobn\u00edky i pod stresem. Nen\u00ed pot\u0159eba aftermarket roz\u0161\u00ed\u0159en\u00fd magwell.<\/p>\n<h3>P\u00e1\u010dka nap\u00edna\u010de Radian Raptor-LT a buffer ADM<\/h3>\n<p>Oboustrann\u00e1 p\u00e1\u010dka nap\u00edna\u010de Radian Raptor-LT je pr\u016fmyslov\u00fd etalon pro oboustrann\u00e9 p\u00e1\u010dky nap\u00edna\u010de. Spojena s HD bufferem ADM na 10-pozi\u010dn\u00ed ADM buffer trubce, pu\u0161ka cykluje spolehliv\u011b a c\u00edt\u00ed se vylad\u011bn\u00e1.<\/p>\n<h3>Spou\u0161\u0165 ALG ACT<\/h3>\n<p>ALG Defense ACT (Advanced Combat Trigger) je niklem-borem povrstven\u00e9 jednostup\u0148ov\u00e9 vylep\u0161en\u00ed nad mil-spec \u2014 plynulej\u0161\u00ed stisk, \u010dist\u0161\u00ed zlom, konzistentn\u011bj\u0161\u00ed reset. Je to okam\u017eit\u00e9 vylep\u0161en\u00ed nad standardn\u00edmi AR spou\u0161t\u011bmi.<\/p>\n<h3>Premium komponenty v balen\u00ed<\/h3>\n<ul>\n<li>P\u0159ij\u00edma\u010de billet 7075-T6 oboustrann\u00e9 horn\u00ed a doln\u00ed<\/li>\n<li>Integrovan\u00fd sout\u011b\u017en\u00ed magwell 20\u00b0<\/li>\n<li>Spou\u0161\u0165 ALG Defense ACT jednostup\u0148ov\u00e1<\/li>\n<li>Oboustrann\u00e1 p\u00e1\u010dka nap\u00edna\u010de Radian Raptor-LT<\/li>\n<li>BCG ADM Milspec Enhanced nitridovan\u00fd QPQ<\/li>\n<li>P\u0159edpa\u017eb\u00ed ADM M-LOK voln\u011b plovouc\u00ed<\/li>\n<li>Oboustrann\u00e1 pojistka Talon<\/li>\n<li>\u00das\u0165ov\u00e1 ozdoba A2 \/ A2X<\/li>\n<li>Do\u017eivotn\u00ed z\u00e1ruka, ru\u010dn\u011b sestavena v USA<\/li>\n<\/ul>\n<h3>Technick\u00e9 \u00fadaje<\/h3>\n<table>\n<tr>\n<th>Mechanismus<\/th>\n<td>Samonab\u00edjec\u00ed, p\u0159\u00edm\u00fd odb\u011br plyn\u016f, mid-length<\/td>\n<\/tr>\n<tr>\n<th>R\u00e1\u017ee<\/th>\n<td>5.56 NATO \/ .223 Wylde<\/td>\n<\/tr>\n<tr>\n<th>D\u00e9lka hlavn\u011b<\/th>\n<td>14,5&#8243; pinned nebo 16&#8243;<\/td>\n<\/tr>\n<tr>\n<th>Hlave\u0148<\/th>\n<td>4150 CMV, nitridovan\u00e1 v soln\u00e9 l\u00e1zni<\/td>\n<\/tr>\n<tr>\n<th>Stoup\u00e1n\u00ed<\/th>\n<td>1:7&#8243;<\/td>\n<\/tr>\n<tr>\n<th>P\u0159ij\u00edma\u010de<\/th>\n<td>Hlin\u00edk billet 7075-T6, anodizovan\u00e9 Type III<\/td>\n<\/tr>\n<tr>\n<th>P\u0159edpa\u017eb\u00ed<\/th>\n<td>ADM M-LOK voln\u011b plovouc\u00ed<\/td>\n<\/tr>\n<tr>\n<th>Pa\u017eba<\/th>\n<td>Magpul MOE-SL na ADM 10-pozi\u010dn\u00ed trubce<\/td>\n<\/tr>\n<tr>\n<th>Rukoje\u0165<\/th>\n<td>Magpul MOE<\/td>\n<\/tr>\n<tr>\n<th>Spou\u0161\u0165<\/th>\n<td>ALG Defense ACT jednostup\u0148ov\u00e1<\/td>\n<\/tr>\n<tr>\n<th>P\u00e1\u010dka nap\u00edna\u010de<\/th>\n<td>Radian Raptor-LT oboustrann\u00e1<\/td>\n<\/tr>\n<tr>\n<th>BCG<\/th>\n<td>ADM Milspec Enhanced, nitridovan\u00fd QPQ<\/td>\n<\/tr>\n<tr>\n<th>\u00das\u0165ov\u00e9 za\u0159\u00edzen\u00ed<\/th>\n<td>A2 \/ A2X<\/td>\n<\/tr>\n<tr>\n<th>Hmotnost<\/th>\n<td>~6,5 \u2013 6,8 lb (~2,95 \u2013 3,1 kg)<\/td>\n<\/tr>\n<tr>\n<th>Celkov\u00e1 d\u00e9lka<\/th>\n<td>~32,5&#8243; zasunut\u00e1 pa\u017eba<\/td>\n<\/tr>\n<\/table>\n","protected":false},"excerpt":{"rendered":"<p>Pln\u011b oboustrann\u00e1 sada p\u0159ij\u00edma\u010d\u016f billet 7075-T6 od American Defense Manufacturing. Integrovan\u00fd roz\u0161\u00ed\u0159en\u00fd magwell sout\u011b\u017en\u00ed 20\u00b0, p\u00e1\u010dka nap\u00edna\u010de Radian Raptor-LT, spou\u0161\u0165 ALG ACT, ADM M-LOK voln\u011b plovouc\u00ed li\u0161ta.<\/p>\n","protected":false},"featured_media":755130,"template":"","meta":{"_acf_changed":false},"product_brand":[16237],"product_cat":[16190,12641,12662,12709,15791],"product_tag":[],"class_list":{"0":"post-752952","1":"product","2":"type-product","3":"status-publish","4":"has-post-thumbnail","6":"product_brand-american-defence","7":"product_cat-ar-15-rifles-cs","8":"product_cat-karabiny","9":"product_cat-licencovane","10":"product_cat-puska","11":"product_cat-semi-automatic-rifles-cs","13":"first","14":"instock","15":"taxable","16":"shipping-taxable","17":"product-type-simple"},"acf":[],"_links":{"self":[{"href":"https:\/\/nbg.eu\/cs\/wp-json\/wp\/v2\/product\/752952","targetHints":{"allow":["GET"]}}],"collection":[{"href":"https:\/\/nbg.eu\/cs\/wp-json\/wp\/v2\/product"}],"about":[{"href":"https:\/\/nbg.eu\/cs\/wp-json\/wp\/v2\/types\/product"}],"wp:featuredmedia":[{"embeddable":true,"href":"https:\/\/nbg.eu\/cs\/wp-json\/wp\/v2\/media\/755130"}],"wp:attachment":[{"href":"https:\/\/nbg.eu\/cs\/wp-json\/wp\/v2\/media?parent=752952"}],"wp:term":[{"taxonomy":"product_brand","embeddable":true,"href":"https:\/\/nbg.eu\/cs\/wp-json\/wp\/v2\/product_brand?post=752952"},{"taxonomy":"product_cat","embeddable":true,"href":"https:\/\/nbg.eu\/cs\/wp-json\/wp\/v2\/product_cat?post=752952"},{"taxonomy":"product_tag","embeddable":true,"href":"https:\/\/nbg.eu\/cs\/wp-json\/wp\/v2\/product_tag?post=752952"}],"curies":[{"name":"wp","href":"https:\/\/api.w.org\/{rel}","templated":true}]}}