{"id":752957,"date":"2026-04-22T14:06:56","date_gmt":"2026-04-22T11:06:56","guid":{"rendered":"https:\/\/nbg.eu\/product\/samonabijeci-puska-oberland-arms-bl-m12-raze-223-rem\/"},"modified":"2026-05-08T12:34:48","modified_gmt":"2026-05-08T09:34:48","slug":"samonabijeci-puska-oberland-arms-bl-m12-raze-223-rem","status":"publish","type":"product","link":"https:\/\/nbg.eu\/cs\/produkt\/samonabijeci-puska-oberland-arms-bl-m12-raze-223-rem\/","title":{"rendered":"Oberland Arms BL M12 samonab\u00edjec\u00ed pu\u0161ka, r\u00e1\u017ee .223 Rem"},"content":{"rendered":"<h2>Samonab\u00edjec\u00ed pu\u0161ka Oberland Arms BL M12 .223 Rem<\/h2>\n<p>OA-15 BL M12 je kr\u00e1tk\u00e1 karabina z linie Black Label Oberland Arms, postaven\u00e1 v Huglfingu, N\u011bmecko kolem sady kovan\u00fdch p\u0159ij\u00edma\u010d\u016f 7075 horn\u00ed\/doln\u00ed a match hlavn\u011b Lothar Walther LW19. Hlave\u0148 12,5&#8243; v kombinaci s 11,5&#8243; \u0161t\u00edhl\u00fdm BL M-LOK voln\u011b plovouc\u00edm p\u0159edpa\u017eb\u00edm d\u00e1v\u00e1 kompaktn\u00ed, vysoce man\u00e9vrovatelnou pu\u0161ku ur\u010denou pro sport, obrann\u00fd tr\u00e9nink a \u00fa\u0159edn\u00ed pou\u017eit\u00ed, kde z\u00e1le\u017e\u00ed na celkov\u00e9 d\u00e9lce. Ka\u017ed\u00e1 pu\u0161ka je ~95% stav\u011bna na zak\u00e1zku podle specifikace z\u00e1kazn\u00edka a dod\u00e1v\u00e1 se se z\u00e1lo\u017en\u00edmi mechanick\u00fdmi m\u00ed\u0159idly, teleskopickou pa\u017ebou OA M4, za\u0159\u00edzen\u00edm Muzzle Flash OA a &#8222;novou generac\u00ed&#8220; OA rukojet\u00ed ve dvou velikostech.<\/p>\n<h3>Kovan\u00e1 n\u011bmeck\u00e1 sada p\u0159ij\u00edma\u010d\u016f<\/h3>\n<p>Horn\u00ed a doln\u00ed p\u0159ij\u00edma\u010d jsou kov\u00e1ny z hlin\u00edku 7075-T6 v N\u011bmecku a dokon\u010deny tvrd\u00fdm \u010dern\u00fdm eloxov\u00e1n\u00edm. Toleran\u010dn\u00ed standardy Oberland a pe\u010dliv\u00e9 ru\u010dn\u00ed sl\u00edcov\u00e1n\u00ed vytv\u00e1\u0159ej\u00ed sadu, kter\u00e1 se c\u00edt\u00ed znateln\u011b t\u011bsn\u011bj\u0161\u00ed ne\u017e typick\u00e9 masov\u011b vyr\u00e1b\u011bn\u00e9 AR.<\/p>\n<h3>Match hlave\u0148 Lothar Walther LW19<\/h3>\n<p>LW19 od Lothar Walther je jedna z nejv\u00edce respektovan\u00fdch match hlavn\u00ed v Evrop\u011b. Verze 12,5&#8243; zachov\u00e1v\u00e1 stejnom\u011brnost v\u00fdvrtu t\u0159\u00eddy match, kter\u00e1 d\u011bl\u00e1 del\u0161\u00ed Lothar Walther hlavn\u011b slavn\u00fdmi, v bal\u00ed\u010dku stav\u011bn\u00e9m pro rychl\u00e9 ovl\u00e1d\u00e1n\u00ed. Stoup\u00e1n\u00ed 1:7&#8243; stabilizuje t\u011b\u017ek\u00e9 match st\u0159ely.<\/p>\n<h3>BL M-LOK 11,5&#8243; \u0161t\u00edhl\u00e9 p\u0159edpa\u017eb\u00ed<\/h3>\n<p>\u0160t\u00edhl\u00fd profil BL M-LOK p\u0159edpa\u017eb\u00ed je voln\u011b plovouc\u00ed a kryje plynov\u00fd blok. Jeho zmen\u0161en\u00fd pr\u016fm\u011br je znateln\u011b ten\u010d\u00ed ne\u017e typick\u00e9 AR li\u0161ty, tak\u017ee je pohodln\u00e9 na uchopen\u00ed i pro men\u0161\u00ed ruce, zat\u00edmco poskytuje plnou sadu M-LOK slot\u016f.<\/p>\n<h3>Ru\u010dn\u011b postaven\u00e1 v N\u011bmecku<\/h3>\n<p>Ka\u017ed\u00e1 OA-15 pu\u0161ka je ~95% specifikov\u00e1na z\u00e1kazn\u00edkem a dod\u00e1v\u00e1na v uzamykateln\u00e9m OA p\u0159epravn\u00edm kufru.<\/p>\n<h3>Premium komponenty v balen\u00ed<\/h3>\n<ul>\n<li>N\u011bmeck\u00e9 kovan\u00e9 p\u0159ij\u00edma\u010de 7075-T6 horn\u00ed a doln\u00ed<\/li>\n<li>Match hlave\u0148 Lothar Walther LW19 12,5&#8243;, stoup\u00e1n\u00ed 1:7<\/li>\n<li>\u0160t\u00edhl\u00e9 voln\u011b plovouc\u00ed p\u0159edpa\u017eb\u00ed BL M-LOK 11,5&#8243;<\/li>\n<li>Teleskopick\u00e1 pa\u017eba OA M4<\/li>\n<li>Dv\u011b &#8222;nov\u00e1 generace&#8220; OA rukojeti velikosti M + L<\/li>\n<li>Za\u0159\u00edzen\u00ed Muzzle Flash OA<\/li>\n<li>Z\u00e1lo\u017en\u00ed mechanick\u00e1 m\u00ed\u0159idla (p\u0159edn\u00ed + zadn\u00ed)<\/li>\n<li>Uzamykateln\u00fd OA p\u0159epravn\u00ed kufr<\/li>\n<\/ul>\n<h3>Technick\u00e9 \u00fadaje<\/h3>\n<table>\n<tr>\n<th>Mechanismus<\/th>\n<td>Samonab\u00edjec\u00ed, p\u0159\u00edm\u00fd odb\u011br plyn\u016f, d\u00e9lka carbine<\/td>\n<\/tr>\n<tr>\n<th>R\u00e1\u017ee<\/th>\n<td>.223 Rem \/ 5.56\u00d745 NATO<\/td>\n<\/tr>\n<tr>\n<th>D\u00e9lka hlavn\u011b<\/th>\n<td>12,5&#8243; (317 mm)<\/td>\n<\/tr>\n<tr>\n<th>Hlave\u0148<\/th>\n<td>Lothar Walther LW19, st\u0159edn\u00ed profil<\/td>\n<\/tr>\n<tr>\n<th>Stoup\u00e1n\u00ed<\/th>\n<td>1:7&#8243;<\/td>\n<\/tr>\n<tr>\n<th>P\u0159edpa\u017eb\u00ed<\/th>\n<td>BL M-LOK 11,5&#8243; \u0161t\u00edhl\u00e9 voln\u011b plovouc\u00ed<\/td>\n<\/tr>\n<tr>\n<th>Pa\u017eba<\/th>\n<td>OA M4 teleskopick\u00e1<\/td>\n<\/tr>\n<tr>\n<th>Rukoje\u0165<\/th>\n<td>OA &#8222;nov\u00e1 generace&#8220; velikosti M + L v balen\u00ed<\/td>\n<\/tr>\n<tr>\n<th>Spou\u0161\u0165<\/th>\n<td>OA mil-spec jednostup\u0148ov\u00e1<\/td>\n<\/tr>\n<tr>\n<th>\u00das\u0165ov\u00e9 za\u0159\u00edzen\u00ed<\/th>\n<td>OA MFD<\/td>\n<\/tr>\n<tr>\n<th>P\u0159ij\u00edma\u010de<\/th>\n<td>Kovan\u00fd hlin\u00edk 7075-T6, tvrd\u011b anodizovan\u00e9 matn\u011b \u010dern\u011b<\/td>\n<\/tr>\n<tr>\n<th>M\u00ed\u0159idla<\/th>\n<td>BUIS p\u0159edn\u00ed a zadn\u00ed<\/td>\n<\/tr>\n<tr>\n<th>Hmotnost<\/th>\n<td>2,9 kg (pr\u00e1zdn\u00fd z\u00e1sobn\u00edk)<\/td>\n<\/tr>\n<tr>\n<th>Celkov\u00e1 d\u00e9lka<\/th>\n<td>750\u2013830 mm<\/td>\n<\/tr>\n<\/table>\n","protected":false},"excerpt":{"rendered":"<p>N\u011bmeck\u00e1 pu\u0161ka s hlavn\u00ed 12,5&#8243; Oberland Arms BL v r\u00e1\u017ei .223 Rem. Kovan\u00fd p\u0159ij\u00edma\u010d 7075, match hlave\u0148 Lothar Walther LW19, \u0161t\u00edhl\u00e9 p\u0159edpa\u017eb\u00ed BL M-LOK, ~95% stav\u011bn\u00e1 na zak\u00e1zku.<\/p>\n","protected":false},"featured_media":752958,"template":"","meta":{"_acf_changed":false},"product_brand":[16238],"product_cat":[16190,12641,12662,12709,15791],"product_tag":[],"class_list":{"0":"post-752957","1":"product","2":"type-product","3":"status-publish","4":"has-post-thumbnail","6":"product_brand-oberland-arms","7":"product_cat-ar-15-rifles-cs","8":"product_cat-karabiny","9":"product_cat-licencovane","10":"product_cat-puska","11":"product_cat-semi-automatic-rifles-cs","13":"first","14":"instock","15":"taxable","16":"shipping-taxable","17":"product-type-simple"},"acf":[],"_links":{"self":[{"href":"https:\/\/nbg.eu\/cs\/wp-json\/wp\/v2\/product\/752957","targetHints":{"allow":["GET"]}}],"collection":[{"href":"https:\/\/nbg.eu\/cs\/wp-json\/wp\/v2\/product"}],"about":[{"href":"https:\/\/nbg.eu\/cs\/wp-json\/wp\/v2\/types\/product"}],"wp:featuredmedia":[{"embeddable":true,"href":"https:\/\/nbg.eu\/cs\/wp-json\/wp\/v2\/media\/752958"}],"wp:attachment":[{"href":"https:\/\/nbg.eu\/cs\/wp-json\/wp\/v2\/media?parent=752957"}],"wp:term":[{"taxonomy":"product_brand","embeddable":true,"href":"https:\/\/nbg.eu\/cs\/wp-json\/wp\/v2\/product_brand?post=752957"},{"taxonomy":"product_cat","embeddable":true,"href":"https:\/\/nbg.eu\/cs\/wp-json\/wp\/v2\/product_cat?post=752957"},{"taxonomy":"product_tag","embeddable":true,"href":"https:\/\/nbg.eu\/cs\/wp-json\/wp\/v2\/product_tag?post=752957"}],"curies":[{"name":"wp","href":"https:\/\/api.w.org\/{rel}","templated":true}]}}