{"id":752963,"date":"2026-04-22T14:06:57","date_gmt":"2026-04-22T11:06:57","guid":{"rendered":"https:\/\/nbg.eu\/product\/samonabijeci-puska-oberland-arms-bl-m5-raze-223-rem\/"},"modified":"2026-05-08T12:34:14","modified_gmt":"2026-05-08T09:34:14","slug":"samonabijeci-puska-oberland-arms-bl-m5-raze-223-rem","status":"publish","type":"product","link":"https:\/\/nbg.eu\/cs\/produkt\/samonabijeci-puska-oberland-arms-bl-m5-raze-223-rem\/","title":{"rendered":"Oberland Arms BL M5 samonab\u00edjec\u00ed pu\u0161ka, r\u00e1\u017ee .223 Rem"},"content":{"rendered":"<h2>Samonab\u00edjec\u00ed pu\u0161ka Oberland Arms BL M5 .223 Rem<\/h2>\n<p>OA-15 BL M5 je mid-length Black Label karabina Oberland Arms \u2014 pracovn\u00ed k\u016f\u0148 s hlavn\u00ed 16,75&#8243; schv\u00e1len\u00fd pro sportovn\u00ed pou\u017eit\u00ed v N\u011bmecku. Pou\u017e\u00edv\u00e1 stejnou platformu kovan\u00fdch p\u0159ij\u00edma\u010d\u016f a Lothar Walther LW19 hlave\u0148 technologii jako zbytek BL s\u00e9rie, spojenou s 13&#8243; \u0161t\u00edhl\u00fdm BL M-LOK voln\u011b plovouc\u00edm p\u0159edpa\u017eb\u00edm, kter\u00e9 kryje plynov\u00fd blok pro t\u00e9m\u011b\u0159-rifle d\u00e9lku zam\u011b\u0159ovac\u00ed linie a z\u00e1rove\u0148 z\u016fst\u00e1v\u00e1 dostate\u010dn\u011b \u0161t\u00edhl\u00e9 pro praktickou st\u0159elbu. Ka\u017ed\u00e1 pu\u0161ka je v podstat\u011b ru\u010dn\u011b stav\u011bna v Huglfingu, Bavorsko a dod\u00e1v\u00e1na v uzamykateln\u00e9m p\u0159epravn\u00edm kufru se dv\u011bma velikostmi rukojet\u00ed, OA Active Mag na 10 n\u00e1boj\u016f, BUIS a za\u0159\u00edzen\u00edm Muzzle Flash OA. M5 je v\u00fdchoz\u00ed volba pro IPSC \/ dynamick\u00e9 sportovn\u00ed st\u0159elce, kte\u0159\u00ed cht\u011bj\u00ed pr\u00e1vn\u011b vyhovuj\u00edc\u00ed, ale vysoce v\u00fdkonn\u00fd AR-15.<\/p>\n<h3>Sport-leg\u00e1ln\u00ed n\u011bmeck\u00e1 konfigurace<\/h3>\n<p>Hlave\u0148 16,75&#8243; BL M5 spl\u0148uje n\u011bmeck\u00e9 BKA schv\u00e1len\u00ed pro sportovn\u00ed pu\u0161ku, d\u00edky \u010demu\u017e je p\u0159\u00edmo vhodn\u00e1 pro IPSC, 3-Gun a podobn\u00e9 dynamick\u00e9 st\u0159eleck\u00e9 discipl\u00edny bez pr\u00e1vn\u00edch kompromis\u016f.<\/p>\n<h3>Match hlave\u0148 Lothar Walther LW19<\/h3>\n<p>16,75&#8243; Lothar Walther LW19 match hlave\u0148 je tam, kde platforma opravdu z\u00e1\u0159\u00ed. Stejnom\u011brnost v\u00fdvrtu t\u0159\u00eddy match, spr\u00e1vn\u00e9 vystru\u017een\u00ed komory a stoup\u00e1n\u00ed 1:7&#8243; \u010din\u00ed pu\u0161ku p\u0159esnou s cel\u00fdm spektrem st\u0159eliva .223 \/ 5.56.<\/p>\n<h3>\u0160t\u00edhl\u00e9 p\u0159edpa\u017eb\u00ed BL M-LOK 13&#8243;<\/h3>\n<p>13&#8243; BL M-LOK \u0161t\u00edhl\u00e9 p\u0159edpa\u017eb\u00ed kryje plynov\u00fd blok a v\u00fdrazn\u011b prodlu\u017euje d\u00e9lku zam\u011b\u0159ovac\u00ed linie. Jeho \u0161t\u00edhl\u00fd profil je pohodln\u011bj\u0161\u00ed ne\u017e objemn\u011bj\u0161\u00ed konkuren\u010dn\u00ed li\u0161ty, a M-LOK sloty p\u0159ij\u00edmaj\u00ed jak\u00e9koliv standardn\u00ed p\u0159\u00edslu\u0161enstv\u00ed.<\/p>\n<h3>Ru\u010dn\u011b stav\u011bn\u00e1 a specifikovan\u00e1 z\u00e1kazn\u00edkem<\/h3>\n<p>Oberland stav\u00ed ka\u017edou pu\u0161ku ~95% podle specifikace z\u00e1kazn\u00edka. M5 se dod\u00e1v\u00e1 v uzamykateln\u00e9m p\u0159epravn\u00edm kufru se dv\u011bma velikostmi rukojet\u00ed a p\u0159ipraven\u00e1 pro st\u0159elnici nebo match pou\u017eit\u00ed.<\/p>\n<h3>Premium komponenty v balen\u00ed<\/h3>\n<ul>\n<li>N\u011bmeck\u00e9 kovan\u00e9 p\u0159ij\u00edma\u010de 7075-T6 horn\u00ed a doln\u00ed<\/li>\n<li>Match hlave\u0148 Lothar Walther LW19, 16,75&#8243; (425 mm), stoup\u00e1n\u00ed 1:7&#8243;<\/li>\n<li>\u0160t\u00edhl\u00e9 BL M-LOK 13&#8243; voln\u011b plovouc\u00ed p\u0159edpa\u017eb\u00ed<\/li>\n<li>Teleskopick\u00e1 pa\u017eba OA M4<\/li>\n<li>Dv\u011b &#8222;nov\u00e1 generace&#8220; OA rukojeti M + L<\/li>\n<li>Za\u0159\u00edzen\u00ed Muzzle Flash OA<\/li>\n<li>Z\u00e1lo\u017en\u00ed mechanick\u00e1 m\u00ed\u0159idla<\/li>\n<li>Uzamykateln\u00fd OA p\u0159epravn\u00ed kufr<\/li>\n<\/ul>\n<h3>Technick\u00e9 \u00fadaje<\/h3>\n<table>\n<tr>\n<th>Mechanismus<\/th>\n<td>Samonab\u00edjec\u00ed, p\u0159\u00edm\u00fd odb\u011br plyn\u016f, mid-length<\/td>\n<\/tr>\n<tr>\n<th>R\u00e1\u017ee<\/th>\n<td>.223 Rem \/ 5.56\u00d745 NATO<\/td>\n<\/tr>\n<tr>\n<th>D\u00e9lka hlavn\u011b<\/th>\n<td>16,75&#8243; (425 mm)<\/td>\n<\/tr>\n<tr>\n<th>Hlave\u0148<\/th>\n<td>Lothar Walther LW19, st\u0159edn\u00ed profil<\/td>\n<\/tr>\n<tr>\n<th>Stoup\u00e1n\u00ed<\/th>\n<td>1:7&#8243;<\/td>\n<\/tr>\n<tr>\n<th>P\u0159edpa\u017eb\u00ed<\/th>\n<td>BL M-LOK 13&#8243; \u0161t\u00edhl\u00e9 voln\u011b plovouc\u00ed<\/td>\n<\/tr>\n<tr>\n<th>Pa\u017eba<\/th>\n<td>OA M4 teleskopick\u00e1<\/td>\n<\/tr>\n<tr>\n<th>Rukoje\u0165<\/th>\n<td>OA &#8222;nov\u00e1 generace&#8220; M + L<\/td>\n<\/tr>\n<tr>\n<th>Spou\u0161\u0165<\/th>\n<td>OA mil-spec jednostup\u0148ov\u00e1<\/td>\n<\/tr>\n<tr>\n<th>\u00das\u0165ov\u00e9 za\u0159\u00edzen\u00ed<\/th>\n<td>OA MFD<\/td>\n<\/tr>\n<tr>\n<th>M\u00ed\u0159idla<\/th>\n<td>BUIS p\u0159edn\u00ed a zadn\u00ed<\/td>\n<\/tr>\n<tr>\n<th>Povrch<\/th>\n<td>Tvrd\u011b anodizovan\u00e9 matn\u011b \u010dern\u011b \/ nitridovan\u00e1 hlave\u0148<\/td>\n<\/tr>\n<tr>\n<th>Hmotnost<\/th>\n<td>3,2 kg (pr\u00e1zdn\u00fd z\u00e1sobn\u00edk)<\/td>\n<\/tr>\n<tr>\n<th>Celkov\u00e1 d\u00e9lka<\/th>\n<td>840\u2013920 mm<\/td>\n<\/tr>\n<\/table>\n","protected":false},"excerpt":{"rendered":"<p>N\u011bmeck\u00e1 pu\u0161ka s hlavn\u00ed 16,75&#8243; Oberland Arms BL v r\u00e1\u017ei .223 Rem \u2014 mid-length sport-leg\u00e1ln\u00ed varianta. Hlave\u0148 Lothar Walther LW19, \u0161t\u00edhl\u00e9 p\u0159edpa\u017eb\u00ed BL M-LOK 13&#8243;.<\/p>\n","protected":false},"featured_media":752964,"template":"","meta":{"_acf_changed":false},"product_brand":[16238],"product_cat":[16190,12641,12662,12709,15791],"product_tag":[],"class_list":{"0":"post-752963","1":"product","2":"type-product","3":"status-publish","4":"has-post-thumbnail","6":"product_brand-oberland-arms","7":"product_cat-ar-15-rifles-cs","8":"product_cat-karabiny","9":"product_cat-licencovane","10":"product_cat-puska","11":"product_cat-semi-automatic-rifles-cs","13":"first","14":"instock","15":"taxable","16":"shipping-taxable","17":"product-type-simple"},"acf":[],"_links":{"self":[{"href":"https:\/\/nbg.eu\/cs\/wp-json\/wp\/v2\/product\/752963","targetHints":{"allow":["GET"]}}],"collection":[{"href":"https:\/\/nbg.eu\/cs\/wp-json\/wp\/v2\/product"}],"about":[{"href":"https:\/\/nbg.eu\/cs\/wp-json\/wp\/v2\/types\/product"}],"wp:featuredmedia":[{"embeddable":true,"href":"https:\/\/nbg.eu\/cs\/wp-json\/wp\/v2\/media\/752964"}],"wp:attachment":[{"href":"https:\/\/nbg.eu\/cs\/wp-json\/wp\/v2\/media?parent=752963"}],"wp:term":[{"taxonomy":"product_brand","embeddable":true,"href":"https:\/\/nbg.eu\/cs\/wp-json\/wp\/v2\/product_brand?post=752963"},{"taxonomy":"product_cat","embeddable":true,"href":"https:\/\/nbg.eu\/cs\/wp-json\/wp\/v2\/product_cat?post=752963"},{"taxonomy":"product_tag","embeddable":true,"href":"https:\/\/nbg.eu\/cs\/wp-json\/wp\/v2\/product_tag?post=752963"}],"curies":[{"name":"wp","href":"https:\/\/api.w.org\/{rel}","templated":true}]}}