{"id":752975,"date":"2026-04-22T14:07:00","date_gmt":"2026-04-22T11:07:00","guid":{"rendered":"https:\/\/nbg.eu\/product\/naboje-federal-fusion-45-70-gov-300gr\/"},"modified":"2026-04-29T14:32:40","modified_gmt":"2026-04-29T11:32:40","slug":"naboje-federal-fusion-45-70-gov-300gr","status":"publish","type":"product","link":"https:\/\/nbg.eu\/cs\/produkt\/naboje-federal-fusion-45-70-gov-300gr\/","title":{"rendered":"N\u00e1boje Federal Fusion .45-70 Gov 300gr"},"content":{"rendered":"<h2>N\u00e1boje Federal Fusion .45-70 Gov 300gr<\/h2>\n<p>Federal Fusion st\u0159elivo kombinuje molekul\u00e1rn\u011b p\u00e1jen\u00fd pl\u00e1\u0161\u0165 s tlakov\u011b tvarovan\u00fdm j\u00e1drem pro rovnom\u011brnou expanzi a hlubok\u00fd pr\u016fnik na velk\u00e9 zv\u011b\u0159i. N\u00e1lada .45-70 Government 300 grain\u016f je speci\u00e1ln\u011b postavena pro st\u0159elce s p\u00e1kov\u00fdmi karabinami pron\u00e1sleduj\u00edc\u00ed jelena, divo\u010d\u00e1ka a \u010dern\u00e9ho medv\u011bda na st\u0159edn\u00ed vzd\u00e1lenosti. V\u00e1zan\u00e1 konstrukce Fusion zaru\u010duje, \u017ee st\u0159ela zachov\u00e1v\u00e1 v\u011bt\u0161inu sv\u00e9 hmotnosti p\u0159es odolnou k\u016f\u017ei a kost.<\/p>\n<h3>V\u00e1zan\u00e1 konstrukce<\/h3>\n<p>Elektrochemick\u00fd spojovac\u00ed proces Federal tav\u00ed m\u011bd\u011bn\u00fd pl\u00e1\u0161\u0165 p\u0159\u00edmo s olov\u011bn\u00fdm j\u00e1drem, prakticky eliminuj\u00edc\u00ed odd\u011blen\u00ed pl\u00e1\u0161t\u011b\/j\u00e1dra p\u0159i dopadu. Zachov\u00e1n\u00ed hmotnosti je konzistentn\u011b vysok\u00e9, a expanze je p\u0159edv\u00eddateln\u00e1 v cel\u00e9m rychlostn\u00edm rozsahu n\u00e1boje.<\/p>\n<h3>Specieln\u011b pro .45-70 Gov<\/h3>\n<p>P\u0159i 300 grainech se st\u0159elou Fusion je tato n\u00e1lada optimalizovan\u00e1 pro tlaky a rychlosti typick\u00e9 pro karabiny s p\u00e1kovou z\u00e1v\u011brou a jednov\u00fdst\u0159elov\u00fdmi v .45-70 \u2014 historick\u00fd domov n\u00e1boje.<\/p>\n<h3>Technick\u00e9 \u00fadaje<\/h3>\n<table>\n<tr>\n<th>R\u00e1\u017ee<\/th>\n<td>.45-70 Government<\/td>\n<\/tr>\n<tr>\n<th>Hmotnost st\u0159ely<\/th>\n<td>300 gr<\/td>\n<\/tr>\n<tr>\n<th>Typ st\u0159ely<\/th>\n<td>Fusion (v\u00e1zan\u00e1 m\u011bkk\u00e1 \u0161pi\u010dka)<\/td>\n<\/tr>\n<tr>\n<th>\u00das\u0165ov\u00e1 rychlost<\/th>\n<td>~1.850 fps<\/td>\n<\/tr>\n<tr>\n<th>\u00das\u0165ov\u00e1 energie<\/th>\n<td>~2.280 ft-lb<\/td>\n<\/tr>\n<tr>\n<th>N\u00e1bojnice<\/th>\n<td>Mosaz, z\u00e1palka Boxer<\/td>\n<\/tr>\n<tr>\n<th>Balen\u00ed<\/th>\n<td>20 n\u00e1boj\u016f<\/td>\n<\/tr>\n<tr>\n<th>Typick\u00e9 pou\u017eit\u00ed<\/th>\n<td>Lov \u2014 st\u0159edn\u011b velk\u00e1 a\u017e velk\u00e1 zv\u011b\u0159<\/td>\n<\/tr>\n<\/table>\n<h3>Kl\u00ed\u010dov\u00e9 vlastnosti<\/h3>\n<ul>\n<li>Pl\u00e1\u0161\u0165-k-j\u00e1dru elektrochemicky v\u00e1zan\u00fd<\/li>\n<li>Skived \u0161pi\u010dka pro spolehlivou expanzi p\u0159i rychlostech p\u00e1kov\u00e9 z\u00e1vory<\/li>\n<li>Tlakov\u011b tvarovan\u00e9 j\u00e1dro pro konzistentn\u00ed &#8222;houbovit\u00e9 tvarov\u00e1n\u00ed&#8220;<\/li>\n<li>Mosazn\u00e1 n\u00e1bojnice se z\u00e1palkou Boxer pro znovunab\u00edjen\u00ed<\/li>\n<\/ul>\n","protected":false},"excerpt":{"rendered":"<p>Federal Fusion loveck\u00e9 st\u0159elivo s v\u00e1zanou st\u0159elou v r\u00e1\u017ei .45-70 Government, 300 grain\u016f. Molekul\u00e1rn\u011b p\u00e1jen\u00fd pl\u00e1\u0161\u0165 zaji\u0161\u0165uje hlubok\u00fd pr\u016fnik s vysok\u00fdm zachov\u00e1n\u00edm hmotnosti \u2014 ide\u00e1ln\u00ed pro jelena, divo\u010d\u00e1ka a \u010dern\u00e9ho medv\u011bda z karabin s p\u00e1kovou z\u00e1v\u011brou.<\/p>\n","protected":false},"featured_media":752976,"template":"","meta":{"_acf_changed":false},"product_brand":[16239],"product_cat":[12662,12712,12722],"product_tag":[],"class_list":{"0":"post-752975","1":"product","2":"type-product","3":"status-publish","4":"has-post-thumbnail","6":"product_brand-federal","7":"product_cat-licencovane","8":"product_cat-munice","9":"product_cat-puskarska-munice","11":"first","12":"instock","13":"taxable","14":"shipping-taxable","15":"product-type-simple"},"acf":[],"_links":{"self":[{"href":"https:\/\/nbg.eu\/cs\/wp-json\/wp\/v2\/product\/752975","targetHints":{"allow":["GET"]}}],"collection":[{"href":"https:\/\/nbg.eu\/cs\/wp-json\/wp\/v2\/product"}],"about":[{"href":"https:\/\/nbg.eu\/cs\/wp-json\/wp\/v2\/types\/product"}],"wp:featuredmedia":[{"embeddable":true,"href":"https:\/\/nbg.eu\/cs\/wp-json\/wp\/v2\/media\/752976"}],"wp:attachment":[{"href":"https:\/\/nbg.eu\/cs\/wp-json\/wp\/v2\/media?parent=752975"}],"wp:term":[{"taxonomy":"product_brand","embeddable":true,"href":"https:\/\/nbg.eu\/cs\/wp-json\/wp\/v2\/product_brand?post=752975"},{"taxonomy":"product_cat","embeddable":true,"href":"https:\/\/nbg.eu\/cs\/wp-json\/wp\/v2\/product_cat?post=752975"},{"taxonomy":"product_tag","embeddable":true,"href":"https:\/\/nbg.eu\/cs\/wp-json\/wp\/v2\/product_tag?post=752975"}],"curies":[{"name":"wp","href":"https:\/\/api.w.org\/{rel}","templated":true}]}}