{"id":755423,"date":"2026-05-13T13:36:35","date_gmt":"2026-05-13T10:36:35","guid":{"rendered":"https:\/\/nbg.eu\/product\/zasobnik-asc-ar-15-223-rem-enhanced-10-ranny\/"},"modified":"2026-05-13T14:49:11","modified_gmt":"2026-05-13T11:49:11","slug":"zasobnik-asc-ar-15-223-rem-enhanced-10-ranny","status":"publish","type":"product","link":"https:\/\/nbg.eu\/cs\/produkt\/zasobnik-asc-ar-15-223-rem-enhanced-10-ranny\/","title":{"rendered":"Z\u00e1sobn\u00edk ASC AR-15 .223 Rem Enhanced 10-rann\u00fd"},"content":{"rendered":"<h2>Z\u00e1sobn\u00edk ASC AR-15 .223 Rem Enhanced 10-rann\u00fd<\/h2>\n<p>Vylep\u0161en\u00fd AR-15 z\u00e1sobn\u00edk ASC je vyroben z nerezov\u00e9 oceli 410 s pru\u017einou chrom-k\u0159em\u00edk a polymerov\u00fdm podava\u010dem pro spolehliv\u00e9 pod\u00e1v\u00e1n\u00ed .223 Remington. Soulad s limitem 10 n\u00e1boj\u016f.<\/p>\n<h3>Kl\u00ed\u010dov\u00e9 vlastnosti<\/h3>\n<ul>\n<li>10-rann\u00fd (s omezenou kapacitou)<\/li>\n<li>T\u011blo z nerezov\u00e9 oceli 410<\/li>\n<li>Pru\u017eina chrom-k\u0159em\u00edk<\/li>\n<li>Samomazac\u00ed polymerov\u00fd podava\u010d<\/li>\n<li>Padne na v\u0161echny standardn\u00ed AR-15 lower receivery<\/li>\n<\/ul>\n<h3>Specifikace<\/h3>\n<table>\n<tr>\n<td><strong>R\u00e1\u017ee<\/strong><\/td>\n<td>.223 Remington<\/td>\n<\/tr>\n<tr>\n<td><strong>Kapacita<\/strong><\/td>\n<td>10 n\u00e1boj\u016f<\/td>\n<\/tr>\n<tr>\n<td><strong>Materi\u00e1l<\/strong><\/td>\n<td>Nerezov\u00e1 ocel 410<\/td>\n<\/tr>\n<tr>\n<td><strong>V\u00fdrobce<\/strong><\/td>\n<td>ASC (USA)<\/td>\n<\/tr>\n<\/table>\n","protected":false},"excerpt":{"rendered":"<p>10-rann\u00fd AR-15 z\u00e1sobn\u00edk v .223 Rem od ASC (Ammunition Storage Components). Vylep\u0161en\u00e1 konstrukce z nerezov\u00e9 oceli 410 s polymerov\u00fdm podava\u010dem.<\/p>\n","protected":false},"featured_media":755845,"template":"","meta":{"_acf_changed":false},"product_brand":[],"product_cat":[12662,12709,12716],"product_tag":[],"class_list":{"0":"post-755423","1":"product","2":"type-product","3":"status-publish","4":"has-post-thumbnail","6":"product_cat-licencovane","7":"product_cat-puska","8":"product_cat-zasobniky-na-pusky","10":"first","11":"instock","12":"taxable","13":"shipping-taxable","14":"product-type-simple"},"acf":[],"_links":{"self":[{"href":"https:\/\/nbg.eu\/cs\/wp-json\/wp\/v2\/product\/755423","targetHints":{"allow":["GET"]}}],"collection":[{"href":"https:\/\/nbg.eu\/cs\/wp-json\/wp\/v2\/product"}],"about":[{"href":"https:\/\/nbg.eu\/cs\/wp-json\/wp\/v2\/types\/product"}],"wp:featuredmedia":[{"embeddable":true,"href":"https:\/\/nbg.eu\/cs\/wp-json\/wp\/v2\/media\/755845"}],"wp:attachment":[{"href":"https:\/\/nbg.eu\/cs\/wp-json\/wp\/v2\/media?parent=755423"}],"wp:term":[{"taxonomy":"product_brand","embeddable":true,"href":"https:\/\/nbg.eu\/cs\/wp-json\/wp\/v2\/product_brand?post=755423"},{"taxonomy":"product_cat","embeddable":true,"href":"https:\/\/nbg.eu\/cs\/wp-json\/wp\/v2\/product_cat?post=755423"},{"taxonomy":"product_tag","embeddable":true,"href":"https:\/\/nbg.eu\/cs\/wp-json\/wp\/v2\/product_tag?post=755423"}],"curies":[{"name":"wp","href":"https:\/\/api.w.org\/{rel}","templated":true}]}}