{"id":83392,"date":"2024-11-05T08:15:55","date_gmt":"2024-11-05T08:15:55","guid":{"rendered":"https:\/\/nbg.eu\/product\/tinck-arms-semi-automatic-carbine-perun-x17-16\/"},"modified":"2026-01-21T12:15:03","modified_gmt":"2026-01-21T09:15:03","slug":"samonabijeci-karabina-tinck-arms-perun-x17-16","status":"publish","type":"product","link":"https:\/\/nbg.eu\/cs\/produkt\/samonabijeci-karabina-tinck-arms-perun-x17-16\/","title":{"rendered":"Samonab\u00edjec\u00ed karabina Tinck Arms Perun X17 &#8211; 16&#8243;"},"content":{"rendered":"<div class=\"product-description\">\n<h2>Tinck Arms Perun X17 &#8211; 16&#8243; Poloautomatick\u00e1 karabina<\/h2>\n<p>Perun X17 p\u0159edstavuje dal\u0161\u00ed v\u00fdvoj technologie st\u0159eln\u00fdch zbran\u00ed, navr\u017een\u00fd pro budouc\u00ed pot\u0159eby sportovn\u00edch nad\u0161enc\u016f, bezpe\u010dnostn\u00edch slo\u017eek a vojensk\u00e9ho person\u00e1lu po cel\u00e9m sv\u011bt\u011b. Tato platforma stav\u00ed na zaveden\u00e9m syst\u00e9mu AR10 a zahrnuje inovativn\u00ed prvky a patentovan\u00fd opera\u010dn\u00ed syst\u00e9m, kter\u00fd stanovuje nov\u00e9 standardy pro spolehlivost a snadnou \u00fadr\u017ebu.<\/p>\n<h2>Kl\u00ed\u010dov\u00e9 vlastnosti:<\/h2>\n<ul>\n<li>Vyv\u00e1\u017een\u00ed a ovl\u00e1d\u00e1n\u00ed pro zlep\u0161en\u00ed p\u0159esnosti p\u0159i rychl\u00e9 st\u0159elb\u011b<\/li>\n<li>Plynul\u00fd st\u0159eleck\u00fd z\u00e1\u017eitek zlep\u0161uje celkov\u00fd v\u00fdkon<\/li>\n<li>Vysok\u00e1 modularita a kompatibilita s d\u00edly platformy AR10<\/li>\n<li>Oboustrann\u00e9 ovl\u00e1d\u00e1n\u00ed pro v\u0161estrann\u00fd provoz<\/li>\n<li>Mo\u017enost sklopn\u00e9 pa\u017eby pro lep\u0161\u00ed p\u0159enosnost<\/li>\n<\/ul>\n<h2>Technick\u00e9 specifikace:<\/h2>\n<table>\n<tr>\n<td>R\u00e1\u017ee:<\/td>\n<td>7.62 x 51mm .308Win, 6.5 Creedmoor<\/td>\n<\/tr>\n<tr>\n<td>Opera\u010dn\u00ed syst\u00e9m:<\/td>\n<td>Uzam\u010den\u00fd rota\u010dn\u00ed z\u00e1v\u011br hybridn\u00ed DI a kr\u00e1tk\u00fd zdvih<\/td>\n<\/tr>\n<tr>\n<td>Akce:<\/td>\n<td>Poloautomatick\u00e1<\/td>\n<\/tr>\n<tr>\n<td>D\u00e9lka (min\/max):<\/td>\n<td>605mm \/ 1040mm<\/td>\n<\/tr>\n<tr>\n<td>\u0160\u00ed\u0159ka:<\/td>\n<td>56mm (64mm celkem s nab\u00edjec\u00ed p\u00e1kou)<\/td>\n<\/tr>\n<tr>\n<td>V\u00fd\u0161ka:<\/td>\n<td>210mm (s 10-rann\u00fdm z\u00e1sobn\u00edkem)<\/td>\n<\/tr>\n<tr>\n<td>D\u00e9lka hlavn\u011b:<\/td>\n<td>16&#8243; (Standardn\u00ed kompatibiln\u00ed s AR10)<\/td>\n<\/tr>\n<tr>\n<td>Stoup\u00e1n\u00ed v\u00fdvrtu:<\/td>\n<td>1:12<\/td>\n<\/tr>\n<tr>\n<td>Hmotnost:<\/td>\n<td>3.7kg (s 20-rann\u00fdm z\u00e1sobn\u00edkem)<\/td>\n<\/tr>\n<tr>\n<td>Zam\u011b\u0159ovac\u00ed syst\u00e9m:<\/td>\n<td>Sklopn\u00e1 nouzov\u00e1 m\u00ed\u0159idla (sekund\u00e1rn\u00ed)<\/td>\n<\/tr>\n<tr>\n<td>D\u00e9lka m\u00ed\u0159idel:<\/td>\n<td>300mm, 340mm<\/td>\n<\/tr>\n<tr>\n<td>P\u0159ipojen\u00ed tlumi\u010de:<\/td>\n<td>5\/8 x 24 z\u00e1vit integrovan\u00fd v \u00fas\u0165ov\u00e9 brzd\u011b<\/td>\n<\/tr>\n<tr>\n<td>\u00das\u0165ov\u00e9 za\u0159\u00edzen\u00ed:<\/td>\n<td>3-komorov\u00e1 \u00fas\u0165ov\u00e1 brzda<\/td>\n<\/tr>\n<tr>\n<td>NAR li\u0161ty:<\/td>\n<td>1+3<\/td>\n<\/tr>\n<tr>\n<td>Nab\u00edjec\u00ed p\u00e1ka:<\/td>\n<td>Nereciprokuj\u00edc\u00ed<\/td>\n<\/tr>\n<tr>\n<td>Kapacita z\u00e1sobn\u00edku:<\/td>\n<td>10, 20, 25 n\u00e1boj\u016f (polymer)<\/td>\n<\/tr>\n<tr>\n<td>Mo\u017enosti pa\u017eby:<\/td>\n<td>\n","protected":false},"excerpt":{"rendered":"<p>V\u00edce\u00fa\u010delov\u00e1, spolehliv\u00e1 karabina r\u00e1\u017ee 7,62x51mm s 16palcovou hlavn\u00ed. Hladk\u00e1 st\u0159elba, modul\u00e1rn\u00ed platforma AR10.<\/p>\n","protected":false},"featured_media":77479,"template":"","meta":{"_acf_changed":false},"product_brand":[11907],"product_cat":[16190,12641,12662,12709,15791],"product_tag":[],"class_list":{"0":"post-83392","1":"product","2":"type-product","3":"status-publish","4":"has-post-thumbnail","6":"product_brand-tinck-arms","7":"product_cat-ar-15-rifles-cs","8":"product_cat-karabiny","9":"product_cat-licencovane","10":"product_cat-puska","11":"product_cat-semi-automatic-rifles-cs","13":"first","14":"instock","15":"taxable","16":"shipping-taxable","17":"product-type-simple"},"acf":[],"_links":{"self":[{"href":"https:\/\/nbg.eu\/cs\/wp-json\/wp\/v2\/product\/83392","targetHints":{"allow":["GET"]}}],"collection":[{"href":"https:\/\/nbg.eu\/cs\/wp-json\/wp\/v2\/product"}],"about":[{"href":"https:\/\/nbg.eu\/cs\/wp-json\/wp\/v2\/types\/product"}],"wp:featuredmedia":[{"embeddable":true,"href":"https:\/\/nbg.eu\/cs\/wp-json\/wp\/v2\/media\/77479"}],"wp:attachment":[{"href":"https:\/\/nbg.eu\/cs\/wp-json\/wp\/v2\/media?parent=83392"}],"wp:term":[{"taxonomy":"product_brand","embeddable":true,"href":"https:\/\/nbg.eu\/cs\/wp-json\/wp\/v2\/product_brand?post=83392"},{"taxonomy":"product_cat","embeddable":true,"href":"https:\/\/nbg.eu\/cs\/wp-json\/wp\/v2\/product_cat?post=83392"},{"taxonomy":"product_tag","embeddable":true,"href":"https:\/\/nbg.eu\/cs\/wp-json\/wp\/v2\/product_tag?post=83392"}],"curies":[{"name":"wp","href":"https:\/\/api.w.org\/{rel}","templated":true}]}}