{"id":134498,"date":"2024-11-26T13:10:26","date_gmt":"2024-11-26T10:10:26","guid":{"rendered":"https:\/\/nbg.eu\/product\/geissele-ak-braided-spring\/"},"modified":"2026-05-13T16:02:06","modified_gmt":"2026-05-13T13:02:06","slug":"geissele-ak-braided-spring","status":"publish","type":"product","link":"https:\/\/nbg.eu\/da\/vare\/geissele-ak-braided-spring\/","title":{"rendered":"Geissele Flettet Slagfjeder AK"},"content":{"rendered":"<h2>AK flettet fjeder<\/h2>\n<p>ALG AK flettet hovedfjeder er en udskiftningsfjeder til AK47\/74-platformriffler. Denne udskiftningsvalgmulighed er fremstillet i USA af tre tr\u00e5dstrenge, der er flettet sammen. Den flettede design giver \u00f8get holdbarhed og p\u00e5lidelighed sammenlignet med traditionelle AK-hovedfjedre, hvilket sikrer en j\u00e6vn og konsistent drift af din riffel.<\/p>\n<p>Fremstillet af h\u00f8jkvalitetsmaterialer er AK flettet fjeder bygget til at klare sliddet ved tung brug og h\u00e5rde forhold. Dens robuste konstruktion bidrager til at reducere risikoen for fjederfejl, hvilket kan f\u00f8re til fejlt\u00e6ndinger eller andre fejlfunktioner. Ved at opgradere din AK&#8217;s hovedfjeder med denne p\u00e5lidelige komponent kan du nyde forbedret ydelse og fred i sindet, da du ved, at din riffel fungerer optimalt.<\/p>\n<p>Uanset om du er konkurrenceskyder eller taktisk operator, er AK flettet fjeder en vigtig opgradering at overveje til din AK47\/74-platform. Dens overlegne design og fremstillingsstandarder g\u00f8r den til et betroet valg blandt kr\u00e6vende v\u00e5benejere, der kr\u00e6ver den h\u00f8jeste grad af p\u00e5lidelighed og ydeevne fra deres udstyr.<\/p>\n","protected":false},"excerpt":{"rendered":"<p>AK flettede fjeder er en 3-strenget flettet udskiftningsfjeder fremstillet i USA til AK47\/74 rifler.<\/p>\n","protected":false},"featured_media":81094,"template":"","meta":{"_acf_changed":false},"product_brand":[11380],"product_cat":[13107],"product_tag":[],"class_list":{"0":"post-134498","1":"product","2":"type-product","3":"status-publish","4":"has-post-thumbnail","6":"product_brand-geissele","7":"product_cat-fjedre","9":"first","10":"instock","11":"taxable","12":"shipping-taxable","13":"product-type-simple"},"acf":[],"_links":{"self":[{"href":"https:\/\/nbg.eu\/da\/wp-json\/wp\/v2\/product\/134498","targetHints":{"allow":["GET"]}}],"collection":[{"href":"https:\/\/nbg.eu\/da\/wp-json\/wp\/v2\/product"}],"about":[{"href":"https:\/\/nbg.eu\/da\/wp-json\/wp\/v2\/types\/product"}],"wp:featuredmedia":[{"embeddable":true,"href":"https:\/\/nbg.eu\/da\/wp-json\/wp\/v2\/media\/81094"}],"wp:attachment":[{"href":"https:\/\/nbg.eu\/da\/wp-json\/wp\/v2\/media?parent=134498"}],"wp:term":[{"taxonomy":"product_brand","embeddable":true,"href":"https:\/\/nbg.eu\/da\/wp-json\/wp\/v2\/product_brand?post=134498"},{"taxonomy":"product_cat","embeddable":true,"href":"https:\/\/nbg.eu\/da\/wp-json\/wp\/v2\/product_cat?post=134498"},{"taxonomy":"product_tag","embeddable":true,"href":"https:\/\/nbg.eu\/da\/wp-json\/wp\/v2\/product_tag?post=134498"}],"curies":[{"name":"wp","href":"https:\/\/api.w.org\/{rel}","templated":true}]}}