{"id":148513,"date":"2024-11-26T18:52:22","date_gmt":"2024-11-26T18:52:22","guid":{"rendered":"https:\/\/nbg.eu\/product\/geissele-15-round-6mm-arc-magazine-black\/"},"modified":"2026-02-27T15:52:19","modified_gmt":"2026-02-27T12:52:19","slug":"geissele-15-round-6mm-arc-magazine-black","status":"publish","type":"product","link":"https:\/\/nbg.eu\/da\/vare\/geissele-15-round-6mm-arc-magazine-black\/","title":{"rendered":"Geissele 15 round 6mm ARC Magazine\u2013 Black"},"content":{"rendered":"<div class=\"product-description\">\n<h2>Geissele 15 Skuds 6mm ARC Magasin \u2013 Sort<\/h2>\n<p>Geissele 6mm ARC magasin er holdbart og p\u00e5lideligt.<\/p>\n<ul>\n<li>Forbedret \u00e9t-styks konstruktion<\/li>\n<li>Lasersvejset 410 rustfrit st\u00e5l krop<\/li>\n<li>Anti-vip f\u00f8lger for j\u00e6vn indf\u00f8ring<\/li>\n<li>Korrosionsbestandig sort nitrid bel\u00e6gning<\/li>\n<li>15 skuds kapacitet<\/li>\n<li>5,0&#8243; samlet l\u00e6ngde<\/li>\n<li>Rustfri st\u00e5l fjeder for lang levetid<\/li>\n<\/ul>\n<p>Fremstillet i USA, dette magasin sikrer p\u00e5lidelig ydeevne for 6mm ARC, 6.5 Grendel og 22 ARC patroner.<\/p>\n<\/div>\n","protected":false},"excerpt":{"rendered":"<p>I apologize, but there is no product description provided in your message for me to translate. Could you please provide the text you&#8217;d like translated to Danish? Once you share the product description, I&#8217;ll be happy to translate it for you.<\/p>\n","protected":false},"featured_media":81722,"template":"","meta":{"_acf_changed":false},"product_brand":[11380],"product_cat":[13139,13146],"product_tag":[],"class_list":{"0":"post-148513","1":"product","2":"type-product","3":"status-publish","4":"has-post-thumbnail","6":"product_brand-geissele","7":"product_cat-riffel","8":"product_cat-riffel-magasiner","10":"first","11":"instock","12":"taxable","13":"shipping-taxable","14":"product-type-simple"},"acf":[],"_links":{"self":[{"href":"https:\/\/nbg.eu\/da\/wp-json\/wp\/v2\/product\/148513","targetHints":{"allow":["GET"]}}],"collection":[{"href":"https:\/\/nbg.eu\/da\/wp-json\/wp\/v2\/product"}],"about":[{"href":"https:\/\/nbg.eu\/da\/wp-json\/wp\/v2\/types\/product"}],"wp:featuredmedia":[{"embeddable":true,"href":"https:\/\/nbg.eu\/da\/wp-json\/wp\/v2\/media\/81722"}],"wp:attachment":[{"href":"https:\/\/nbg.eu\/da\/wp-json\/wp\/v2\/media?parent=148513"}],"wp:term":[{"taxonomy":"product_brand","embeddable":true,"href":"https:\/\/nbg.eu\/da\/wp-json\/wp\/v2\/product_brand?post=148513"},{"taxonomy":"product_cat","embeddable":true,"href":"https:\/\/nbg.eu\/da\/wp-json\/wp\/v2\/product_cat?post=148513"},{"taxonomy":"product_tag","embeddable":true,"href":"https:\/\/nbg.eu\/da\/wp-json\/wp\/v2\/product_tag?post=148513"}],"curies":[{"name":"wp","href":"https:\/\/api.w.org\/{rel}","templated":true}]}}