{"id":170939,"date":"2024-08-16T20:04:24","date_gmt":"2024-08-16T20:04:24","guid":{"rendered":"https:\/\/nbg.eu\/product\/barwarus-alpha-1-set-bw-t33-alpha-1\/"},"modified":"2026-01-21T12:19:18","modified_gmt":"2026-01-21T09:19:18","slug":"barwarus-alpha-1-set-bw-t33-alpha-1","status":"publish","type":"product","link":"https:\/\/nbg.eu\/da\/vare\/barwarus-alpha-1-set-bw-t33-alpha-1\/","title":{"rendered":"Barwarus\u00a0ALPHA-1 SET (BW-T33 &amp; ALPHA-1)"},"content":{"rendered":"<div class=\"product-description\">\n<h2>Barwarus ALPHA-1 S\u00c6T (BW-T33 &amp; ALPHA-1)<\/h2>\n<p>Barwarus ALPHA-1 S\u00c6T indeholder ALPHA-1 h\u00e5ndst\u00f8tter og BW-T33 st\u00f8vd\u00e6ksel. Dette s\u00e6t inkluderer:<\/p>\n<ul>\n<li>ALPHA-1 korte Quad Picatinny h\u00e5ndst\u00f8tter (\u00f8vre og nedre)<\/li>\n<li>BW-T33 st\u00f8vd\u00e6ksel med integreret Picatinny skinne<\/li>\n<\/ul>\n<p>ALPHA-1 h\u00e5ndst\u00f8tterne er fremstillet af 6082-T6 aluminium og behandlet med Cerakote. Kompatibel med AK-modeller med stemplet receiver, herunder AK 103, 104, 105, 74S, 74M, AKM, AKMS og Saiga.<\/p>\n<p>BW-T33 st\u00f8vd\u00e6kslet er lavet af 7075 T6 aluminiumslegering og giver en stabil platform til optik uden at forstyrre jernsigtene.<\/p>\n<\/div>\n","protected":false},"excerpt":{"rendered":"<p>Premium AK-opgradering: Quad rail h\u00e5ndst\u00f8tte og st\u00f8vd\u00e6ksel med skinne<\/p>\n","protected":false},"featured_media":280682,"template":"","meta":{"_acf_changed":false},"product_brand":[11106],"product_cat":[13077,13100,13153],"product_tag":[],"class_list":{"0":"post-170939","1":"product","2":"type-product","3":"status-publish","4":"has-post-thumbnail","6":"product_brand-barwarus","7":"product_cat-ak-tuning","8":"product_cat-riffel-tuning","9":"product_cat-skinner","11":"first","12":"instock","13":"taxable","14":"shipping-taxable","15":"product-type-variable","16":"wvs-archive-product-wrapper"},"acf":[],"_links":{"self":[{"href":"https:\/\/nbg.eu\/da\/wp-json\/wp\/v2\/product\/170939","targetHints":{"allow":["GET"]}}],"collection":[{"href":"https:\/\/nbg.eu\/da\/wp-json\/wp\/v2\/product"}],"about":[{"href":"https:\/\/nbg.eu\/da\/wp-json\/wp\/v2\/types\/product"}],"wp:featuredmedia":[{"embeddable":true,"href":"https:\/\/nbg.eu\/da\/wp-json\/wp\/v2\/media\/280682"}],"wp:attachment":[{"href":"https:\/\/nbg.eu\/da\/wp-json\/wp\/v2\/media?parent=170939"}],"wp:term":[{"taxonomy":"product_brand","embeddable":true,"href":"https:\/\/nbg.eu\/da\/wp-json\/wp\/v2\/product_brand?post=170939"},{"taxonomy":"product_cat","embeddable":true,"href":"https:\/\/nbg.eu\/da\/wp-json\/wp\/v2\/product_cat?post=170939"},{"taxonomy":"product_tag","embeddable":true,"href":"https:\/\/nbg.eu\/da\/wp-json\/wp\/v2\/product_tag?post=170939"}],"curies":[{"name":"wp","href":"https:\/\/api.w.org\/{rel}","templated":true}]}}