{"id":275115,"date":"2025-03-03T12:58:09","date_gmt":"2025-03-03T12:58:09","guid":{"rendered":"https:\/\/nbg.eu\/product\/bore-tech-extreme-grease-hd-10ml\/"},"modified":"2026-01-21T11:38:40","modified_gmt":"2026-01-21T08:38:40","slug":"bore-tech-extreme-grease-hd-10ml","status":"publish","type":"product","link":"https:\/\/nbg.eu\/da\/vare\/bore-tech-extreme-grease-hd-10ml\/","title":{"rendered":"Bore tech EXTREME GREASE HD 10ml"},"content":{"rendered":"<h2>Bore Tech EXTREME GREASE HD 10ml<\/h2>\n<p>Bore Tech&#8217;s EXTREME GREASE HD er et syntetisk sm\u00f8remiddel til skydev\u00e5ben.<\/p>\n<ul>\n<li>Driftstemperaturomr\u00e5de: -65\u00b0C til +371\u00b0C<\/li>\n<li>Udvidet temperaturomr\u00e5de: op til 1093\u00b0C<\/li>\n<li>Formulering der ikke kl\u00e6ber eller l\u00f8ber<\/li>\n<li>Sm\u00f8ring og forebyggelse af rivning<\/li>\n<li>Lavere friktionskoefficient end konkurrenter<\/li>\n<li>Rustbeskyttelse<\/li>\n<li>Nano-keramiske temperatursm\u00f8remidler<\/li>\n<\/ul>\n<p>Velegnet til brug p\u00e5 l\u00e5sestolper, rammeskinner, h\u00e6ngselpinde og kammemekanismer. Sikrer funktionalitet og forl\u00e6nger delenes levetid under ekstreme forhold.<\/p>\n<p>10cc plastikr\u00f8r med doseringsspids og skruel\u00e5g til nem p\u00e5f\u00f8ring.<\/p>\n","protected":false},"excerpt":{"rendered":"<p>Ultra-kl\u00e6brig syntetisk v\u00e5benfedt til ekstreme forhold (-65\u00b0C til 371\u00b0C)<\/p>\n","protected":false},"featured_media":235468,"template":"","meta":{"_acf_changed":false},"product_brand":[11148],"product_cat":[13094,13081],"product_tag":[],"class_list":{"0":"post-275115","1":"product","2":"type-product","3":"status-publish","4":"has-post-thumbnail","6":"product_brand-boretech","7":"product_cat-smoremidler","8":"product_cat-vabenrensning","10":"first","11":"outofstock","12":"taxable","13":"shipping-taxable","14":"purchasable","15":"product-type-simple"},"acf":[],"_links":{"self":[{"href":"https:\/\/nbg.eu\/da\/wp-json\/wp\/v2\/product\/275115","targetHints":{"allow":["GET"]}}],"collection":[{"href":"https:\/\/nbg.eu\/da\/wp-json\/wp\/v2\/product"}],"about":[{"href":"https:\/\/nbg.eu\/da\/wp-json\/wp\/v2\/types\/product"}],"wp:featuredmedia":[{"embeddable":true,"href":"https:\/\/nbg.eu\/da\/wp-json\/wp\/v2\/media\/235468"}],"wp:attachment":[{"href":"https:\/\/nbg.eu\/da\/wp-json\/wp\/v2\/media?parent=275115"}],"wp:term":[{"taxonomy":"product_brand","embeddable":true,"href":"https:\/\/nbg.eu\/da\/wp-json\/wp\/v2\/product_brand?post=275115"},{"taxonomy":"product_cat","embeddable":true,"href":"https:\/\/nbg.eu\/da\/wp-json\/wp\/v2\/product_cat?post=275115"},{"taxonomy":"product_tag","embeddable":true,"href":"https:\/\/nbg.eu\/da\/wp-json\/wp\/v2\/product_tag?post=275115"}],"curies":[{"name":"wp","href":"https:\/\/api.w.org\/{rel}","templated":true}]}}