{"id":275955,"date":"2025-03-03T22:22:36","date_gmt":"2025-03-03T19:22:36","guid":{"rendered":"https:\/\/nbg.eu\/product\/qwik-dri-dry-lubricant-1-oz\/"},"modified":"2026-01-21T11:41:29","modified_gmt":"2026-01-21T08:41:29","slug":"qwik-dri-dry-lubricant-1-oz","status":"publish","type":"product","link":"https:\/\/nbg.eu\/da\/vare\/qwik-dri-dry-lubricant-1-oz\/","title":{"rendered":"QWIK-DRI DRY LUBRICANT, 1 Oz"},"content":{"rendered":"<h2>QWIK-DRI T\u00d8R SM\u00d8REMIDDEL, 1 Oz<\/h2>\n<p>Bore Tech Qwik-Dri\u2122 er et t\u00f8rt sm\u00f8remiddel med PTFE-partikler i en hurtigt fordampende b\u00e6rer.<\/p>\n<ul>\n<li>Tr\u00e6nger ind i metalporerne<\/li>\n<li>Danner en holdbar, t\u00f8r film<\/li>\n<li>Fungerer i temperaturer fra -73\u00b0C til 316\u00b0C<\/li>\n<li>Reducerer friktion og slitage<\/li>\n<li>Afviser st\u00f8v og snavs<\/li>\n<li>Ikke-olieholdig anvendelse<\/li>\n<\/ul>\n<p>Velegnet til pistolsl\u00e6der, aftr\u00e6kkere, riffelbolte, magasiner og mere. Qwik-Dri\u2122 sikrer god funktion. Egnet til v\u00e5ben i hylster, pletter ikke t\u00f8j. Fremstillet i USA.<\/p>\n","protected":false},"excerpt":{"rendered":"<p>QWIK-DRI: Hurtigtt\u00f8rrende PTFE-sm\u00f8remiddel til ekstreme temperaturer. Afviser snavs.<\/p>\n","protected":false},"featured_media":235671,"template":"","meta":{"_acf_changed":false},"product_brand":[11148],"product_cat":[13154,13094,13081],"product_tag":[],"class_list":{"0":"post-275955","1":"product","2":"type-product","3":"status-publish","4":"has-post-thumbnail","6":"product_brand-boretech","7":"product_cat-rensemidler","8":"product_cat-smoremidler","9":"product_cat-vabenrensning","11":"first","12":"instock","13":"taxable","14":"shipping-taxable","15":"purchasable","16":"product-type-simple"},"acf":[],"_links":{"self":[{"href":"https:\/\/nbg.eu\/da\/wp-json\/wp\/v2\/product\/275955","targetHints":{"allow":["GET"]}}],"collection":[{"href":"https:\/\/nbg.eu\/da\/wp-json\/wp\/v2\/product"}],"about":[{"href":"https:\/\/nbg.eu\/da\/wp-json\/wp\/v2\/types\/product"}],"wp:featuredmedia":[{"embeddable":true,"href":"https:\/\/nbg.eu\/da\/wp-json\/wp\/v2\/media\/235671"}],"wp:attachment":[{"href":"https:\/\/nbg.eu\/da\/wp-json\/wp\/v2\/media?parent=275955"}],"wp:term":[{"taxonomy":"product_brand","embeddable":true,"href":"https:\/\/nbg.eu\/da\/wp-json\/wp\/v2\/product_brand?post=275955"},{"taxonomy":"product_cat","embeddable":true,"href":"https:\/\/nbg.eu\/da\/wp-json\/wp\/v2\/product_cat?post=275955"},{"taxonomy":"product_tag","embeddable":true,"href":"https:\/\/nbg.eu\/da\/wp-json\/wp\/v2\/product_tag?post=275955"}],"curies":[{"name":"wp","href":"https:\/\/api.w.org\/{rel}","templated":true}]}}