{"id":277903,"date":"2025-03-07T22:09:14","date_gmt":"2025-03-07T19:09:14","guid":{"rendered":"https:\/\/nbg.eu\/product\/vortex-strike-eagle-1-8x24-ffp\/"},"modified":"2026-01-21T11:46:17","modified_gmt":"2026-01-21T08:46:17","slug":"vortex-strike-eagle-1-8x24-ffp","status":"publish","type":"product","link":"https:\/\/nbg.eu\/da\/vare\/vortex-strike-eagle-1-8x24-ffp\/","title":{"rendered":"Vortex &#8211; Strike Eagle\u00ae &#8211; 1-8&#215;24 FFP"},"content":{"rendered":"<div class=\"product-description\">\n<h1>Vortex &#8211; Strike Eagle\u00ae &#8211; 1-8&#215;24 FFP<\/h1>\n<p>Strike Eagle\u00ae er et alsidigt sigtekikkert med optisk ydeevne. Det er konstrueret til b\u00e5de korte og lange afstande op til 1.000 yards.<\/p>\n<h2>N\u00f8glefunktioner:<\/h2>\n<ul>\n<li>Forst\u00f8rrelse: 1-8x<\/li>\n<li>Objektivets diameter: 24 mm<\/li>\n<li>F\u00f8rste br\u00e6ndplan (FFP)<\/li>\n<li>EBR-8 MOA-sigtekors<\/li>\n<li>\u00d8jeafstand: 3,9&#8243;<\/li>\n<li>Synsfelt: 113,6&#8242; &#8211; 14,1&#8242; @ 100 yards<\/li>\n<li>30 mm r\u00f8rdiameter<\/li>\n<li>1\/4 MOA justeringsgraduering<\/li>\n<li>145 MOA maksimal h\u00f8jde- og vindjustering<\/li>\n<li>V\u00e6gt: 23,9 oz<\/li>\n<\/ul>\n<h2>EBR-8 sigtekors:<\/h2>\n<p>EBR-8 MOA-sigtekorset i f\u00f8rste br\u00e6ndplan muligg\u00f8r hurtig skydning fra kort afstand til 600 yards med .223\/5.56mm og .308\/7.62mm ammunition. Sigtekorset kan ogs\u00e5 bruges med andre kalibre.<\/p>\n<h2>Holdbarhed og klarhed:<\/h2>\n<ul>\n<li>Konstruktion i flykvalitetsaluminium<\/li>\n<li>ArmorTek\u00ae ridsefast bel\u00e6gning<\/li>\n<li>Fuldt multibelagte linser for optimal lystransmission<\/li>\n<li>St\u00f8dfast design<\/li>\n<\/ul>\n<h2>Yderligere funktioner:<\/h2>\n<ul>\n<li>T\u00e5rnstil med h\u00e6tter<\/li>\n<li>25 MOA vandring pr. rotation<\/li>\n<li>Parallakseindstilling: 125 yards<\/li>\n<li>Medf\u00f8lgende h\u00e5ndtag til hurtig forst\u00f8rrelsesjustering<\/li>\n<\/ul>\n<p>Vortex Strike Eagle\u00ae 1-8&#215;24 FFP er en alsidig sigtekikkert til b\u00e5de n\u00e6rkamp og skydning p\u00e5 lang afstand.<\/p>\n<\/div>\n","protected":false},"excerpt":{"rendered":"<p>Alsidigt 1-8&#215;24 FFP-sigte med EBR-8 sigtem\u00e6rke. Robust optik med h\u00f8j ydeevne til taktisk skydning.<\/p>\n","protected":false},"featured_media":249198,"template":"","meta":{"_acf_changed":false},"product_brand":[11955],"product_cat":[13103,13090],"product_tag":[],"class_list":{"0":"post-277903","1":"product","2":"type-product","3":"status-publish","4":"has-post-thumbnail","6":"product_brand-vortex","7":"product_cat-forstorret-optik","8":"product_cat-sigtning","10":"first","11":"outofstock","12":"taxable","13":"shipping-taxable","14":"purchasable","15":"product-type-simple"},"acf":[],"_links":{"self":[{"href":"https:\/\/nbg.eu\/da\/wp-json\/wp\/v2\/product\/277903","targetHints":{"allow":["GET"]}}],"collection":[{"href":"https:\/\/nbg.eu\/da\/wp-json\/wp\/v2\/product"}],"about":[{"href":"https:\/\/nbg.eu\/da\/wp-json\/wp\/v2\/types\/product"}],"wp:featuredmedia":[{"embeddable":true,"href":"https:\/\/nbg.eu\/da\/wp-json\/wp\/v2\/media\/249198"}],"wp:attachment":[{"href":"https:\/\/nbg.eu\/da\/wp-json\/wp\/v2\/media?parent=277903"}],"wp:term":[{"taxonomy":"product_brand","embeddable":true,"href":"https:\/\/nbg.eu\/da\/wp-json\/wp\/v2\/product_brand?post=277903"},{"taxonomy":"product_cat","embeddable":true,"href":"https:\/\/nbg.eu\/da\/wp-json\/wp\/v2\/product_cat?post=277903"},{"taxonomy":"product_tag","embeddable":true,"href":"https:\/\/nbg.eu\/da\/wp-json\/wp\/v2\/product_tag?post=277903"}],"curies":[{"name":"wp","href":"https:\/\/api.w.org\/{rel}","templated":true}]}}