{"id":283440,"date":"2025-03-07T20:40:36","date_gmt":"2025-03-07T17:40:36","guid":{"rendered":"https:\/\/nbg.eu\/product\/rusan-adapter-arm52-64-64mm\/"},"modified":"2026-01-21T11:38:39","modified_gmt":"2026-01-21T08:38:39","slug":"rusan-adapter-arm52-64-64mm","status":"publish","type":"product","link":"https:\/\/nbg.eu\/da\/vare\/rusan-adapter-arm52-64-64mm\/","title":{"rendered":"Rusan &#8211; Adapter ARM52-64, 64mm"},"content":{"rendered":"<div class=\"product-description\">\n<h1>Rusan &#8211; Adapter ARM52-64, 64mm<\/h1>\n<h2>Kombination af styrke, tilpasningsevne og pr\u00e6cis konstruktion<\/h2>\n<p>Rusan &#8211; Adapter ARM52-64 er en 64mm adapter, der kombinerer styrke, tilpasningsevne og pr\u00e6cision, designet til at optimere din ops\u00e6tning til forskellige skydescenarier.<\/p>\n<h3>Hovedfunktioner:<\/h3>\n<ul>\n<li><strong>RRS-Lock\u2122 System:<\/strong> Indeholder sikkerhedsstop-funktioner i b\u00e5de monteringsskinnen og hurtigudl\u00f8serklemmen, der f\u00f8lger RRS 1.5&#8243; Standard. Flere &#8220;h\u00e5rde stop&#8221; positioner langs skinnen med glatte kanter for ergonomi.<\/li>\n<li><strong>Nem top-loading:<\/strong> Skift fra lukket til helt \u00e5ben i \u00e9n bev\u00e6gelse, til nem top-loading af RRS Dovetail og Arca-Swiss kompatible hurtigudl\u00f8serplader.<\/li>\n<li><strong>Visuel l\u00e5sebekr\u00e6ftelse:<\/strong> Se h\u00e5ndtagets position &#8211; l\u00e5st, halv\u00e5bent eller helt \u00e5bent.<\/li>\n<li><strong>Justerbar sp\u00e6nding:<\/strong> Finjuster klemmesp\u00e6ndingen for bedre kompatibilitet med tredjeparts plader og skinner.<\/li>\n<li><strong>Patenteret dobbelt klemme:<\/strong> Passer til b\u00e5de Picatinny og Arca-stil skinner.<\/li>\n<li><strong>Brugervenligt design:<\/strong> Bagudkompatibel med ikke-RRS-Lock\u2122 Arca-stil skinner.<\/li>\n<\/ul>\n<h3>Kompatible bipoder:<\/h3>\n<ul>\n<li>B&amp;T Industries&#8217; Atlas A.R.M.S. 17s bipoder<\/li>\n<li>Thunder Beast Arms TBAC<\/li>\n<li>Magpul A.R.M.S. 17s Style<\/li>\n<li>Alle andre A.R.M.S. 17s applikationer<\/li>\n<\/ul>\n<h3>Specifikationer:<\/h3>\n<table>\n<tr>\n<td>K\u00e6bel\u00e6ngde:<\/td>\n<td>1,97&#8243; \/ 50mm<\/td>\n<\/tr>\n<tr>\n<td>Bredde:<\/td>\n<td>2,94&#8243; \/ 74,6mm<\/td>\n<\/tr>\n<tr>\n<td>H\u00f8jde:<\/td>\n<td>0,7&#8243; \/ 17,4mm<\/td>\n<\/tr>\n<tr>\n<td>V\u00e6gt:<\/td>\n<td>3,8oz \/ 107g (inkl. hardware)<\/td>\n<\/tr>\n<\/table>\n<p>Rusan &#8211; Adapter ARM52-64 er designet til at sikre dit udstyr med et p\u00e5lideligt klemmesystem.<\/p>\n<\/div>\n","protected":false},"excerpt":{"rendered":"<p>Rusan ARM52-64: 64mm adapter til pr\u00e6cisionsmontage. Holdbar, alsidig og udviklet til optimal ydeevne.<\/p>\n","protected":false},"featured_media":248359,"template":"","meta":{"_acf_changed":false},"product_brand":[11676],"product_cat":[13115,13090,13110],"product_tag":[],"class_list":{"0":"post-283440","1":"product","2":"type-product","3":"status-publish","4":"has-post-thumbnail","6":"product_brand-rusan","7":"product_cat-sigtetilbehor","8":"product_cat-sigtning","9":"product_cat-termisk","11":"first","12":"outofstock","13":"taxable","14":"shipping-taxable","15":"purchasable","16":"product-type-simple"},"acf":[],"_links":{"self":[{"href":"https:\/\/nbg.eu\/da\/wp-json\/wp\/v2\/product\/283440","targetHints":{"allow":["GET"]}}],"collection":[{"href":"https:\/\/nbg.eu\/da\/wp-json\/wp\/v2\/product"}],"about":[{"href":"https:\/\/nbg.eu\/da\/wp-json\/wp\/v2\/types\/product"}],"wp:featuredmedia":[{"embeddable":true,"href":"https:\/\/nbg.eu\/da\/wp-json\/wp\/v2\/media\/248359"}],"wp:attachment":[{"href":"https:\/\/nbg.eu\/da\/wp-json\/wp\/v2\/media?parent=283440"}],"wp:term":[{"taxonomy":"product_brand","embeddable":true,"href":"https:\/\/nbg.eu\/da\/wp-json\/wp\/v2\/product_brand?post=283440"},{"taxonomy":"product_cat","embeddable":true,"href":"https:\/\/nbg.eu\/da\/wp-json\/wp\/v2\/product_cat?post=283440"},{"taxonomy":"product_tag","embeddable":true,"href":"https:\/\/nbg.eu\/da\/wp-json\/wp\/v2\/product_tag?post=283440"}],"curies":[{"name":"wp","href":"https:\/\/api.w.org\/{rel}","templated":true}]}}