{"id":284884,"date":"2024-01-30T18:08:20","date_gmt":"2024-01-30T18:08:20","guid":{"rendered":"https:\/\/nbg.eu\/product\/area-419-mini-pad-the-gripchanger\/"},"modified":"2026-01-21T12:04:24","modified_gmt":"2026-01-21T09:04:24","slug":"area-419-mini-pad-the-gripchanger","status":"publish","type":"product","link":"https:\/\/nbg.eu\/da\/vare\/area-419-mini-pad-the-gripchanger\/","title":{"rendered":"Area 419 &#8211; Mini Pad, The GripChanger"},"content":{"rendered":"<div class=\"product-description\">\n<h2>Area 419 &#8211; Mini Pad, GripChanger<\/h2>\n<p>GripChanger er den nyeste tilf\u00f8jelse til vores RailChanger-serie. Denne kompakte, gribevenlige og t\u00e6tfyldte taske er en l\u00f8sning til hurtig positionsopbygning eller brug i sm\u00e5 \u00e5bninger.<\/p>\n<h3>Egenskaber:<\/h3>\n<ul>\n<li>Vejer cirka 450 gram<\/li>\n<li>Griber fast p\u00e5 enhver overflade<\/li>\n<li>Giver en stabil platform til hurtige ops\u00e6tninger<\/li>\n<\/ul>\n<h3>S\u00e6ttet indeholder:<\/h3>\n<ul>\n<li>1 Area 419 GripChanger-taske<\/li>\n<li>1 ARCALOCK-klemme<\/li>\n<li>1 Area 419 Rail Changer-arm<\/li>\n<\/ul>\n<h3>Specifikationer:<\/h3>\n<ul>\n<li>V\u00e6gt: 450 gram<\/li>\n<li>M\u00e5l: 25,4 \u00d7 7,6 \u00d7 5,1 cm<\/li>\n<li>Producent: Armageddon Gear<\/li>\n<\/ul>\n<\/div>\n","protected":false},"excerpt":{"rendered":"<p>&#8220;Kompakt, skridsikker 450 g pose til hurtige, stabile skydestillinger. Inkluderer klemme og arm.&#8221;<\/p>\n","protected":false},"featured_media":233561,"template":"","meta":{"_acf_changed":false},"product_brand":[11042],"product_cat":[13139],"product_tag":[],"class_list":{"0":"post-284884","1":"product","2":"type-product","3":"status-publish","4":"has-post-thumbnail","6":"product_brand-area-419","7":"product_cat-riffel","9":"first","10":"instock","11":"taxable","12":"shipping-taxable","13":"purchasable","14":"product-type-simple"},"acf":[],"_links":{"self":[{"href":"https:\/\/nbg.eu\/da\/wp-json\/wp\/v2\/product\/284884","targetHints":{"allow":["GET"]}}],"collection":[{"href":"https:\/\/nbg.eu\/da\/wp-json\/wp\/v2\/product"}],"about":[{"href":"https:\/\/nbg.eu\/da\/wp-json\/wp\/v2\/types\/product"}],"wp:featuredmedia":[{"embeddable":true,"href":"https:\/\/nbg.eu\/da\/wp-json\/wp\/v2\/media\/233561"}],"wp:attachment":[{"href":"https:\/\/nbg.eu\/da\/wp-json\/wp\/v2\/media?parent=284884"}],"wp:term":[{"taxonomy":"product_brand","embeddable":true,"href":"https:\/\/nbg.eu\/da\/wp-json\/wp\/v2\/product_brand?post=284884"},{"taxonomy":"product_cat","embeddable":true,"href":"https:\/\/nbg.eu\/da\/wp-json\/wp\/v2\/product_cat?post=284884"},{"taxonomy":"product_tag","embeddable":true,"href":"https:\/\/nbg.eu\/da\/wp-json\/wp\/v2\/product_tag?post=284884"}],"curies":[{"name":"wp","href":"https:\/\/api.w.org\/{rel}","templated":true}]}}