{"id":285200,"date":"2025-03-04T21:44:51","date_gmt":"2025-03-04T18:44:51","guid":{"rendered":"https:\/\/nbg.eu\/product\/magpul-ctr-moe-cheek-riser-0-25\/"},"modified":"2026-01-21T12:28:59","modified_gmt":"2026-01-21T09:28:59","slug":"magpul-ctr-moe-cheek-riser-0-25","status":"publish","type":"product","link":"https:\/\/nbg.eu\/da\/vare\/magpul-ctr-moe-cheek-riser-0-25\/","title":{"rendered":"Magpul &#8211; CTR \/ MOE Cheek Riser &#8211; 0.25&#8221;"},"content":{"rendered":"<div class=\"product-description\">\n<h2>Magpul &#8211; CTR \/ MOE Kindbensst\u00f8tte &#8211; 0,25&#8243;<\/h2>\n<p>Magpul CTR \/ MOE Kindbensst\u00f8tte. Dette tilbeh\u00f8r er designet til at h\u00e6ve din kindst\u00f8tte med 1\/4 tomme, hvilket giver bedre komfort og pr\u00e6cision til ikke-AR15\/M4 anvendelser.<\/p>\n<ul>\n<li>Kompatibel med CTR, MOE\u00ae, DT og PR Carbine-sk\u00e6fter<\/li>\n<li>Velegnet til M14 carbine sk\u00e6ftekonverteringer<\/li>\n<li>Fremstillet i USA<\/li>\n<li>NSN: MAG325-BLK 1005-01-591-6018<\/li>\n<\/ul>\n<p><strong>Bem\u00e6rk:<\/strong> Denne st\u00f8tte kan p\u00e5virke ladegrebets funktion p\u00e5 AR15\/M4 platforme, medmindre sk\u00e6ftet er fuldt udstrakt.<\/p>\n<\/div>\n","protected":false},"excerpt":{"rendered":"<p>Kindforh\u00f8jer til ikke-AR15\/M4-sk\u00e6fter. H\u00e6ver kindst\u00f8tten med 0,64 cm. Fremstillet i USA.<\/p>\n","protected":false},"featured_media":236931,"template":"","meta":{"_acf_changed":false},"product_brand":[11545],"product_cat":[13135,13100],"product_tag":[],"class_list":{"0":"post-285200","1":"product","2":"type-product","3":"status-publish","4":"has-post-thumbnail","6":"product_brand-magpul","7":"product_cat-riffel-kolber","8":"product_cat-riffel-tuning","10":"first","11":"instock","12":"taxable","13":"shipping-taxable","14":"purchasable","15":"product-type-variable","16":"wvs-archive-product-wrapper"},"acf":[],"_links":{"self":[{"href":"https:\/\/nbg.eu\/da\/wp-json\/wp\/v2\/product\/285200","targetHints":{"allow":["GET"]}}],"collection":[{"href":"https:\/\/nbg.eu\/da\/wp-json\/wp\/v2\/product"}],"about":[{"href":"https:\/\/nbg.eu\/da\/wp-json\/wp\/v2\/types\/product"}],"wp:featuredmedia":[{"embeddable":true,"href":"https:\/\/nbg.eu\/da\/wp-json\/wp\/v2\/media\/236931"}],"wp:attachment":[{"href":"https:\/\/nbg.eu\/da\/wp-json\/wp\/v2\/media?parent=285200"}],"wp:term":[{"taxonomy":"product_brand","embeddable":true,"href":"https:\/\/nbg.eu\/da\/wp-json\/wp\/v2\/product_brand?post=285200"},{"taxonomy":"product_cat","embeddable":true,"href":"https:\/\/nbg.eu\/da\/wp-json\/wp\/v2\/product_cat?post=285200"},{"taxonomy":"product_tag","embeddable":true,"href":"https:\/\/nbg.eu\/da\/wp-json\/wp\/v2\/product_tag?post=285200"}],"curies":[{"name":"wp","href":"https:\/\/api.w.org\/{rel}","templated":true}]}}