{"id":285290,"date":"2025-03-04T22:02:27","date_gmt":"2025-03-04T19:02:27","guid":{"rendered":"https:\/\/nbg.eu\/product\/magpul-ctr-moe-cheek-riser-0-5\/"},"modified":"2026-01-21T12:14:24","modified_gmt":"2026-01-21T09:14:24","slug":"magpul-ctr-moe-cheek-riser-0-5","status":"publish","type":"product","link":"https:\/\/nbg.eu\/da\/vare\/magpul-ctr-moe-cheek-riser-0-5\/","title":{"rendered":"Magpul &#8211; CTR \/ MOE Cheek Riser &#8211; 0.5&#8243;"},"content":{"rendered":"<div class=\"product-description\">\n<h2>Magpul &#8211; CTR \/ MOE Kindst\u00f8tte &#8211; 0,5&#8243;<\/h2>\n<p>Magpul CTR \/ MOE Kindst\u00f8tte. Dette clip-on tilbeh\u00f8r er designet til at forbedre komfort og pr\u00e6cision for CTR, MOE\u00ae, DT og PR Carbine sk\u00e6fter.<\/p>\n<ul>\n<li>H\u00e6ver kindst\u00f8tten med 1\/2 tomme<\/li>\n<li>Velegnet til ikke-AR15\/M4 anvendelser<\/li>\n<li>Egnet til M14 carbine sk\u00e6fte-konverteringer<\/li>\n<li>Fremstillet i USA<\/li>\n<li>NSN: MAG326-BLK 1005-01-591-6035<\/li>\n<\/ul>\n<p><strong>Bem\u00e6rk:<\/strong> Kan p\u00e5virke ladegrebets funktion p\u00e5 AR15\/M4 platforme, medmindre sk\u00e6ftet er fuldt udstrakt.<\/p>\n<p>Kindst\u00f8tte fra Magpul til at forbedre riflens ergonomi og opn\u00e5 et mere konsistent sigtebillede.<\/p>\n<\/div>\n","protected":false},"excerpt":{"rendered":"<p>P\u00e5klipseligt kindst\u00f8tte til ikke-AR15\/M4 sk\u00e6fter. H\u00e6ver svejsningen 0,5 tommer.<\/p>\n","protected":false},"featured_media":237029,"template":"","meta":{"_acf_changed":false},"product_brand":[11545],"product_cat":[13135,13100],"product_tag":[],"class_list":{"0":"post-285290","1":"product","2":"type-product","3":"status-publish","4":"has-post-thumbnail","6":"product_brand-magpul","7":"product_cat-riffel-kolber","8":"product_cat-riffel-tuning","10":"first","11":"instock","12":"taxable","13":"shipping-taxable","14":"purchasable","15":"product-type-variable","16":"wvs-archive-product-wrapper"},"acf":[],"_links":{"self":[{"href":"https:\/\/nbg.eu\/da\/wp-json\/wp\/v2\/product\/285290","targetHints":{"allow":["GET"]}}],"collection":[{"href":"https:\/\/nbg.eu\/da\/wp-json\/wp\/v2\/product"}],"about":[{"href":"https:\/\/nbg.eu\/da\/wp-json\/wp\/v2\/types\/product"}],"wp:featuredmedia":[{"embeddable":true,"href":"https:\/\/nbg.eu\/da\/wp-json\/wp\/v2\/media\/237029"}],"wp:attachment":[{"href":"https:\/\/nbg.eu\/da\/wp-json\/wp\/v2\/media?parent=285290"}],"wp:term":[{"taxonomy":"product_brand","embeddable":true,"href":"https:\/\/nbg.eu\/da\/wp-json\/wp\/v2\/product_brand?post=285290"},{"taxonomy":"product_cat","embeddable":true,"href":"https:\/\/nbg.eu\/da\/wp-json\/wp\/v2\/product_cat?post=285290"},{"taxonomy":"product_tag","embeddable":true,"href":"https:\/\/nbg.eu\/da\/wp-json\/wp\/v2\/product_tag?post=285290"}],"curies":[{"name":"wp","href":"https:\/\/api.w.org\/{rel}","templated":true}]}}