{"id":288674,"date":"2025-03-05T11:15:00","date_gmt":"2025-03-05T08:15:00","guid":{"rendered":"https:\/\/nbg.eu\/prodcut\/magpul-prs-lite-precision-adjustable-stock\/"},"modified":"2026-01-21T11:42:52","modified_gmt":"2026-01-21T08:42:52","slug":"magpul-prs-lite-precision-adjustable-stock","status":"publish","type":"product","link":"https:\/\/nbg.eu\/da\/vare\/magpul-prs-lite-precision-adjustable-stock\/","title":{"rendered":"Magpul &#8211; PRS Lite Precision-Adjustable Stock"},"content":{"rendered":"<div class=\"product-description\">\n<h2>Magpul PRS Lite Justerbar Kolbe<\/h2>\n<p>Magpul PRS Lite tilbyder justerbarhed i en let pakke, der vejer 530 gram. Kompatibel med Mil-Spec USGI karbine\/SR25 sammenklappelige\/A5 forl\u00e6ngerr\u00f8r til .223 og .308 rifler.<\/p>\n<h3>Hovedfunktioner:<\/h3>\n<ul>\n<li>Let polymer- og metalkonstruktion<\/li>\n<li>Justerbar kindpudeh\u00f8jde (0-2 cm i 0,25 cm trin)<\/li>\n<li>Justerbar sk\u00e6ftel\u00e6ngde (35,2-38,7 cm i 0,35 cm trin)<\/li>\n<li>H\u00f8jde- og vinkeljusterbar skridsikker gummibagkappe<\/li>\n<li>Flere remfastg\u00f8relsesmuligheder<\/li>\n<\/ul>\n<p>Designet efter milit\u00e6re standarder. Kolben har en gummibagkappe og forskellige remmonteringsmuligheder.<\/p>\n<p><strong>Fremstillet i USA<\/strong><\/p>\n<\/div>\n","protected":false},"excerpt":{"rendered":"<p>Let, justerbar AR-sk\u00e6fte. Pr\u00e6cis kontrol af kindpude og l\u00e6ngde.<\/p>\n","protected":false},"featured_media":238449,"template":"","meta":{"_acf_changed":false},"product_brand":[11545],"product_cat":[13139,13135,13100],"product_tag":[],"class_list":{"0":"post-288674","1":"product","2":"type-product","3":"status-publish","4":"has-post-thumbnail","6":"product_brand-magpul","7":"product_cat-riffel","8":"product_cat-riffel-kolber","9":"product_cat-riffel-tuning","11":"first","12":"instock","13":"taxable","14":"shipping-taxable","15":"purchasable","16":"product-type-variable","17":"wvs-archive-product-wrapper"},"acf":[],"_links":{"self":[{"href":"https:\/\/nbg.eu\/da\/wp-json\/wp\/v2\/product\/288674","targetHints":{"allow":["GET"]}}],"collection":[{"href":"https:\/\/nbg.eu\/da\/wp-json\/wp\/v2\/product"}],"about":[{"href":"https:\/\/nbg.eu\/da\/wp-json\/wp\/v2\/types\/product"}],"wp:featuredmedia":[{"embeddable":true,"href":"https:\/\/nbg.eu\/da\/wp-json\/wp\/v2\/media\/238449"}],"wp:attachment":[{"href":"https:\/\/nbg.eu\/da\/wp-json\/wp\/v2\/media?parent=288674"}],"wp:term":[{"taxonomy":"product_brand","embeddable":true,"href":"https:\/\/nbg.eu\/da\/wp-json\/wp\/v2\/product_brand?post=288674"},{"taxonomy":"product_cat","embeddable":true,"href":"https:\/\/nbg.eu\/da\/wp-json\/wp\/v2\/product_cat?post=288674"},{"taxonomy":"product_tag","embeddable":true,"href":"https:\/\/nbg.eu\/da\/wp-json\/wp\/v2\/product_tag?post=288674"}],"curies":[{"name":"wp","href":"https:\/\/api.w.org\/{rel}","templated":true}]}}