{"id":289538,"date":"2025-03-01T14:21:59","date_gmt":"2025-03-01T14:21:59","guid":{"rendered":"https:\/\/nbg.eu\/prodcut\/area-419-arcalock-10%e2%80%b3-universal-dovetail-rail\/"},"modified":"2026-01-21T12:00:55","modified_gmt":"2026-01-21T09:00:55","slug":"area-419-arcalock-10%e2%80%b3-universal-dovetail-rail","status":"publish","type":"product","link":"https:\/\/nbg.eu\/da\/vare\/area-419-arcalock-10%e2%80%b3-universal-dovetail-rail\/","title":{"rendered":"Area 419 &#8211; ARCALOCK 10\u2033 Universal Dovetail Rail"},"content":{"rendered":"<div class=\"product-description\">\n<h2>Area 419 &#8211; ARCALOCK 10&#8243; Universal Svalehaleskinne<\/h2>\n<p>ARCALOCK 10&#8243; Universal Svalehaleskinne fra Area 419. Denne skinne har f\u00f8lgende egenskaber:<\/p>\n<ul>\n<li>Takkede sider til mekanisk l\u00e5sning med Area 419 klemmer<\/li>\n<li>Kompatibel med standard Arca tilbeh\u00f8r<\/li>\n<li>Let design p\u00e5 kun 116 gram<\/li>\n<li>Overholder RRS 1,5&#8243; svalehalestandard<\/li>\n<li>Affasede kanter<\/li>\n<li>Type 3 h\u00e5rd anodiseret 6061-T6 aluminium konstruktion<\/li>\n<li>Fremstillet i USA<\/li>\n<li>M-LOK slots til montering af ekstra tilbeh\u00f8r<\/li>\n<\/ul>\n<p><strong>Bem\u00e6rk:<\/strong> Kr\u00e6ver 6 sammenh\u00e6ngende MLOK slots til montering. For sk\u00e6fter med f\u00e6rre slots, overvej 12&#8243; Universal skinnen.<\/p>\n<p>ARCALOCK Svalehaleskinne System.<\/p>\n<\/div>\n","protected":false},"excerpt":{"rendered":"<p>ARCALOCK 10&#8243; universal svaler\u00e6lsskinne: Sikker, alsidig MLOK-montering til pr\u00e6cisionsskyder.<\/p>\n","protected":false},"featured_media":232418,"template":"","meta":{"_acf_changed":false},"product_brand":[11042],"product_cat":[13153],"product_tag":[],"class_list":{"0":"post-289538","1":"product","2":"type-product","3":"status-publish","4":"has-post-thumbnail","6":"product_brand-area-419","7":"product_cat-skinner","9":"first","10":"instock","11":"taxable","12":"shipping-taxable","13":"purchasable","14":"product-type-simple"},"acf":[],"_links":{"self":[{"href":"https:\/\/nbg.eu\/da\/wp-json\/wp\/v2\/product\/289538","targetHints":{"allow":["GET"]}}],"collection":[{"href":"https:\/\/nbg.eu\/da\/wp-json\/wp\/v2\/product"}],"about":[{"href":"https:\/\/nbg.eu\/da\/wp-json\/wp\/v2\/types\/product"}],"wp:featuredmedia":[{"embeddable":true,"href":"https:\/\/nbg.eu\/da\/wp-json\/wp\/v2\/media\/232418"}],"wp:attachment":[{"href":"https:\/\/nbg.eu\/da\/wp-json\/wp\/v2\/media?parent=289538"}],"wp:term":[{"taxonomy":"product_brand","embeddable":true,"href":"https:\/\/nbg.eu\/da\/wp-json\/wp\/v2\/product_brand?post=289538"},{"taxonomy":"product_cat","embeddable":true,"href":"https:\/\/nbg.eu\/da\/wp-json\/wp\/v2\/product_cat?post=289538"},{"taxonomy":"product_tag","embeddable":true,"href":"https:\/\/nbg.eu\/da\/wp-json\/wp\/v2\/product_tag?post=289538"}],"curies":[{"name":"wp","href":"https:\/\/api.w.org\/{rel}","templated":true}]}}