{"id":31070,"date":"2024-08-18T22:53:51","date_gmt":"2024-08-18T19:53:51","guid":{"rendered":"https:\/\/nbg.eu\/product\/daa-dry-fire-practice-mag\/"},"modified":"2026-05-13T15:11:01","modified_gmt":"2026-05-13T12:11:01","slug":"daa-dry-fire-practice-mag","status":"publish","type":"product","link":"https:\/\/nbg.eu\/da\/vare\/daa-dry-fire-practice-mag\/","title":{"rendered":"Daa Dry-Fire Practice Mag"},"content":{"rendered":"<div class=\"product-description\">\n<h2>Daa T\u00f8rtr\u00e6nings-Magasin fra Double Alpha Academy<\/h2>\n<p>Forbedre dine skydef\u00e6rdigheder med Daa T\u00f8rtr\u00e6nings-Magasinet. Dette innovative v\u00e6rkt\u00f8j giver mulighed for sikker og effektiv t\u00f8rtr\u00e6ning derhjemme eller p\u00e5 skydebanen.<\/p>\n<ul>\n<li>Kompatibel med de fleste 9mm\/.40 double-stack magasiner<\/li>\n<li>Realistisk v\u00e6gt og f\u00f8lelse for autentisk tr\u00e6ning<\/li>\n<li>Holdbar konstruktion til langvarig brug<\/li>\n<li>Hj\u00e6lper med at forbedre aftr\u00e6kskontrol og sigtelinjeindstilling<\/li>\n<li>Perfekt til IPSC- og USPSA-konkurrenter<\/li>\n<\/ul>\n<p>L\u00f8ft din skydeydelse uden brug af skarp ammunition. Bestil dit Daa T\u00f8rtr\u00e6nings-Magasin i dag!<\/p>\n<\/div>\n","protected":false},"excerpt":{"rendered":"<p>Daa T\u00f8raftr\u00e6kker-Magasin: Sikker, realistisk \u00f8velse til h\u00e5ndv\u00e5benf\u00e6rdigheder.<\/p>\n","protected":false},"featured_media":29831,"template":"","meta":{"_acf_changed":false},"product_brand":[11266],"product_cat":[13106],"product_tag":[],"class_list":{"0":"post-31070","1":"product","2":"type-product","3":"status-publish","4":"has-post-thumbnail","6":"product_brand-doublealpha","7":"product_cat-dry-fire","9":"first","10":"instock","11":"taxable","12":"shipping-taxable","13":"purchasable","14":"product-type-variable","15":"wvs-archive-product-wrapper"},"acf":[],"_links":{"self":[{"href":"https:\/\/nbg.eu\/da\/wp-json\/wp\/v2\/product\/31070","targetHints":{"allow":["GET"]}}],"collection":[{"href":"https:\/\/nbg.eu\/da\/wp-json\/wp\/v2\/product"}],"about":[{"href":"https:\/\/nbg.eu\/da\/wp-json\/wp\/v2\/types\/product"}],"wp:featuredmedia":[{"embeddable":true,"href":"https:\/\/nbg.eu\/da\/wp-json\/wp\/v2\/media\/29831"}],"wp:attachment":[{"href":"https:\/\/nbg.eu\/da\/wp-json\/wp\/v2\/media?parent=31070"}],"wp:term":[{"taxonomy":"product_brand","embeddable":true,"href":"https:\/\/nbg.eu\/da\/wp-json\/wp\/v2\/product_brand?post=31070"},{"taxonomy":"product_cat","embeddable":true,"href":"https:\/\/nbg.eu\/da\/wp-json\/wp\/v2\/product_cat?post=31070"},{"taxonomy":"product_tag","embeddable":true,"href":"https:\/\/nbg.eu\/da\/wp-json\/wp\/v2\/product_tag?post=31070"}],"curies":[{"name":"wp","href":"https:\/\/api.w.org\/{rel}","templated":true}]}}