{"id":31422,"date":"2024-08-18T22:39:34","date_gmt":"2024-08-18T19:39:34","guid":{"rendered":"https:\/\/nbg.eu\/product\/flex-holster-spare-set-of-side-spacers\/"},"modified":"2026-01-21T12:31:33","modified_gmt":"2026-01-21T09:31:33","slug":"flex-holster-spare-set-of-side-spacers","status":"publish","type":"product","link":"https:\/\/nbg.eu\/da\/vare\/flex-holster-spare-set-of-side-spacers\/","title":{"rendered":"Flex Holster &#8211; Spare Set Of Side Spacers"},"content":{"rendered":"<div class=\"product-description\">\n<h2>Flex Holster &#8211; Ekstra s\u00e6t sidespaceringer<\/h2>\n<p>For\u00f8g din Flex Holsters alsidighed med dette ekstra s\u00e6t sidespaceringer fra Double Alpha Academy. Disse pr\u00e6cisionsfremstillede spaceringer giver dig mulighed for at:<\/p>\n<ul>\n<li>Justere din holsters bredde til forskellige v\u00e5benmodeller<\/li>\n<li>Finjustere fastholdelsesstrykket<\/li>\n<li>Tilpasse din tr\u00e6kbev\u00e6gelse<\/li>\n<\/ul>\n<p>Fremstillet af holdbar polymer sikrer disse spaceringer langvarig ydeevne. De er kompatible med alle Flex Holster-modeller og er essentielle for konkurrenceskytter og entusiaster, der kr\u00e6ver maksimal tilpasningsevne fra deres udstyr.<\/p>\n<p>Opgrad\u00e9r din Flex Holster i dag for optimal ydeevne og alsidighed!<\/p>\n<\/div>\n","protected":false},"excerpt":{"rendered":"<p>Ekstra side-afstandsstykker til Flex-hylster. Tilpas pasform og fastg\u00f8relse.<\/p>\n","protected":false},"featured_media":29440,"template":"","meta":{"_acf_changed":false},"product_brand":[11266],"product_cat":[13145,13120,13126],"product_tag":[],"class_list":{"0":"post-31422","1":"product","2":"type-product","3":"status-publish","4":"has-post-thumbnail","6":"product_brand-doublealpha","7":"product_cat-hylster","8":"product_cat-hylstertilbehor","9":"product_cat-sport-hylster","11":"first","12":"instock","13":"taxable","14":"shipping-taxable","15":"purchasable","16":"product-type-variable","17":"wvs-archive-product-wrapper"},"acf":[],"_links":{"self":[{"href":"https:\/\/nbg.eu\/da\/wp-json\/wp\/v2\/product\/31422","targetHints":{"allow":["GET"]}}],"collection":[{"href":"https:\/\/nbg.eu\/da\/wp-json\/wp\/v2\/product"}],"about":[{"href":"https:\/\/nbg.eu\/da\/wp-json\/wp\/v2\/types\/product"}],"wp:featuredmedia":[{"embeddable":true,"href":"https:\/\/nbg.eu\/da\/wp-json\/wp\/v2\/media\/29440"}],"wp:attachment":[{"href":"https:\/\/nbg.eu\/da\/wp-json\/wp\/v2\/media?parent=31422"}],"wp:term":[{"taxonomy":"product_brand","embeddable":true,"href":"https:\/\/nbg.eu\/da\/wp-json\/wp\/v2\/product_brand?post=31422"},{"taxonomy":"product_cat","embeddable":true,"href":"https:\/\/nbg.eu\/da\/wp-json\/wp\/v2\/product_cat?post=31422"},{"taxonomy":"product_tag","embeddable":true,"href":"https:\/\/nbg.eu\/da\/wp-json\/wp\/v2\/product_tag?post=31422"}],"curies":[{"name":"wp","href":"https:\/\/api.w.org\/{rel}","templated":true}]}}