{"id":39103,"date":"2024-08-26T13:35:02","date_gmt":"2024-08-26T13:35:02","guid":{"rendered":"https:\/\/nbg.eu\/product\/vanward-felt\/"},"modified":"2026-05-13T17:04:58","modified_gmt":"2026-05-13T14:04:58","slug":"vanward-felt","status":"publish","type":"product","link":"https:\/\/nbg.eu\/da\/vare\/vanward-felt\/","title":{"rendered":"Vanward Felt"},"content":{"rendered":"<div class=\"product-description\">\n<h2>Vanward Felt Lydd\u00e6mper<\/h2>\n<p>Oplev den n\u00e6ste evolution inden for lydd\u00e6mperteknologi med Vanward Felt, udviklet fra TE-Titans 3D-printede lydd\u00e6mpere.<\/p>\n<h2>N\u00f8glefunktioner:<\/h2>\n<ul>\n<li>Optimeret baffelafstand for overlegen trykudligning<\/li>\n<li>Sekskantet ydre design for \u00f8get styrke og effektiv k\u00f8ling<\/li>\n<li>Utrolig let med kun 171 gram*<\/li>\n<li>3D-printet i \u00e9t stykke grade 5 titan<\/li>\n<li>Gevindsektion i rustfrit st\u00e5l<\/li>\n<li>Modstandsdygtig over for vand, saltopl\u00f8sninger og v\u00e5bengasser<\/li>\n<li>Minimal vedh\u00e6ftning af krudtrester<\/li>\n<\/ul>\n<h2>Specifikationer:<\/h2>\n<ul>\n<li>Tilg\u00e6ngelige kalibre: .223, .264, .30<\/li>\n<li>Gevindtyper: M18x1, M15x1, M14x1, 1\/2*28<\/li>\n<li>Dimensioner: \u00d842mm x 130mm l\u00e6ngde<\/li>\n<\/ul>\n<p>Designet med input fra topskytter i felten, tilbyder Vanward Felt uovertruffen sikkerhed, styrke og ydeevne. Dens integrerede k\u00f8lefinner og lette design g\u00f8r den ideel til feltskydningsapplikationer.<\/p>\n<p><em>*V\u00e6gt for M14x1 gevindtype<\/em><\/p>\n<\/div>\n","protected":false},"excerpt":{"rendered":"<p>Let, 3D-printet titanium-lydd\u00e6mper med optimeret design.<\/p>\n","protected":false},"featured_media":32218,"template":"","meta":{"_acf_changed":false},"product_brand":[11932],"product_cat":[13117,13139,13122],"product_tag":[],"class_list":{"0":"post-39103","1":"product","2":"type-product","3":"status-publish","4":"has-post-thumbnail","6":"product_brand-vanward","7":"product_cat-lyddaempere","8":"product_cat-riffel","9":"product_cat-riffel-lyddaempere","11":"first","12":"instock","13":"taxable","14":"shipping-taxable","15":"purchasable","16":"product-type-variable","17":"wvs-archive-product-wrapper"},"acf":[],"_links":{"self":[{"href":"https:\/\/nbg.eu\/da\/wp-json\/wp\/v2\/product\/39103","targetHints":{"allow":["GET"]}}],"collection":[{"href":"https:\/\/nbg.eu\/da\/wp-json\/wp\/v2\/product"}],"about":[{"href":"https:\/\/nbg.eu\/da\/wp-json\/wp\/v2\/types\/product"}],"wp:featuredmedia":[{"embeddable":true,"href":"https:\/\/nbg.eu\/da\/wp-json\/wp\/v2\/media\/32218"}],"wp:attachment":[{"href":"https:\/\/nbg.eu\/da\/wp-json\/wp\/v2\/media?parent=39103"}],"wp:term":[{"taxonomy":"product_brand","embeddable":true,"href":"https:\/\/nbg.eu\/da\/wp-json\/wp\/v2\/product_brand?post=39103"},{"taxonomy":"product_cat","embeddable":true,"href":"https:\/\/nbg.eu\/da\/wp-json\/wp\/v2\/product_cat?post=39103"},{"taxonomy":"product_tag","embeddable":true,"href":"https:\/\/nbg.eu\/da\/wp-json\/wp\/v2\/product_tag?post=39103"}],"curies":[{"name":"wp","href":"https:\/\/api.w.org\/{rel}","templated":true}]}}