{"id":44493,"date":"2024-08-18T09:39:25","date_gmt":"2024-08-18T09:39:25","guid":{"rendered":"https:\/\/nbg.eu\/product\/corn-cob-media-4kg\/"},"modified":"2026-05-13T15:09:55","modified_gmt":"2026-05-13T12:09:55","slug":"corn-cob-media-4kg","status":"publish","type":"product","link":"https:\/\/nbg.eu\/da\/vare\/corn-cob-media-4kg\/","title":{"rendered":"Corn Cob Media 4Kg"},"content":{"rendered":"<h2>Majskolbemedie 4 kg<\/h2>\n<p>L\u00f8ft dit patronhylsterrensningsspil med vores f\u00f8rsteklasses 4 kg majskolbemedie. Dette kvalitetsmedie er designet til at:<\/p>\n<ul>\n<li>Fjerne grus, snavs og krudtrester fra dine patronhylstre<\/li>\n<li>Give dine patronhylstre en smuk glans<\/li>\n<li>Rense selv de mindste fordybninger i patronkanter og f\u00e6ngh\u00e6ttelommer<\/li>\n<\/ul>\n<p>Perfekt til brug i sm\u00e5 til mellemstore tromler og vibratorer, sikrer vores finkornede medie grundig rensning af dine patronhylstre. M\u00e6ngden p\u00e5 4 kg giver mulighed for flere anvendelser og er dermed god v\u00e6rdi for pengene.<\/p>\n<p>Selvom dette medie kan bruges gentagne gange, anbefaler vi periodisk udskiftning for at opretholde optimale rensningsresultater. Invester i vores majskolbemedie i dag og oplev forskellen i din genladningsproces!<\/p>\n","protected":false},"excerpt":{"rendered":"<p>4 kg majskolbemedie: Reng\u00f8r og polerer messinghylstre, genanvendeligt.<\/p>\n","protected":false},"featured_media":28566,"template":"","meta":{"_acf_changed":false},"product_brand":[],"product_cat":[13125,13082],"product_tag":[],"class_list":{"0":"post-44493","1":"product","2":"type-product","3":"status-publish","4":"has-post-thumbnail","6":"product_cat-genladning","7":"product_cat-hylseforberedelse","9":"first","10":"outofstock","11":"taxable","12":"shipping-taxable","13":"purchasable","14":"product-type-simple"},"acf":[],"_links":{"self":[{"href":"https:\/\/nbg.eu\/da\/wp-json\/wp\/v2\/product\/44493","targetHints":{"allow":["GET"]}}],"collection":[{"href":"https:\/\/nbg.eu\/da\/wp-json\/wp\/v2\/product"}],"about":[{"href":"https:\/\/nbg.eu\/da\/wp-json\/wp\/v2\/types\/product"}],"wp:featuredmedia":[{"embeddable":true,"href":"https:\/\/nbg.eu\/da\/wp-json\/wp\/v2\/media\/28566"}],"wp:attachment":[{"href":"https:\/\/nbg.eu\/da\/wp-json\/wp\/v2\/media?parent=44493"}],"wp:term":[{"taxonomy":"product_brand","embeddable":true,"href":"https:\/\/nbg.eu\/da\/wp-json\/wp\/v2\/product_brand?post=44493"},{"taxonomy":"product_cat","embeddable":true,"href":"https:\/\/nbg.eu\/da\/wp-json\/wp\/v2\/product_cat?post=44493"},{"taxonomy":"product_tag","embeddable":true,"href":"https:\/\/nbg.eu\/da\/wp-json\/wp\/v2\/product_tag?post=44493"}],"curies":[{"name":"wp","href":"https:\/\/api.w.org\/{rel}","templated":true}]}}