{"id":45489,"date":"2024-08-16T17:52:19","date_gmt":"2024-08-16T17:52:19","guid":{"rendered":"https:\/\/nbg.eu\/product\/rhh-backpack\/"},"modified":"2026-01-21T12:01:46","modified_gmt":"2026-01-21T09:01:46","slug":"rhh-backpack","status":"publish","type":"product","link":"https:\/\/nbg.eu\/da\/vare\/rhh-backpack\/","title":{"rendered":"RHH Backpack"},"content":{"rendered":"<div class=\"product-description\">\n<h2>RHH Skydeudstyr Rygs\u00e6k<\/h2>\n<p>Designet af skytter til skytter, er RHH Rygs\u00e6kken perfekt til flerdages konkurrencer, uanset om du bruger \u00e9t eller to v\u00e5ben.<\/p>\n<ul>\n<li>Hovedv\u00e5benlomme med l\u00e5sesystem for nem adgang<\/li>\n<li>Opfylder IPSC-regler<\/li>\n<li>Velcro-panel og MOLLE-system til tilbeh\u00f8r<\/li>\n<li>Rigelig opbevaringsplads med organiserede rum<\/li>\n<li>Magasinlomme passer til 30-skuds magasiner med udvidede bundplader<\/li>\n<li>Aftagelige stropper kan bruges som skydepude<\/li>\n<\/ul>\n<p>St\u00f8rrelse: 100cm x 40cm x 20cm<br \/>\n  Riffel-lomme: op til 95cm<br \/>\n  V\u00e6gt: 2,9 kg<\/p>\n<p>Pak smart, skyd bedre med RHH Skydeudstyr Rygs\u00e6k!<\/p>\n<\/div>\n","protected":false},"excerpt":{"rendered":"<p>RHH Rygs\u00e6k: Skytte-designet, alsidig, klar til flerdages l\u00f8b.<\/p>\n","protected":false},"featured_media":22667,"template":"","meta":{"_acf_changed":false},"product_brand":[11631],"product_cat":[13083],"product_tag":[],"class_list":{"0":"post-45489","1":"product","2":"type-product","3":"status-publish","4":"has-post-thumbnail","6":"product_brand-rh-holsters","7":"product_cat-rygsaekke","9":"first","10":"instock","11":"taxable","12":"shipping-taxable","13":"purchasable","14":"product-type-simple"},"acf":[],"_links":{"self":[{"href":"https:\/\/nbg.eu\/da\/wp-json\/wp\/v2\/product\/45489","targetHints":{"allow":["GET"]}}],"collection":[{"href":"https:\/\/nbg.eu\/da\/wp-json\/wp\/v2\/product"}],"about":[{"href":"https:\/\/nbg.eu\/da\/wp-json\/wp\/v2\/types\/product"}],"wp:featuredmedia":[{"embeddable":true,"href":"https:\/\/nbg.eu\/da\/wp-json\/wp\/v2\/media\/22667"}],"wp:attachment":[{"href":"https:\/\/nbg.eu\/da\/wp-json\/wp\/v2\/media?parent=45489"}],"wp:term":[{"taxonomy":"product_brand","embeddable":true,"href":"https:\/\/nbg.eu\/da\/wp-json\/wp\/v2\/product_brand?post=45489"},{"taxonomy":"product_cat","embeddable":true,"href":"https:\/\/nbg.eu\/da\/wp-json\/wp\/v2\/product_cat?post=45489"},{"taxonomy":"product_tag","embeddable":true,"href":"https:\/\/nbg.eu\/da\/wp-json\/wp\/v2\/product_tag?post=45489"}],"curies":[{"name":"wp","href":"https:\/\/api.w.org\/{rel}","templated":true}]}}