{"id":47026,"date":"2024-07-30T19:06:10","date_gmt":"2024-09-12T12:55:53","guid":{"rendered":"https:\/\/nbg.eu\/product\/iosso-ar-rifle-complete-cleaning-kit\/"},"modified":"2026-05-13T15:12:04","modified_gmt":"2026-05-13T12:12:04","slug":"iosso-ar-rifle-complete-cleaning-kit","status":"publish","type":"product","link":"https:\/\/nbg.eu\/da\/vare\/iosso-ar-rifle-complete-cleaning-kit\/","title":{"rendered":"Iosso AR Rifle Complete Cleaning Kit"},"content":{"rendered":"<div class=\"product-description\">\n<h2>Iosso AR Riffel Komplet Reng\u00f8ringss\u00e6t<\/h2>\n<p>Vedligehold dit skydev\u00e5ben med vores reng\u00f8ringss\u00e6t. Indeholder:<\/p>\n<ul>\n<li>6 b\u00f8rster til grundig reng\u00f8ring<\/li>\n<li>Reng\u00f8r \u00f8vre receiver, kammer, boltgruppe, .223\/.30 l\u00f8b, n\u00f8gler\u00f8r og gasr\u00f8r<\/li>\n<li>Gasr\u00f8rsb\u00f8rste reng\u00f8r uden adskillelse<\/li>\n<li>Inkluderer n\u00f8dvendige v\u00e6rkt\u00f8jer, stang og snor<\/li>\n<li>Egnet til pistoler, rifler og haglgev\u00e6rer<\/li>\n<li>Inkluderer b\u00e6retaske<\/li>\n<\/ul>\n<p>Brug sammen med Iosso L\u00f8brens og Triple Action Olie for bedste resultater (s\u00e6lges separat).<\/p>\n<\/div>\n","protected":false},"excerpt":{"rendered":"<p>Omfattende AR-riffel reng\u00f8ringss\u00e6t med 6 b\u00f8rster og essentielle v\u00e6rkt\u00f8jer.<\/p>\n","protected":false},"featured_media":107631,"template":"","meta":{"_acf_changed":false},"product_brand":[11470],"product_cat":[13098,13088,13081],"product_tag":[],"class_list":{"0":"post-47026","1":"product","2":"type-product","3":"status-publish","4":"has-post-thumbnail","6":"product_brand-iosso","7":"product_cat-borster","8":"product_cat-rensesaet","9":"product_cat-vabenrensning","11":"first","12":"instock","13":"taxable","14":"shipping-taxable","15":"purchasable","16":"product-type-variable","17":"wvs-archive-product-wrapper"},"acf":[],"_links":{"self":[{"href":"https:\/\/nbg.eu\/da\/wp-json\/wp\/v2\/product\/47026","targetHints":{"allow":["GET"]}}],"collection":[{"href":"https:\/\/nbg.eu\/da\/wp-json\/wp\/v2\/product"}],"about":[{"href":"https:\/\/nbg.eu\/da\/wp-json\/wp\/v2\/types\/product"}],"wp:featuredmedia":[{"embeddable":true,"href":"https:\/\/nbg.eu\/da\/wp-json\/wp\/v2\/media\/107631"}],"wp:attachment":[{"href":"https:\/\/nbg.eu\/da\/wp-json\/wp\/v2\/media?parent=47026"}],"wp:term":[{"taxonomy":"product_brand","embeddable":true,"href":"https:\/\/nbg.eu\/da\/wp-json\/wp\/v2\/product_brand?post=47026"},{"taxonomy":"product_cat","embeddable":true,"href":"https:\/\/nbg.eu\/da\/wp-json\/wp\/v2\/product_cat?post=47026"},{"taxonomy":"product_tag","embeddable":true,"href":"https:\/\/nbg.eu\/da\/wp-json\/wp\/v2\/product_tag?post=47026"}],"curies":[{"name":"wp","href":"https:\/\/api.w.org\/{rel}","templated":true}]}}