{"id":527176,"date":"2025-09-02T20:11:34","date_gmt":"2025-09-02T17:11:34","guid":{"rendered":"https:\/\/nbg.eu\/product\/ftcs-enlarged-magazine-catch-ak-platform-graphite-black-h-146-nr-29\/"},"modified":"2026-01-21T12:01:49","modified_gmt":"2026-01-21T09:01:49","slug":"ftcs-enlarged-magazine-catch-ak-platform-graphite-black-h-146-nr-29","status":"publish","type":"product","link":"https:\/\/nbg.eu\/da\/vare\/ftcs-enlarged-magazine-catch-ak-platform-graphite-black-h-146-nr-29\/","title":{"rendered":"FTCS &#8211; Enlarged Magazine Catch &#8211; AK Platform &#8211; Graphite Black H-146 &#8211; Nr. 29"},"content":{"rendered":"<div class=\"product-description\">\n<h1>FTCS &#8211; Forst\u00f8rret magasinfrig\u00f8relse &#8211; AK-platform<\/h1>\n<h2>Grafit Sort H-146 &#8211; Nr. 29<\/h2>\n<p>Denne forst\u00f8rrede magasinfrig\u00f8relse fra FTCS er designet til lettere magasinudtagning for AK-platform karabiner.<\/p>\n<ul>\n<li>Kompatibel med de fleste AK\/AKM\/AK-74 v\u00e5ben<\/li>\n<li>Fremstillet af st\u00e5l med Cerakote-bel\u00e6gning<\/li>\n<li>Grafit Sort H-146 farve<\/li>\n<li>Ribbet tunge for bedre greb<\/li>\n<li>M\u00e5l: 51 x 16 x 14 mm<\/li>\n<li>V\u00e6gt: 20 g<\/li>\n<\/ul>\n<p>Denne forst\u00f8rrede frig\u00f8relse muligg\u00f8r magasinudl\u00f8sning med tommelfingeren eller et andet magasin. Cerakote-overfladen sikrer holdbarhed.<\/p>\n<\/div>\n","protected":false},"excerpt":{"rendered":"<p>Forst\u00f8rret AK-magasinfanger. Let at frig\u00f8re. St\u00e5l, Cerakote. Grafitsort.<\/p>\n","protected":false},"featured_media":0,"template":"","meta":{"_acf_changed":false},"product_brand":[],"product_cat":[13155],"product_tag":[],"class_list":{"0":"post-527176","1":"product","2":"type-product","3":"status-publish","5":"product_cat-ukategoriseret","7":"first","8":"instock","9":"taxable","10":"shipping-taxable","11":"purchasable","12":"product-type-simple"},"acf":[],"_links":{"self":[{"href":"https:\/\/nbg.eu\/da\/wp-json\/wp\/v2\/product\/527176","targetHints":{"allow":["GET"]}}],"collection":[{"href":"https:\/\/nbg.eu\/da\/wp-json\/wp\/v2\/product"}],"about":[{"href":"https:\/\/nbg.eu\/da\/wp-json\/wp\/v2\/types\/product"}],"wp:attachment":[{"href":"https:\/\/nbg.eu\/da\/wp-json\/wp\/v2\/media?parent=527176"}],"wp:term":[{"taxonomy":"product_brand","embeddable":true,"href":"https:\/\/nbg.eu\/da\/wp-json\/wp\/v2\/product_brand?post=527176"},{"taxonomy":"product_cat","embeddable":true,"href":"https:\/\/nbg.eu\/da\/wp-json\/wp\/v2\/product_cat?post=527176"},{"taxonomy":"product_tag","embeddable":true,"href":"https:\/\/nbg.eu\/da\/wp-json\/wp\/v2\/product_tag?post=527176"}],"curies":[{"name":"wp","href":"https:\/\/api.w.org\/{rel}","templated":true}]}}