{"id":530408,"date":"2025-09-04T17:31:52","date_gmt":"2025-09-04T14:31:52","guid":{"rendered":"https:\/\/nbg.eu\/product\/strike-industries-overmolded-ultimate-dust-cover-for-223-5-56-mm-black\/"},"modified":"2026-01-21T12:14:40","modified_gmt":"2026-01-21T09:14:40","slug":"strike-industries-overmolded-ultimate-dust-cover-for-223-5-56-mm-black","status":"publish","type":"product","link":"https:\/\/nbg.eu\/da\/vare\/strike-industries-overmolded-ultimate-dust-cover-for-223-5-56-mm-black\/","title":{"rendered":"Strike Industries &#8211; Overmolded Ultimate Dust Cover for .223\/5.56 mm &#8211; Black"},"content":{"rendered":"<div class=\"product-description\">\n<h2>Strike Industries &#8211; St\u00f8vd\u00e6ksel til .223\/5.56 mm &#8211; Sort<\/h2>\n<p>Dette st\u00f8vd\u00e6ksel til AR-15 har en dobbelt spr\u00f8jtest\u00f8bning og gummit\u00e6tning for beskyttelse mod snavs og vand. Den indvendige kant giver en t\u00e6ttere forsegling end traditionelle st\u00f8vd\u00e6ksler.<\/p>\n<ul>\n<li>Installation uden v\u00e6rkt\u00f8j og nem adskillelse<\/li>\n<li>Indbygget justerbar skrue til kompensation for slitage<\/li>\n<li>St\u00f8jsvag aktivering med gummipuder<\/li>\n<li>Lavet af polymer-materiale<\/li>\n<li>Rustbestandig og holdbar<\/li>\n<li>Kan installeres eller fjernes p\u00e5 5-10 sekunder<\/li>\n<\/ul>\n<p>Kompatibel med AR-15 Mil-Spec og de fleste billet \u00f8vre modtagere, inklusive Aero Precision M4E1. Ikke kompatibel med VLTOR MUR, ZRO Delta, Lantac Enhanced BCG eller Bootleg Fire Positions Justerbar Carrier.<\/p>\n<\/div>\n","protected":false},"excerpt":{"rendered":"<p>Forbedret AR-15 st\u00f8vd\u00e6ksel: Lydl\u00f8s, hurtig installation, smudsafvisende forsegling.<\/p>\n","protected":false},"featured_media":493265,"template":"","meta":{"_acf_changed":false},"product_brand":[14606],"product_cat":[13123,13139,13100],"product_tag":[],"class_list":{"0":"post-530408","1":"product","2":"type-product","3":"status-publish","4":"has-post-thumbnail","6":"product_brand-strike-industries","7":"product_cat-ar-tuning","8":"product_cat-riffel","9":"product_cat-riffel-tuning","11":"first","12":"instock","13":"taxable","14":"shipping-taxable","15":"purchasable","16":"product-type-simple"},"acf":[],"_links":{"self":[{"href":"https:\/\/nbg.eu\/da\/wp-json\/wp\/v2\/product\/530408","targetHints":{"allow":["GET"]}}],"collection":[{"href":"https:\/\/nbg.eu\/da\/wp-json\/wp\/v2\/product"}],"about":[{"href":"https:\/\/nbg.eu\/da\/wp-json\/wp\/v2\/types\/product"}],"wp:featuredmedia":[{"embeddable":true,"href":"https:\/\/nbg.eu\/da\/wp-json\/wp\/v2\/media\/493265"}],"wp:attachment":[{"href":"https:\/\/nbg.eu\/da\/wp-json\/wp\/v2\/media?parent=530408"}],"wp:term":[{"taxonomy":"product_brand","embeddable":true,"href":"https:\/\/nbg.eu\/da\/wp-json\/wp\/v2\/product_brand?post=530408"},{"taxonomy":"product_cat","embeddable":true,"href":"https:\/\/nbg.eu\/da\/wp-json\/wp\/v2\/product_cat?post=530408"},{"taxonomy":"product_tag","embeddable":true,"href":"https:\/\/nbg.eu\/da\/wp-json\/wp\/v2\/product_tag?post=530408"}],"curies":[{"name":"wp","href":"https:\/\/api.w.org\/{rel}","templated":true}]}}