{"id":535169,"date":"2025-09-04T23:53:22","date_gmt":"2025-09-04T20:53:22","guid":{"rendered":"https:\/\/nbg.eu\/product\/law-tactical-llc-armorers-flange-tool-2019aft\/"},"modified":"2026-01-21T11:58:40","modified_gmt":"2026-01-21T08:58:40","slug":"law-tactical-llc-armorers-flange-tool-2019aft","status":"publish","type":"product","link":"https:\/\/nbg.eu\/da\/vare\/law-tactical-llc-armorers-flange-tool-2019aft\/","title":{"rendered":"LAW TACTICAL LLC Armorer&#8217;s Flange Tool (2019AFT)"},"content":{"rendered":"<div class=\"product-description\">\n<h2>LAW TACTICAL LLC V\u00e5bensmedens Flange V\u00e6rkt\u00f8j (2019AFT)<\/h2>\n<p>Et v\u00e6rkt\u00f8j til vedligeholdelse af Law Tactical Folding Stock Adapter. Dette genanvendelige flange installations- og fjernelsesv\u00e6rkt\u00f8j er fremstillet af varmebehandlet karbonst\u00e5l.<\/p>\n<ul>\n<li>Maskinforarbejdet fra en solid stang af varmebehandlet karbonst\u00e5l<\/li>\n<li>Designet til lang levetid<\/li>\n<li>Har et 3\/8&#8243; firkantet drev til momentn\u00f8gle kompatibilitet<\/li>\n<li>Individuelt inspiceret for kvalitetssikring<\/li>\n<li>Sort Melonite-belagt for beskyttelse<\/li>\n<\/ul>\n<p>Et v\u00e6rkt\u00f8j til v\u00e5bensmede, egnet til b\u00e5de entusiaster og professionelle.<\/p>\n<\/div>\n","protected":false},"excerpt":{"rendered":"<p>Holdbart st\u00e5lv\u00e6rkt\u00f8j til Law Tactical foldbare kolbeadapterflanger.<\/p>\n","protected":false},"featured_media":495817,"template":"","meta":{"_acf_changed":false},"product_brand":[14375],"product_cat":[13155],"product_tag":[],"class_list":{"0":"post-535169","1":"product","2":"type-product","3":"status-publish","4":"has-post-thumbnail","6":"product_brand-law-tactical-llc","7":"product_cat-ukategoriseret","9":"first","10":"outofstock","11":"taxable","12":"shipping-taxable","13":"purchasable","14":"product-type-simple"},"acf":[],"_links":{"self":[{"href":"https:\/\/nbg.eu\/da\/wp-json\/wp\/v2\/product\/535169","targetHints":{"allow":["GET"]}}],"collection":[{"href":"https:\/\/nbg.eu\/da\/wp-json\/wp\/v2\/product"}],"about":[{"href":"https:\/\/nbg.eu\/da\/wp-json\/wp\/v2\/types\/product"}],"wp:featuredmedia":[{"embeddable":true,"href":"https:\/\/nbg.eu\/da\/wp-json\/wp\/v2\/media\/495817"}],"wp:attachment":[{"href":"https:\/\/nbg.eu\/da\/wp-json\/wp\/v2\/media?parent=535169"}],"wp:term":[{"taxonomy":"product_brand","embeddable":true,"href":"https:\/\/nbg.eu\/da\/wp-json\/wp\/v2\/product_brand?post=535169"},{"taxonomy":"product_cat","embeddable":true,"href":"https:\/\/nbg.eu\/da\/wp-json\/wp\/v2\/product_cat?post=535169"},{"taxonomy":"product_tag","embeddable":true,"href":"https:\/\/nbg.eu\/da\/wp-json\/wp\/v2\/product_tag?post=535169"}],"curies":[{"name":"wp","href":"https:\/\/api.w.org\/{rel}","templated":true}]}}