{"id":535922,"date":"2025-09-05T00:03:25","date_gmt":"2025-09-04T21:03:25","guid":{"rendered":"https:\/\/nbg.eu\/product\/utg-pro-monolithic-m-lok-handguard-for-mp5k\/"},"modified":"2026-01-21T12:27:14","modified_gmt":"2026-01-21T09:27:14","slug":"utg-pro-monolithic-m-lok-handguard-for-mp5k","status":"publish","type":"product","link":"https:\/\/nbg.eu\/da\/vare\/utg-pro-monolithic-m-lok-handguard-for-mp5k\/","title":{"rendered":"UTG PRO?\u00ae MONOLITHIC M-LOK\u00ae HANDGUARD FOR MP5K"},"content":{"rendered":"<div class=\"product-description\">\n<h2>UTG PRO\u00ae MONOLITISK M-LOK\u00ae H\u00c5NDTAG TIL MP5K<\/h2>\n<p>UTG PRO\u00ae Monolitisk M-LOK\u00ae H\u00e5ndtag til MP5K tilbyder:<\/p>\n<ul>\n<li>Aluminiumskonstruktion for let styrke<\/li>\n<li>M-LOK\u00ae kompatible slots til montering af tilbeh\u00f8r<\/li>\n<li>Lav profil design for forbedret ergonomi<\/li>\n<li>Nem installation uden behov for v\u00e5bensmed<\/li>\n<li>Forbedret varmeafledning ved l\u00e6ngere skydning<\/li>\n<li>Fremstillet i USA med livstidsgaranti<\/li>\n<\/ul>\n<p>UTG PRO\u00ae Monolitisk M-LOK\u00ae H\u00e5ndtag er designet til MP5K. Det er velegnet til retsh\u00e5ndh\u00e6velse, konkurrenceskytter og v\u00e5benentusiaster.<\/p>\n<\/div>\n","protected":false},"excerpt":{"rendered":"<p>UTG PRO M-LOK H\u00e5ndst\u00f8tte: Elegant, holdbar opgradering til MP5K.<\/p>\n","protected":false},"featured_media":745235,"template":"","meta":{"_acf_changed":false},"product_brand":[14402],"product_cat":[14793,13139,13100,13153],"product_tag":[],"class_list":{"0":"post-535922","1":"product","2":"type-product","3":"status-publish","4":"has-post-thumbnail","6":"product_brand-leapers-inc","7":"product_cat-handbeschermers","8":"product_cat-riffel","9":"product_cat-riffel-tuning","10":"product_cat-skinner","12":"first","13":"instock","14":"taxable","15":"shipping-taxable","16":"purchasable","17":"product-type-simple"},"acf":[],"_links":{"self":[{"href":"https:\/\/nbg.eu\/da\/wp-json\/wp\/v2\/product\/535922","targetHints":{"allow":["GET"]}}],"collection":[{"href":"https:\/\/nbg.eu\/da\/wp-json\/wp\/v2\/product"}],"about":[{"href":"https:\/\/nbg.eu\/da\/wp-json\/wp\/v2\/types\/product"}],"wp:featuredmedia":[{"embeddable":true,"href":"https:\/\/nbg.eu\/da\/wp-json\/wp\/v2\/media\/745235"}],"wp:attachment":[{"href":"https:\/\/nbg.eu\/da\/wp-json\/wp\/v2\/media?parent=535922"}],"wp:term":[{"taxonomy":"product_brand","embeddable":true,"href":"https:\/\/nbg.eu\/da\/wp-json\/wp\/v2\/product_brand?post=535922"},{"taxonomy":"product_cat","embeddable":true,"href":"https:\/\/nbg.eu\/da\/wp-json\/wp\/v2\/product_cat?post=535922"},{"taxonomy":"product_tag","embeddable":true,"href":"https:\/\/nbg.eu\/da\/wp-json\/wp\/v2\/product_tag?post=535922"}],"curies":[{"name":"wp","href":"https:\/\/api.w.org\/{rel}","templated":true}]}}