{"id":536034,"date":"2025-09-05T00:03:25","date_gmt":"2025-09-04T21:03:25","guid":{"rendered":"https:\/\/nbg.eu\/product\/utg-pro-monolithic-m-lok-handguard-for-mp5-extended-length\/"},"modified":"2026-02-27T15:51:13","modified_gmt":"2026-02-27T12:51:13","slug":"utg-pro-monolithic-m-lok-handguard-for-mp5-extended-length","status":"publish","type":"product","link":"https:\/\/nbg.eu\/da\/vare\/utg-pro-monolithic-m-lok-handguard-for-mp5-extended-length\/","title":{"rendered":"UTG PRO\u00ae Monolithic M-LOK\u00ae Handguard, for MP5\u00ae, Extended Length"},"content":{"rendered":"<div class=\"product-description\">\n<h2>UTG PRO\u00ae Monolitisk M-LOK\u00ae H\u00e5ndst\u00f8tte til MP5\u00ae, Forl\u00e6nget L\u00e6ngde<\/h2>\n<p>H\u00e5ndst\u00f8tte til MP5\u00ae. Denne forl\u00e6ngede h\u00e5ndst\u00f8tte har f\u00f8lgende egenskaber:<\/p>\n<ul>\n<li>Aluminiumskonstruktion<\/li>\n<li>M-LOK\u00ae kompatible huller til montering af tilbeh\u00f8r<\/li>\n<li>Forl\u00e6nget l\u00e6ngde<\/li>\n<li>Monolitisk design<\/li>\n<li>Installation med medf\u00f8lgende udstyr<\/li>\n<li>Varmeafledende egenskaber<\/li>\n<\/ul>\n<p>Denne h\u00e5ndst\u00f8tte er til MP5\u00ae. Den giver mulighed for at montere tilbeh\u00f8r og kan p\u00e5virke h\u00e5ndtering.<\/p>\n<\/div>\n","protected":false},"excerpt":{"rendered":"<p>UTG PRO\u00ae Forl\u00e6nget M-LOK\u00ae H\u00e5ndst\u00f8tte til MP5\u00ae: Holdbar, alsidig, pr\u00e6cisionsfremstillet.<\/p>\n","protected":false},"featured_media":745403,"template":"","meta":{"_acf_changed":false},"product_brand":[14402],"product_cat":[14793,13139,13100,13153],"product_tag":[],"class_list":{"0":"post-536034","1":"product","2":"type-product","3":"status-publish","4":"has-post-thumbnail","6":"product_brand-leapers-inc","7":"product_cat-handbeschermers","8":"product_cat-riffel","9":"product_cat-riffel-tuning","10":"product_cat-skinner","12":"first","13":"instock","14":"taxable","15":"shipping-taxable","16":"purchasable","17":"product-type-simple"},"acf":[],"_links":{"self":[{"href":"https:\/\/nbg.eu\/da\/wp-json\/wp\/v2\/product\/536034","targetHints":{"allow":["GET"]}}],"collection":[{"href":"https:\/\/nbg.eu\/da\/wp-json\/wp\/v2\/product"}],"about":[{"href":"https:\/\/nbg.eu\/da\/wp-json\/wp\/v2\/types\/product"}],"wp:featuredmedia":[{"embeddable":true,"href":"https:\/\/nbg.eu\/da\/wp-json\/wp\/v2\/media\/745403"}],"wp:attachment":[{"href":"https:\/\/nbg.eu\/da\/wp-json\/wp\/v2\/media?parent=536034"}],"wp:term":[{"taxonomy":"product_brand","embeddable":true,"href":"https:\/\/nbg.eu\/da\/wp-json\/wp\/v2\/product_brand?post=536034"},{"taxonomy":"product_cat","embeddable":true,"href":"https:\/\/nbg.eu\/da\/wp-json\/wp\/v2\/product_cat?post=536034"},{"taxonomy":"product_tag","embeddable":true,"href":"https:\/\/nbg.eu\/da\/wp-json\/wp\/v2\/product_tag?post=536034"}],"curies":[{"name":"wp","href":"https:\/\/api.w.org\/{rel}","templated":true}]}}