{"id":536249,"date":"2025-09-05T00:15:54","date_gmt":"2025-09-04T21:15:54","guid":{"rendered":"https:\/\/nbg.eu\/product\/dillon-aluminum-roller-handle\/"},"modified":"2026-01-21T11:59:38","modified_gmt":"2026-01-21T08:59:38","slug":"dillon-aluminum-roller-handle","status":"publish","type":"product","link":"https:\/\/nbg.eu\/da\/vare\/dillon-aluminum-roller-handle\/","title":{"rendered":"Dillon Aluminum Roller Handle"},"content":{"rendered":"<div class=\"product-description\">\n<h2>Dillon Aluminium Rulleh\u00e5ndtag<\/h2>\n<p>Dette aluminium rulleh\u00e5ndtag er designet til at forbedre komfort og effektivitet under lange genladningssessioner.<\/p>\n<ul>\n<li>Kompatibel med RL550, XL750 &amp; 650 ladere<\/li>\n<li>Reducerer operat\u00f8rtr\u00e6thed<\/li>\n<li>Forbedrer f\u00e6ngh\u00e6tteis\u00e6tning<\/li>\n<li>St\u00e6rk og holdbar aluminiumskonstruktion<\/li>\n<li>F\u00e5s i Dillon bl\u00e5<\/li>\n<\/ul>\n<p>Dette tilbeh\u00f8r kan forbedre genladningsprocessen.<\/p>\n<\/div>\n","protected":false},"excerpt":{"rendered":"<p>Ergonomisk aluminiumsh\u00e5ndtag til rulning for j\u00e6vnere genladning. Passer til RL550\/XL750\/650.<\/p>\n","protected":false},"featured_media":496383,"template":"","meta":{"_acf_changed":false},"product_brand":[14332],"product_cat":[13125,13114],"product_tag":[],"class_list":{"0":"post-536249","1":"product","2":"type-product","3":"status-publish","4":"has-post-thumbnail","6":"product_brand-dillon-precision","7":"product_cat-genladning","8":"product_cat-genladningstilbehor","10":"first","11":"outofstock","12":"taxable","13":"shipping-taxable","14":"purchasable","15":"product-type-simple"},"acf":[],"_links":{"self":[{"href":"https:\/\/nbg.eu\/da\/wp-json\/wp\/v2\/product\/536249","targetHints":{"allow":["GET"]}}],"collection":[{"href":"https:\/\/nbg.eu\/da\/wp-json\/wp\/v2\/product"}],"about":[{"href":"https:\/\/nbg.eu\/da\/wp-json\/wp\/v2\/types\/product"}],"wp:featuredmedia":[{"embeddable":true,"href":"https:\/\/nbg.eu\/da\/wp-json\/wp\/v2\/media\/496383"}],"wp:attachment":[{"href":"https:\/\/nbg.eu\/da\/wp-json\/wp\/v2\/media?parent=536249"}],"wp:term":[{"taxonomy":"product_brand","embeddable":true,"href":"https:\/\/nbg.eu\/da\/wp-json\/wp\/v2\/product_brand?post=536249"},{"taxonomy":"product_cat","embeddable":true,"href":"https:\/\/nbg.eu\/da\/wp-json\/wp\/v2\/product_cat?post=536249"},{"taxonomy":"product_tag","embeddable":true,"href":"https:\/\/nbg.eu\/da\/wp-json\/wp\/v2\/product_tag?post=536249"}],"curies":[{"name":"wp","href":"https:\/\/api.w.org\/{rel}","templated":true}]}}