{"id":538417,"date":"2025-09-05T17:36:50","date_gmt":"2025-09-05T14:36:50","guid":{"rendered":"https:\/\/nbg.eu\/product\/ar-15-m16-quick-detach-receiver-end-plate\/"},"modified":"2026-01-21T12:35:07","modified_gmt":"2026-01-21T09:35:07","slug":"ar-15-m16-quick-detach-receiver-end-plate","status":"publish","type":"product","link":"https:\/\/nbg.eu\/da\/vare\/ar-15-m16-quick-detach-receiver-end-plate\/","title":{"rendered":"AR-15\/M16 QUICK DETACH RECEIVER END PLATE"},"content":{"rendered":"<div class=\"product-description\">\n<h2>AR-15\/M16 BCMGUNFIGHTER QD ENDEPLADE<\/h2>\n<p>Tilf\u00f8j en BCMGUNFIGHTER Quick Detach (QD) endeplade til din AR-15 eller M16. Dette tilbeh\u00f8r er designet til at give alsidighed og holdbarhed til dit v\u00e5ben.<\/p>\n<ul>\n<li>Fremstillet af st\u00e5l for langvarig ydeevne<\/li>\n<li>Har et indbygget Quick Disconnect (QD) drejepunkt<\/li>\n<li>Kompatibel med AR-15 og AR-308 platforme<\/li>\n<li>Kan nemt fastg\u00f8res for sikker installation<\/li>\n<li>Fremstillet i USA<\/li>\n<li>Tilg\u00e6ngelig i sort finish<\/li>\n<\/ul>\n<p>BCMGUNFIGHTER QD endepladen muligg\u00f8r hurtig p\u00e5s\u00e6tning og aftagning af remme, hvilket forbedrer h\u00e5ndteringen af din riffel i forskellige situationer. Opgrad\u00e9r din AR-15 eller M16 med denne komponent.<\/p>\n<\/div>\n","protected":false},"excerpt":{"rendered":"<p>St\u00e5l QD-endeplade til AR-15\/M16. Fremstillet i USA, med mulighed for at s\u00e6ttes fast.<\/p>\n","protected":false},"featured_media":497152,"template":"","meta":{"_acf_changed":false},"product_brand":[],"product_cat":[13100],"product_tag":[],"class_list":{"0":"post-538417","1":"product","2":"type-product","3":"status-publish","4":"has-post-thumbnail","6":"product_cat-riffel-tuning","8":"first","9":"instock","10":"taxable","11":"shipping-taxable","12":"purchasable","13":"product-type-simple"},"acf":[],"_links":{"self":[{"href":"https:\/\/nbg.eu\/da\/wp-json\/wp\/v2\/product\/538417","targetHints":{"allow":["GET"]}}],"collection":[{"href":"https:\/\/nbg.eu\/da\/wp-json\/wp\/v2\/product"}],"about":[{"href":"https:\/\/nbg.eu\/da\/wp-json\/wp\/v2\/types\/product"}],"wp:featuredmedia":[{"embeddable":true,"href":"https:\/\/nbg.eu\/da\/wp-json\/wp\/v2\/media\/497152"}],"wp:attachment":[{"href":"https:\/\/nbg.eu\/da\/wp-json\/wp\/v2\/media?parent=538417"}],"wp:term":[{"taxonomy":"product_brand","embeddable":true,"href":"https:\/\/nbg.eu\/da\/wp-json\/wp\/v2\/product_brand?post=538417"},{"taxonomy":"product_cat","embeddable":true,"href":"https:\/\/nbg.eu\/da\/wp-json\/wp\/v2\/product_cat?post=538417"},{"taxonomy":"product_tag","embeddable":true,"href":"https:\/\/nbg.eu\/da\/wp-json\/wp\/v2\/product_tag?post=538417"}],"curies":[{"name":"wp","href":"https:\/\/api.w.org\/{rel}","templated":true}]}}