{"id":539757,"date":"2025-09-05T17:40:49","date_gmt":"2025-09-05T14:40:49","guid":{"rendered":"https:\/\/nbg.eu\/product\/scope-mount-30mm-vortex-pro-series-low-pr30-l\/"},"modified":"2026-01-21T12:26:39","modified_gmt":"2026-01-21T09:26:39","slug":"scope-mount-30mm-vortex-pro-series-low-pr30-l","status":"publish","type":"product","link":"https:\/\/nbg.eu\/da\/vare\/scope-mount-30mm-vortex-pro-series-low-pr30-l\/","title":{"rendered":"Scope mount 30mm Vortex Pro Series LOW PR30-l"},"content":{"rendered":"<h1>Vortex Pro 30mm Lav (0,90&#8243;) Kikkertsigte Ringe PR30-L<\/h1>\n<p>Vortex Pro Series 30mm Lav H\u00f8jde Ringe er beregnet til montering af kikkertsigter. De er fremstillet af 6061 aluminium og designet til at v\u00e6re p\u00e5lidelige og st\u00e6rke.<\/p>\n<h2>Vigtige egenskaber:<\/h2>\n<ul>\n<li>Mat sort anodiseret overflade<\/li>\n<li>Laserindgraverede momentspecifikationer<\/li>\n<li>#8 fastg\u00f8relseselementer til montering<\/li>\n<li>Integreret rekylkant for stabilitet<\/li>\n<li>Kompatibel med Weaver eller Picatinny-skinner<\/li>\n<li>V\u00e6gt p\u00e5 44,8 gram<\/li>\n<\/ul>\n<p>Vortex Pro PR30-L ringe er designet til at holde kikkertsigtet p\u00e5 plads. De er egnet til j\u00e6gere, der s\u00f8ger kvalitet og funktionalitet.<\/p>\n","protected":false},"excerpt":{"rendered":"<p>Holdbare 30mm lave ringe til kikkertsigte til Weaver\/Picatinny-skinner. Pr\u00e6cisionsfremstillet.<\/p>\n","protected":false},"featured_media":497566,"template":"","meta":{"_acf_changed":false},"product_brand":[11955],"product_cat":[13115,13090],"product_tag":[],"class_list":{"0":"post-539757","1":"product","2":"type-product","3":"status-publish","4":"has-post-thumbnail","6":"product_brand-vortex","7":"product_cat-sigtetilbehor","8":"product_cat-sigtning","10":"first","11":"outofstock","12":"taxable","13":"shipping-taxable","14":"purchasable","15":"product-type-simple"},"acf":[],"_links":{"self":[{"href":"https:\/\/nbg.eu\/da\/wp-json\/wp\/v2\/product\/539757","targetHints":{"allow":["GET"]}}],"collection":[{"href":"https:\/\/nbg.eu\/da\/wp-json\/wp\/v2\/product"}],"about":[{"href":"https:\/\/nbg.eu\/da\/wp-json\/wp\/v2\/types\/product"}],"wp:featuredmedia":[{"embeddable":true,"href":"https:\/\/nbg.eu\/da\/wp-json\/wp\/v2\/media\/497566"}],"wp:attachment":[{"href":"https:\/\/nbg.eu\/da\/wp-json\/wp\/v2\/media?parent=539757"}],"wp:term":[{"taxonomy":"product_brand","embeddable":true,"href":"https:\/\/nbg.eu\/da\/wp-json\/wp\/v2\/product_brand?post=539757"},{"taxonomy":"product_cat","embeddable":true,"href":"https:\/\/nbg.eu\/da\/wp-json\/wp\/v2\/product_cat?post=539757"},{"taxonomy":"product_tag","embeddable":true,"href":"https:\/\/nbg.eu\/da\/wp-json\/wp\/v2\/product_tag?post=539757"}],"curies":[{"name":"wp","href":"https:\/\/api.w.org\/{rel}","templated":true}]}}