{"id":539868,"date":"2025-09-05T17:40:49","date_gmt":"2025-09-05T14:40:49","guid":{"rendered":"https:\/\/nbg.eu\/product\/badger-ordnance-c1-coaxial-laser-integration-fixture-9-slot-rail-black-700-20b\/"},"modified":"2026-01-21T12:07:04","modified_gmt":"2026-01-21T09:07:04","slug":"badger-ordnance-c1-coaxial-laser-integration-fixture-9-slot-rail-black-700-20b","status":"publish","type":"product","link":"https:\/\/nbg.eu\/da\/vare\/badger-ordnance-c1-coaxial-laser-integration-fixture-9-slot-rail-black-700-20b\/","title":{"rendered":"BADGER ORDNANCE C1 COAXIAL LASER INTEGRATION FIXTURE 9 SLOT RAIL BLACK (700-20B)"},"content":{"rendered":"<div class=\"product-description\">\n<h2>BADGER ORDNANCE C1 KOAKSIAL LASER INTEGRATIONS BESLAG 9 SKINNE SORT (700-20B)<\/h2>\n<p>Badger Ordnance 9-skinne CLIF (Koaksial Laser Integrations Beslag). Dette tilbeh\u00f8r er designet til brug med Badger&#8217;s Condition One beslag, til integration af v\u00e5benmonterede laserafstandsm\u00e5lere.<\/p>\n<ul>\n<li>Kompatibel med ARC til montering af lasere og afstandsm\u00e5lere over optik<\/li>\n<li>Monteres uden at fjerne C1 tilbeh\u00f8rsringd\u00e6ksel, bevarer optikkens oprindelige indstilling<\/li>\n<li>9-skinne design til forskellige monteringsmuligheder<\/li>\n<li>Sort finish<\/li>\n<li>Varenummer: 700-20B<\/li>\n<\/ul>\n<p>P\u00e5 lager og klar til afsendelse.<\/p>\n<\/div>\n","protected":false},"excerpt":{"rendered":"<p>BADGER ORDNANCE C1 CLIF: 9-slottet skinne til laserintegration p\u00e5 optik.<\/p>\n","protected":false},"featured_media":497589,"template":"","meta":{"_acf_changed":false},"product_brand":[11078],"product_cat":[14888,13115,13090],"product_tag":[],"class_list":{"0":"post-539868","1":"product","2":"type-product","3":"status-publish","4":"has-post-thumbnail","6":"product_brand-badger-ordnance","7":"product_cat-mounts-da","8":"product_cat-sigtetilbehor","9":"product_cat-sigtning","11":"first","12":"instock","13":"taxable","14":"shipping-taxable","15":"purchasable","16":"product-type-simple"},"acf":[],"_links":{"self":[{"href":"https:\/\/nbg.eu\/da\/wp-json\/wp\/v2\/product\/539868","targetHints":{"allow":["GET"]}}],"collection":[{"href":"https:\/\/nbg.eu\/da\/wp-json\/wp\/v2\/product"}],"about":[{"href":"https:\/\/nbg.eu\/da\/wp-json\/wp\/v2\/types\/product"}],"wp:featuredmedia":[{"embeddable":true,"href":"https:\/\/nbg.eu\/da\/wp-json\/wp\/v2\/media\/497589"}],"wp:attachment":[{"href":"https:\/\/nbg.eu\/da\/wp-json\/wp\/v2\/media?parent=539868"}],"wp:term":[{"taxonomy":"product_brand","embeddable":true,"href":"https:\/\/nbg.eu\/da\/wp-json\/wp\/v2\/product_brand?post=539868"},{"taxonomy":"product_cat","embeddable":true,"href":"https:\/\/nbg.eu\/da\/wp-json\/wp\/v2\/product_cat?post=539868"},{"taxonomy":"product_tag","embeddable":true,"href":"https:\/\/nbg.eu\/da\/wp-json\/wp\/v2\/product_tag?post=539868"}],"curies":[{"name":"wp","href":"https:\/\/api.w.org\/{rel}","templated":true}]}}