{"id":540600,"date":"2025-09-05T17:42:22","date_gmt":"2025-09-05T14:42:22","guid":{"rendered":"https:\/\/nbg.eu\/product\/lyman-pro-trim-die\/"},"modified":"2026-01-21T11:45:38","modified_gmt":"2026-01-21T08:45:38","slug":"lyman-pro-trim-die","status":"publish","type":"product","link":"https:\/\/nbg.eu\/da\/vare\/lyman-pro-trim-die\/","title":{"rendered":"Lyman Pro Trim Die"},"content":{"rendered":"<div class=\"product-description\">\n<h2>Lyman Pro Trim Dies<\/h2>\n<p>Lyman Pro Trim Dies er fremstillet i USA. Disse dies har f\u00f8lgende egenskaber:<\/p>\n<ul>\n<li>Konstrueret af rustfrit st\u00e5l for holdbarhed<\/li>\n<li>7\/8-14 bundgevind, kompatibel med alle Lyman, Mark 7 og andre popul\u00e6re genladningspresser<\/li>\n<li>13\/16-20 topgevind, designet til Lymans pressemonterede trimmer og andre f\u00f8rende muligheder<\/li>\n<li>Garanti for livslang brug p\u00e5 grund af materialer og h\u00e5ndv\u00e6rk<\/li>\n<\/ul>\n<p>Lyman Pro Trim Dies tilbyder pr\u00e6cision og alsidighed i genladningsudstyr. Disse dies giver kvalitet og kompatibilitet til konsistente og n\u00f8jagtige resultater for b\u00e5de erfarne genladere og begyndere.<\/p>\n<\/div>\n","protected":false},"excerpt":{"rendered":"<p>Pr\u00e6cisionsfremstillet amerikansk rustfrit st\u00e5l matrice til hylstertrimning. Kompatibel med presse.<\/p>\n","protected":false},"featured_media":497822,"template":"","meta":{"_acf_changed":false},"product_brand":[11266],"product_cat":[13125,13114],"product_tag":[],"class_list":{"0":"post-540600","1":"product","2":"type-product","3":"status-publish","4":"has-post-thumbnail","6":"product_brand-doublealpha","7":"product_cat-genladning","8":"product_cat-genladningstilbehor","10":"first","11":"outofstock","12":"taxable","13":"shipping-taxable","14":"purchasable","15":"product-type-simple"},"acf":[],"_links":{"self":[{"href":"https:\/\/nbg.eu\/da\/wp-json\/wp\/v2\/product\/540600","targetHints":{"allow":["GET"]}}],"collection":[{"href":"https:\/\/nbg.eu\/da\/wp-json\/wp\/v2\/product"}],"about":[{"href":"https:\/\/nbg.eu\/da\/wp-json\/wp\/v2\/types\/product"}],"wp:featuredmedia":[{"embeddable":true,"href":"https:\/\/nbg.eu\/da\/wp-json\/wp\/v2\/media\/497822"}],"wp:attachment":[{"href":"https:\/\/nbg.eu\/da\/wp-json\/wp\/v2\/media?parent=540600"}],"wp:term":[{"taxonomy":"product_brand","embeddable":true,"href":"https:\/\/nbg.eu\/da\/wp-json\/wp\/v2\/product_brand?post=540600"},{"taxonomy":"product_cat","embeddable":true,"href":"https:\/\/nbg.eu\/da\/wp-json\/wp\/v2\/product_cat?post=540600"},{"taxonomy":"product_tag","embeddable":true,"href":"https:\/\/nbg.eu\/da\/wp-json\/wp\/v2\/product_tag?post=540600"}],"curies":[{"name":"wp","href":"https:\/\/api.w.org\/{rel}","templated":true}]}}