{"id":540704,"date":"2025-09-05T17:42:23","date_gmt":"2025-09-05T14:42:23","guid":{"rendered":"https:\/\/nbg.eu\/product\/zco-throw-lever\/"},"modified":"2026-01-21T11:39:58","modified_gmt":"2026-01-21T08:39:58","slug":"zco-throw-lever","status":"publish","type":"product","link":"https:\/\/nbg.eu\/da\/vare\/zco-throw-lever\/","title":{"rendered":"ZCO &#8211; Throw Lever"},"content":{"rendered":"<h1>ZCO &#8211; Kastearm<\/h1>\n<p>ZCO Kastearmen er designet specifikt til Zero Compromise Optic pr\u00e6cisionskikkertsigte. Dette tilbeh\u00f8r integreres med kikkertsigtets okularhus og giver kontrol til hurtige forst\u00f8rrelsesjusteringer under m\u00e5lengagementer.<\/p>\n<h2>Hovedfunktioner:<\/h2>\n<ul>\n<li>Fr\u00e6set af et enkelt stykke 7075-T6 aluminium<\/li>\n<li>Sandbl\u00e6st og h\u00e5rd anodiseret for holdbarhed<\/li>\n<li>Enkel design for nem installation<\/li>\n<li>Justerbar positionering p\u00e5 kikkertsigtets justeringsring<\/li>\n<li>Matcher ZCO sportkikkertsigternes udseende<\/li>\n<\/ul>\n<p>ZCO Kastearmen muligg\u00f8r hurtigere forst\u00f8rrelsesskift og \u00f8get kontrol, og er tilbeh\u00f8r til skytter, der s\u00f8ger pr\u00e6station i felten.<\/p>\n","protected":false},"excerpt":{"rendered":"<p>ZCO L\u00e5segreb: Hurtig forst\u00f8rrelsesjustering til pr\u00e6cisionssigter.<\/p>\n","protected":false},"featured_media":497845,"template":"","meta":{"_acf_changed":false},"product_brand":[15186],"product_cat":[13103,13115,13090],"product_tag":[],"class_list":{"0":"post-540704","1":"product","2":"type-product","3":"status-publish","4":"has-post-thumbnail","6":"product_brand-zero-compromise-optics","7":"product_cat-forstorret-optik","8":"product_cat-sigtetilbehor","9":"product_cat-sigtning","11":"first","12":"instock","13":"taxable","14":"shipping-taxable","15":"purchasable","16":"product-type-simple"},"acf":[],"_links":{"self":[{"href":"https:\/\/nbg.eu\/da\/wp-json\/wp\/v2\/product\/540704","targetHints":{"allow":["GET"]}}],"collection":[{"href":"https:\/\/nbg.eu\/da\/wp-json\/wp\/v2\/product"}],"about":[{"href":"https:\/\/nbg.eu\/da\/wp-json\/wp\/v2\/types\/product"}],"wp:featuredmedia":[{"embeddable":true,"href":"https:\/\/nbg.eu\/da\/wp-json\/wp\/v2\/media\/497845"}],"wp:attachment":[{"href":"https:\/\/nbg.eu\/da\/wp-json\/wp\/v2\/media?parent=540704"}],"wp:term":[{"taxonomy":"product_brand","embeddable":true,"href":"https:\/\/nbg.eu\/da\/wp-json\/wp\/v2\/product_brand?post=540704"},{"taxonomy":"product_cat","embeddable":true,"href":"https:\/\/nbg.eu\/da\/wp-json\/wp\/v2\/product_cat?post=540704"},{"taxonomy":"product_tag","embeddable":true,"href":"https:\/\/nbg.eu\/da\/wp-json\/wp\/v2\/product_tag?post=540704"}],"curies":[{"name":"wp","href":"https:\/\/api.w.org\/{rel}","templated":true}]}}