{"id":56477,"date":"2024-02-20T23:21:46","date_gmt":"2024-02-20T20:21:46","guid":{"rendered":"https:\/\/nbg.eu\/product\/geissele-super-precision-zero-compromise-scope-mount-36mm-black\/"},"modified":"2026-05-13T16:48:05","modified_gmt":"2026-05-13T13:48:05","slug":"geissele-super-precision-zero-compromise-scope-mount-36mm-black","status":"publish","type":"product","link":"https:\/\/nbg.eu\/da\/vare\/geissele-super-precision-zero-compromise-scope-mount-36mm-black\/","title":{"rendered":"Geissele Sigtemontage Super Precision Zero Compromise 36mm &#8211; Black"},"content":{"rendered":"<div class=\"product-description\">\n<h2>Geissele Super Precision\u00ae &#8211; Kikkertmontering til Zero Compromise, 36mm &#8211; Sort<\/h2>\n<p>Designet til Zero Compromise ZC420 optik-serien. Denne montering er beregnet til langdistance pr\u00e6cisionsskydning. Egenskaber omfatter:<\/p>\n<ul>\n<li>20 MOA (5,7 MIL) indbygget h\u00e6ldning til \u00f8get h\u00f8jdejustering<\/li>\n<li>2,5&#8243; forl\u00e6nget cantilever-design for optimal \u00f8jenafstand<\/li>\n<li>Pr\u00e6cisionsbearbejdede forskydningsstop for stabilitet<\/li>\n<li>1.400 lbs klemkraft med Geisseles opdaterede m\u00f8trik- og boltsystem<\/li>\n<li>Hurtig montering og afmontering med almindeligt v\u00e6rkt\u00f8j<\/li>\n<li>God evne til at vende tilbage til nulpunkt<\/li>\n<li>Kompakt udformning<\/li>\n<\/ul>\n<p>Geissele Super Precision\u00ae Zero Compromise kikkertmontering.<\/p>\n<\/div>\n","protected":false},"excerpt":{"rendered":"<p>Robust 36mm kikkertsigtemontering til ekstrem langdistance pr\u00e6cisionsskydning.<\/p>\n","protected":false},"featured_media":56478,"template":"","meta":{"_acf_changed":false},"product_brand":[11380],"product_cat":[15795,13115,13090],"product_tag":[],"class_list":{"0":"post-56477","1":"product","2":"type-product","3":"status-publish","4":"has-post-thumbnail","6":"product_brand-geissele","7":"product_cat-scope-mounts-da","8":"product_cat-sigtetilbehor","9":"product_cat-sigtning","11":"first","12":"instock","13":"taxable","14":"shipping-taxable","15":"product-type-simple"},"acf":[],"_links":{"self":[{"href":"https:\/\/nbg.eu\/da\/wp-json\/wp\/v2\/product\/56477","targetHints":{"allow":["GET"]}}],"collection":[{"href":"https:\/\/nbg.eu\/da\/wp-json\/wp\/v2\/product"}],"about":[{"href":"https:\/\/nbg.eu\/da\/wp-json\/wp\/v2\/types\/product"}],"wp:featuredmedia":[{"embeddable":true,"href":"https:\/\/nbg.eu\/da\/wp-json\/wp\/v2\/media\/56478"}],"wp:attachment":[{"href":"https:\/\/nbg.eu\/da\/wp-json\/wp\/v2\/media?parent=56477"}],"wp:term":[{"taxonomy":"product_brand","embeddable":true,"href":"https:\/\/nbg.eu\/da\/wp-json\/wp\/v2\/product_brand?post=56477"},{"taxonomy":"product_cat","embeddable":true,"href":"https:\/\/nbg.eu\/da\/wp-json\/wp\/v2\/product_cat?post=56477"},{"taxonomy":"product_tag","embeddable":true,"href":"https:\/\/nbg.eu\/da\/wp-json\/wp\/v2\/product_tag?post=56477"}],"curies":[{"name":"wp","href":"https:\/\/api.w.org\/{rel}","templated":true}]}}