{"id":572775,"date":"2025-10-10T23:44:24","date_gmt":"2025-10-10T20:44:24","guid":{"rendered":"https:\/\/nbg.eu\/product\/e-arthur-brown-company-inc-knob-s-lever-for-harris-type-bipods\/"},"modified":"2026-01-21T11:49:00","modified_gmt":"2026-01-21T08:49:00","slug":"e-arthur-brown-company-inc-knob-s-lever-for-harris-type-bipods","status":"publish","type":"product","link":"https:\/\/nbg.eu\/da\/vare\/e-arthur-brown-company-inc-knob-s-lever-for-harris-type-bipods\/","title":{"rendered":"E. ARTHUR BROWN COMPANY, INC. KNOB S-LEVER FOR HARRIS-TYPE BIPODS"},"content":{"rendered":"<h2>E. Arthur Brown Company S-Lever\u00ae Sp\u00e6nder<\/h2>\n<p>Opgrader din Harris-type eller Caldwell XLA bipod med S-Lever\u00ae Sp\u00e6nderen. Denne erstatning for den standard friktionsknap tilbyder:<\/p>\n<ul>\n<li>Forbedret kontrol og greb til justering af h\u00e6ldning<\/li>\n<li>Mulighed for finjustering til pr\u00e6cis positionering<\/li>\n<li>Konstruktion af fiberforst\u00e6rket nylon<\/li>\n<li>Design der b\u00f8jer eller br\u00e6kker under ekstrem belastning<\/li>\n<li>Nem installation med medf\u00f8lgende instruktioner<\/li>\n<li>Fremstillet i USA<\/li>\n<\/ul>\n<p>Designet til S-Type Harris og Caldwell XLA bipoder, sikrer denne sorte aluminiumsh\u00e5ndtag hurtige bipod-justeringer i felten. E. Arthur Brown Company S-Lever\u00ae Sp\u00e6nder.<\/p>\n","protected":false},"excerpt":{"rendered":"<p>Ergonomisk S-h\u00e5ndtag til nem justering af tilt p\u00e5 Harris-lignende tovbensst\u00f8tter.<\/p>\n","protected":false},"featured_media":572882,"template":"","meta":{"_acf_changed":false},"product_brand":[14358],"product_cat":[13118],"product_tag":[],"class_list":{"0":"post-572775","1":"product","2":"type-product","3":"status-publish","4":"has-post-thumbnail","6":"product_brand-e-arthur-brown-company-inc","7":"product_cat-bipods","9":"first","10":"instock","11":"taxable","12":"shipping-taxable","13":"purchasable","14":"product-type-simple"},"acf":[],"_links":{"self":[{"href":"https:\/\/nbg.eu\/da\/wp-json\/wp\/v2\/product\/572775","targetHints":{"allow":["GET"]}}],"collection":[{"href":"https:\/\/nbg.eu\/da\/wp-json\/wp\/v2\/product"}],"about":[{"href":"https:\/\/nbg.eu\/da\/wp-json\/wp\/v2\/types\/product"}],"wp:featuredmedia":[{"embeddable":true,"href":"https:\/\/nbg.eu\/da\/wp-json\/wp\/v2\/media\/572882"}],"wp:attachment":[{"href":"https:\/\/nbg.eu\/da\/wp-json\/wp\/v2\/media?parent=572775"}],"wp:term":[{"taxonomy":"product_brand","embeddable":true,"href":"https:\/\/nbg.eu\/da\/wp-json\/wp\/v2\/product_brand?post=572775"},{"taxonomy":"product_cat","embeddable":true,"href":"https:\/\/nbg.eu\/da\/wp-json\/wp\/v2\/product_cat?post=572775"},{"taxonomy":"product_tag","embeddable":true,"href":"https:\/\/nbg.eu\/da\/wp-json\/wp\/v2\/product_tag?post=572775"}],"curies":[{"name":"wp","href":"https:\/\/api.w.org\/{rel}","templated":true}]}}